      {"id":1027,"date":"2017-02-14T16:48:30","date_gmt":"2017-02-14T15:48:30","guid":{"rendered":"http:\/\/43611-1-51f40e-01.services.oktawave.com\/what-we-do\/konflikty-i-kataklizmy\/"},"modified":"2018-05-10T12:35:21","modified_gmt":"2018-05-10T10:35:21","slug":"conflicts-and-disasters","status":"publish","type":"page","link":"https:\/\/www.pah.org.pl\/en\/what-we-do\/conflicts-and-disasters\/","title":{"rendered":"Conflicts and disasters"},"content":{"rendered":"<div class=\"wpb-content-wrapper\"><p>[vc_row][vc_column]        <h2 class=\"heading__main  heading__main--right heading__main--pink\">conflicts and disasters<a class=\"heading__main-button \" href=\"\/en\/donate\/?form=humanitarian-aid\">donate<\/a><\/h2>\n[\/vc_column][\/vc_row][vc_row full_width=&#8221;stretch_row_content_no_spaces&#8221;][vc_column]\n        <div class=\"gallery gallery\">\n\n          <div class=\"gallery__wrapper\">\n            <div class=\"gallery__check-width grid\">\n\n                \n        <div class=\"gallery__image gallery__image--text grid-item gallery__image-color--pink gallery__image--high\">\n            <img decoding=\"async\" src=\"https:\/\/www.pah.org.pl\/wp-content\/uploads\/2017\/06\/2017-galeria-konflikty-kataklizmy-pah-01.jpg\" alt=\"\">\n            <div class=\"gallery__image__description\">\n                Wanding, Southern Sudan, 2016. PAH Emergency Response Team reached Wanding, Upper Nile. There were thousands of internally displaced persons who fled their homes as a result of the ongoing armed conflict. PAH staff examined the water in wells, water containers and surrounding river. The results showed that the water in both the river and the containers used by the community was contaminated and its use was hazardous to health. Photo: PAH.            <\/div>\n        <\/div>\n\n      \n        <div class=\"gallery__image gallery__image--text grid-item gallery__image-color--pink \">\n            <img decoding=\"async\" src=\"https:\/\/www.pah.org.pl\/wp-content\/uploads\/2017\/06\/2017-galeria-kim-jestesmy-nasza-wiarygodnosc-maciej-moskwa-05.jpg\" alt=\"\">\n            <div class=\"gallery__image__description\">\n                Mogadishu, Somalia, 2017. PAH provides access to drinking water to internally displaced persons in Mogadishu. Photo: PAH            <\/div>\n        <\/div>\n\n      \n        <div class=\"gallery__image gallery__image--text grid-item gallery__image-color--pink \">\n            <img decoding=\"async\" src=\"https:\/\/www.pah.org.pl\/wp-content\/uploads\/2017\/06\/2017-galeria-konflikty-kataklizmy-maciej-moskwa-01.jpg\" alt=\"\">\n            <div class=\"gallery__image__description\">\n                Mosul, Iraq, January 2017. Providing immediate relief to the people of besieged Mosul. They received food packages, hygiene kits and water. Photo: Maciej Moskwa            <\/div>\n        <\/div>\n\n      \n        <div class=\"gallery__image gallery__image--video grid-item gallery__image--high\">\n            <iframe loading=\"lazy\" src=\"https:\/\/www.youtube.com\/embed\/zYZ1vZYF-tU\" width=\"711\" height=\"400\" frameborder=\"0\" allowfullscreen><\/iframe>\n        <\/div>\n\n      \n        <div class=\"gallery__image gallery__image--text grid-item gallery__image-color--pink gallery__image--high\">\n            <img decoding=\"async\" src=\"https:\/\/www.pah.org.pl\/wp-content\/uploads\/2017\/06\/2017-galeria-konflikty-kataklizmy-pah-02.jpg\" alt=\"\">\n            <div class=\"gallery__image__description\">\n                Idleb, Syria, 2017. Distribution of food packages to internally displaced persons. Photo: PAH            <\/div>\n        <\/div>\n\n      \n        <div class=\"gallery__image gallery__image--text grid-item gallery__image-color--pink \">\n            <img decoding=\"async\" src=\"https:\/\/www.pah.org.pl\/wp-content\/uploads\/2017\/06\/2017-galeria-konflikty-kataklizmy-maciej-moskwa-02.jpg\" alt=\"\">\n            <div class=\"gallery__image__description\">\n                Southern Sudan, 2015. PAH Emergency Response Team during humanitarian intervention. Distribution of non-food items to the population affected as a result of armed conflict. Photo: Maciej Moskwa.            <\/div>\n        <\/div>\n\n      \n        <div class=\"gallery__image gallery__image--text grid-item gallery__image-color--pink \">\n            <img decoding=\"async\" src=\"https:\/\/www.pah.org.pl\/wp-content\/uploads\/2017\/06\/2017-galeria-konflikty-kataklizmy-pah-03.jpg\" alt=\"\">\n            <div class=\"gallery__image__description\">\n                 Mogadishu, Somalia, 2017. Distribution of non-food items to internally displaced persons. Photo: PAH            <\/div>\n        <\/div>\n\n      \n        <div class=\"gallery__image gallery__image--video grid-item gallery__image--high\">\n            <iframe loading=\"lazy\" src=\"https:\/\/www.youtube.com\/embed\/h7E_OSrkQAA\" width=\"711\" height=\"400\" frameborder=\"0\" allowfullscreen><\/iframe>\n        <\/div>\n\n                    <div class=\"article__load-more__center load-more-gallery\">\n                <div class=\"article__load-more\">\n                  <span>Wczytaj<\/span>\n                  <div class=\"loader\">\n                    <span class=\"loader__hourglass\"><\/span>\n                    <span class=\"loader__background\"><\/span>\n                  <\/div>\n                  <span>wi\u0119cej<\/span>\n                <\/div>\n              <\/div>\n\t            \n            <\/div>\n          <\/div>\n\n        <\/div>\n\n        [\/vc_column][\/vc_row][vc_row][vc_column]        <h3 class=\"heading__secondary heading__secondary--pink\">HUMANITARIAN AID<\/h3>\n      <article>\n        <div class=\"article\">\n          <p>When an armed conflict breaks out or a natural disaster strikes, the local community is not always able to react to the crisis on its own. State authorities do not have sufficient funds, the people afflicted by disaster suddenly lose their possessions and are deprived of access to safe drinking water and other resources which they might find useful in a crisis. In such cases, immediate humanitarian response is needed.<\/p>\n<p>People cope with lack of access to safe drinking water, toilets and food. They are without a roof over their heads, they lose their jobs, and they are deprived of their educational and career opportunities. Conflicts and disasters force people to leave their safe homes and to flee and seek shelter far from danger. Shifting frontlines or an unstable socioeconomic situation in the region prevent them from settling safely in one place. Food and water prices\u00a0are rising exorbitantly. Some zones are hardly accessible and very often there is no way of delivering any non-food items to them.<\/p>\n<h6>WHAT DOES THE POLISH HUMANITARIAN ACTION DO?<\/h6>\n<p>Our aim is to provide immediate and effective help to people whose life or health is in danger due to a humanitarian crisis. The principle of humanitarianism, to which we are firmly committed, provides that human suffering must meet with a reaction in any circumstances.<\/p>\n<p>We are engaged in activities intended to immediately provide safe drinking water, food, shelter and the bare essentials to the afflicted people. The effectiveness of our activities is guaranteed by co-operation with local organisations and other relief agencies. This helps streamline the flow of information and ensures fair distribution of humanitarian aid.<\/p>\n<h6>Emergency response to a humanitarian crisis involves, among other things, the provision of:<\/h6>\n<ul>\n<li><strong>basic access to water and hygiene <\/strong>(repair and construction of water take-off points, water trucking, distribution of hygiene kits)<\/li>\n<li><strong>safe shelter <\/strong>(distribution of tents, mattresses, blankets and winter clothes, kits for building temporary shelters)<\/li>\n<li><strong>basic access to food <\/strong>(food baskets)<\/li>\n<li><strong>basic medical care <\/strong>(medicine and hospital equipment)<\/li>\n<\/ul>\n        <\/div>\n        <!-- <div class=\"article__load-more__center\">\n          <div class=\"article__load-more\">\n            <span>Wczytaj<\/span>wi\u0119cej\n            <div class=\"loader loader--is-active\">\n              <span class=\"loader__hourglass\"><\/span>\n              <span class=\"loader__background\"><\/span>\n            <\/div>\n          <\/div>\n        <\/div> -->\n      <\/article>\n              <div class=\"button-container button-container--full button-container--pink\">\n            <a class=\"button button-color button-color--pink\" href=\"\/en\/donate\/?form=humanitarian-aid\">donate<\/a>\n        <\/div>[\/vc_column][\/vc_row][vc_row full_width=&#8221;stretch_row_content_no_spaces&#8221; disable_element=&#8221;yes&#8221;][vc_column][vc_single_image image=&#8221;137&#8243; img_size=&#8221;full&#8221; alignment=&#8221;center&#8221;][\/vc_column][\/vc_row][vc_row disable_element=&#8221;yes&#8221;][vc_column width=&#8221;1\/2&#8243;][vc_column_text]<\/p>\n<h3 class=\"downloads__heading\">Materia\u0142y<\/h3>\n<p class=\"downloads__heading--small\">Pobierz<\/p>\n<p>[\/vc_column_text][\/vc_column][vc_column width=&#8221;1\/2&#8243;]        <div class=\"downloads-container\">\n          <span class=\"red-line red-line--hide\"><\/span>\n            <div class=\"downloads closed\">\n\t            \n\t\t\t\t<div class=\"downloads__scroller closed\">\n\t\t\t\t\t\t\t\t\t<\/div>\n                \n\t            <!-- Load more btn -->\n\t            <div class=\"documents_unhide-all-btn hidden-sm-up\" >\n\t\t            <div class=\"article__load-more__center article__load-more--forms load-more-gallery\">\n\t\t\t            <div class=\"article__load-more\">\n\t\t\t\t            <span>Wczytaj<\/span>\n\t\t\t\t            <div class=\"loader\">\n\t\t\t\t\t            <span class=\"loader__hourglass\"><\/span>\n\t\t\t\t\t            <span class=\"loader__background\"><\/span>\n\t\t\t\t            <\/div>\n\t\t\t\t            <span>wi\u0119cej<\/span>\n\t\t\t            <\/div>\n\t\t            <\/div>\n\t            <\/div>\n\t            <!-- #Load more btn -->\n            \n            <\/div>\n\n        <\/div>\n\n        [\/vc_column][\/vc_row][vc_row][vc_column]        <h3 class=\"heading__secondary heading__secondary--pink\">FIND OUT MORE<\/h3>\n[\/vc_column][\/vc_row][vc_row][vc_column]          <div class=\"gradient-blocks gradient-blocks--slider\" id=\"color-carousel\">\n                  <a href=\"\/en\/water\" title=\"ACCESS TO WATER\" class=\"gradient-blocks__block gradient-blocks__block--pink\" >\n        <div class=\"gradient-blocks__header\">\n          ACCESS TO WATER        <\/div>\n        <hr class=\"gradient-blocks__hr\">\n        <span class=\"gradient-blocks__link\">MORE<\/span>\n      <\/a>\n\n            <a href=\"\/en\/food\" title=\"ACCESS TO FOOD\" class=\"gradient-blocks__block gradient-blocks__block--pink\" >\n        <div class=\"gradient-blocks__header\">\n          ACCESS TO FOOD        <\/div>\n        <hr class=\"gradient-blocks__hr\">\n        <span class=\"gradient-blocks__link\">MORE<\/span>\n      <\/a>\n\n            <a href=\"\/en\/education\" title=\"ACCESS TO EDUCATION\" class=\"gradient-blocks__block gradient-blocks__block--pink\" >\n        <div class=\"gradient-blocks__header\">\n          ACCESS TO EDUCATION        <\/div>\n        <hr class=\"gradient-blocks__hr\">\n        <span class=\"gradient-blocks__link\">MORE<\/span>\n      <\/a>\n\n            <a href=\"\/en\/resources\/#reports\" title=\"REPORTS\" class=\"gradient-blocks__block gradient-blocks__block--pink\" >\n        <div class=\"gradient-blocks__header\">\n          REPORTS        <\/div>\n        <hr class=\"gradient-blocks__hr\">\n        <span class=\"gradient-blocks__link\">MORE<\/span>\n      <\/a>\n\n            <a href=\"\/en\/syria\" title=\"PAH IN SYRIA\" class=\"gradient-blocks__block gradient-blocks__block--pink\" >\n        <div class=\"gradient-blocks__header\">\n          PAH IN SYRIA        <\/div>\n        <hr class=\"gradient-blocks__hr\">\n        <span class=\"gradient-blocks__link\">MORE<\/span>\n      <\/a>\n\n            <a href=\"\/en\/iraq\" title=\"PAH IN IRAQ\" class=\"gradient-blocks__block gradient-blocks__block--pink\" >\n        <div class=\"gradient-blocks__header\">\n          PAH IN IRAQ        <\/div>\n        <hr class=\"gradient-blocks__hr\">\n        <span class=\"gradient-blocks__link\">MORE<\/span>\n      <\/a>\n\n            <a href=\"\/en\/ukraine\" title=\"PAH IN UKRAINE\" class=\"gradient-blocks__block gradient-blocks__block--pink\" >\n        <div class=\"gradient-blocks__header\">\n          PAH IN UKRAINE        <\/div>\n        <hr class=\"gradient-blocks__hr\">\n        <span class=\"gradient-blocks__link\">MORE<\/span>\n      <\/a>\n\n                <\/div>\n          [\/vc_column][\/vc_row][vc_row full_width=&#8221;stretch_row_content_no_spaces&#8221;][vc_column]\n<div class=\"article-slider__wrapper article-slider__wrapper--slick\">\n    <div>\n    <div class=\"article-slider\">\n      <div class=\"article-slider__image\" style=\"background-image: url('https:\/\/www.pah.org.pl\/wp-content\/uploads\/2019\/02\/2019_02_12_projekt_woda_syria_ocha.jpg');\">\n\t\t<div class=\"article-slider__arrow article-slider__arrow--left\" ><span><\/span><\/div>\n\t\t<div class=\"article-slider__arrow article-slider__arrow--right\" ><span><\/span><\/div>\n      <\/div>\n      <div class=\"article-slider__content\">\n        <span class=\"article-slider__content__title\">\n            2018\/2019 &#8211; SYRIA &#8211; WATER        <\/span>\n        <p class=\"article-slider__content__bold\">\n          <p style=\"text-align: left;\"><strong>Project duration:<\/strong>\u00a001.11.2018 \u2013 31.05.2019<\/p>\n<p style=\"text-align: left;\"><strong>Location:<\/strong>\u00a0Idleb region, Syria<\/p>\n<p style=\"text-align: left;\"><strong>Donor<\/strong>: OCHA<\/p>\n<p>&nbsp;<\/p>\n        <\/p>\n        <div class=\"article-slider__content__regular\">\n          <p>Our activities have been addressed to people who were forced to abandon their homes as a result of the armed conflict on the territories of\u00a0Idleb, Hama, and Ghuta. We carry out activities centered around access to water, sanitary infrastructure, and hygiene in IDPs camps. We create new water tanks, we supply water with water trucks, and we provide monitoring of water quality. We take care of the construction and maintenance of adequate sanitation. This project also includes activities consisting of maintaining hygiene promotion, distribution of hygiene packs, and waste management within the IDPs camps.<\/p>\n<p>As a result, aid will be provided to\u00a0<strong>40 913\u00a0people.<\/strong><\/p>\n        <\/div>\n        <div class=\"button-container button-container--full button-container--blue\">\n            <a class=\"button button-color button-color--blue\" href=\"https:\/\/www.pah.org.pl\/en\/20182019-syria-water\/\">More<\/a>\n        <\/div>\n      <\/div>\n    <\/div>\n  <\/div>\n  <div>\n    <div class=\"article-slider\">\n      <div class=\"article-slider__image\" style=\"background-image: url('https:\/\/www.pah.org.pl\/wp-content\/uploads\/2017\/09\/2018_projekt_Syria_NCA_woda.jpeg');\">\n\t\t<div class=\"article-slider__arrow article-slider__arrow--left\" ><span><\/span><\/div>\n\t\t<div class=\"article-slider__arrow article-slider__arrow--right\" ><span><\/span><\/div>\n      <\/div>\n      <div class=\"article-slider__content\">\n        <span class=\"article-slider__content__title\">\n            2018\/2019 \u2013 Syria \u2013 Water        <\/span>\n        <p class=\"article-slider__content__bold\">\n          <p style=\"text-align: left;\"><strong>Project duration:<\/strong>\u00a001.07.2018 \u2013 30.06.2019<\/p>\n<p style=\"text-align: left;\"><strong>Location:<\/strong>\u00a0Idleb, Hama, Aleppo, Syria<\/p>\n<p style=\"text-align: left;\"><strong>Donor<\/strong>:\u00a0<span class=\"st\">Norwegian Church Aid (NCA)<\/span><\/p>\n        <\/p>\n        <div class=\"article-slider__content__regular\">\n          <p>The project scope includes a wide range of activities related to safe water access and adequate sanitation.\u00a0 We build, repair and maintain water supply networks, water tanks and stations, provide water generators and panel. This project also entails good hygiene promotion. <strong>Impact: 113 799 people.<\/strong><\/p>\n        <\/div>\n        <div class=\"button-container button-container--full button-container--blue\">\n            <a class=\"button button-color button-color--blue\" href=\"https:\/\/www.pah.org.pl\/en\/20172018-syria-water-2\/\">More<\/a>\n        <\/div>\n      <\/div>\n    <\/div>\n  <\/div>\n  <div>\n    <div class=\"article-slider\">\n      <div class=\"article-slider__image\" style=\"background-image: url('https:\/\/www.pah.org.pl\/wp-content\/uploads\/2017\/06\/2017-galeria-konflikty-kataklizmy-pah-01.jpg');\">\n\t\t<div class=\"article-slider__arrow article-slider__arrow--left\" ><span><\/span><\/div>\n\t\t<div class=\"article-slider__arrow article-slider__arrow--right\" ><span><\/span><\/div>\n      <\/div>\n      <div class=\"article-slider__content\">\n        <span class=\"article-slider__content__title\">\n            EMERGENCY RESPONSE TEAM        <\/span>\n        <p class=\"article-slider__content__bold\">\n          <p>Our aim is to provide professional humanitarian aid to all those who have been affected by humanitarian crises.Immediate, adequate and effective response is possible thanks to the <strong>Emergency Response Team (ERT)<\/strong>.<\/p>\n<p>&nbsp;<\/p>\n        <\/p>\n        <div class=\"article-slider__content__regular\">\n          <p>It is made up of specialists who are ready to immediately set off for regions affected by a humanitarian crisis. The team members have the knowledge and skills which are indispensable for making an accurate assessment of the needs, for making decisions about what kind of assistance should be provided and for effectively co-ordinating all activities in the places where they work.<\/p>\n        <\/div>\n        <div class=\"button-container button-container--full button-container--blue\">\n            <a class=\"button button-color button-color--blue\" href=\"https:\/\/www.pah.org.pl\/en\/emergency-response-team\/\">More<\/a>\n        <\/div>\n      <\/div>\n    <\/div>\n  <\/div>\n<\/div>\n\n\n<!--\n<div>\n  <div class=\"article-slider\">\n    <div class=\"article-slider__image\">\n      <img decoding=\"async\" src=\"https:\/\/www.pah.org.pl\/wp-content\/themes\/pah\/resources\/assets\/images\/article-placeholder.png\" alt=\"\">\n    <\/div>\n    <div class=\"article-slider__content\">\n      <span class=\"article-slider__content__title\">\n          Lorem ipsum tytu\u0142\n      <\/span>\n      <p class=\"article-slider__content__bold\">Nunc id hendrerit nisi. Nunc porttitor ut elit a iaculis. Curabitur in sem pulvinar, fermentum arcu id, porttitor tellus. Aenean eu vehicula velit. Lorem ipsum dolor sit amet, consectetur adipiscing elit. Sed ultrices ipsum ex.\n      <div class=\"article-slider__content__regular\">\n          <p>Rzesze uchod\u017ac\u00f3w wewn\u0119trznych uciekaj\u0105cych przed tocz\u0105c\u0105 si\u0119 wojn\u0105 gromadz\u0105 si\u0119 w obozach przy wi\u0119kszych o\u015brodkach miejskich, w warunkach poni\u017cej jakichkolwiek przyj\u0119tych standard\u00f3w mieszkaniowych i sanitarnych.<br \/><br \/>do podstawowych szczepie\u0144.\n  Lorem ipsum dolor sit amet, consectetur adipiscing elit. Aenean justo augue, hendrerit sed libero vel, vulputate ornare dolor. Suspendisse est est, egestas vitae. <br \/><br \/> Lorem ipsum s dolor sit amet. Wschodniej cz\u0119\u015bci Afryki. W po\u0142udniowo-centralnej cz\u0119\u015bci kraju nie funkcjonuje system\n  edukacji, a dost\u0119p do opieki lekarskiej jest niezwykle ograniczony.<br \/><br \/> Vivamus sollicitudin porttitor massa in convallis. Aliquam erat volutpat. Quisque pulvinar non nunc scelerisque scelerisque. <\/p>\n      <\/div>\n      <div class=\"button-container button-container--full button-container--blue\">\n          <a class=\"button button-color button-color--blue\" href=\"#\">Wi\u0119cej<\/a>\n      <\/div>\n    <\/div>\n  <\/div>\n<\/div>\n-->\n[\/vc_column][\/vc_row]<\/p>\n<\/div>","protected":false},"excerpt":{"rendered":"<p>[vc_row][vc_column][\/vc_column][\/vc_row][vc_row full_width=&#8221;stretch_row_content_no_spaces&#8221;][vc_column][\/vc_column][\/vc_row][vc_row][vc_column][\/vc_column][\/vc_row][vc_row full_width=&#8221;stretch_row_content_no_spaces&#8221; disable_element=&#8221;yes&#8221;][vc_column][vc_single_image image=&#8221;137&#8243; img_size=&#8221;full&#8221; alignment=&#8221;center&#8221;][\/vc_column][\/vc_row][vc_row disable_element=&#8221;yes&#8221;][vc_column width=&#8221;1\/2&#8243;][vc_column_text] Materia\u0142y Pobierz [\/vc_column_text][\/vc_column][vc_column width=&#8221;1\/2&#8243;][\/vc_column][\/vc_row][vc_row][vc_column][\/vc_column][\/vc_row][vc_row][vc_column][\/vc_column][\/vc_row][vc_row full_width=&#8221;stretch_row_content_no_spaces&#8221;][vc_column][\/vc_column][\/vc_row]<\/p>\n","protected":false},"author":1,"featured_media":0,"parent":659,"menu_order":0,"comment_status":"closed","ping_status":"closed","template":"","meta":{"xn-wppe-expiration":[],"xn-wppe-expiration-action":[],"xn-wppe-expiration-prefix":[],"footnotes":""},"class_list":["post-1027","page","type-page","status-publish","hentry"],"_links":{"self":[{"href":"https:\/\/www.pah.org.pl\/en\/wp-json\/wp\/v2\/pages\/1027"}],"collection":[{"href":"https:\/\/www.pah.org.pl\/en\/wp-json\/wp\/v2\/pages"}],"about":[{"href":"https:\/\/www.pah.org.pl\/en\/wp-json\/wp\/v2\/types\/page"}],"author":[{"embeddable":true,"href":"https:\/\/www.pah.org.pl\/en\/wp-json\/wp\/v2\/users\/1"}],"replies":[{"embeddable":true,"href":"https:\/\/www.pah.org.pl\/en\/wp-json\/wp\/v2\/comments?post=1027"}],"version-history":[{"count":21,"href":"https:\/\/www.pah.org.pl\/en\/wp-json\/wp\/v2\/pages\/1027\/revisions"}],"predecessor-version":[{"id":5314,"href":"https:\/\/www.pah.org.pl\/en\/wp-json\/wp\/v2\/pages\/1027\/revisions\/5314"}],"up":[{"embeddable":true,"href":"https:\/\/www.pah.org.pl\/en\/wp-json\/wp\/v2\/pages\/659"}],"wp:attachment":[{"href":"https:\/\/www.pah.org.pl\/en\/wp-json\/wp\/v2\/media?parent=1027"}],"curies":[{"name":"wp","href":"https:\/\/api.w.org\/{rel}","templated":true}]}}