      {"id":1148,"date":"2017-05-17T11:12:08","date_gmt":"2017-05-17T09:12:08","guid":{"rendered":"http:\/\/43611-1-51f40e-01.services.oktawave.com\/syria\/"},"modified":"2020-03-31T10:56:44","modified_gmt":"2020-03-31T10:56:44","slug":"sossyria","status":"publish","type":"page","link":"https:\/\/www.pah.org.pl\/en\/sossyria\/","title":{"rendered":"Help people from Syria"},"content":{"rendered":"<div class=\"wpb-content-wrapper\"><p>[vc_row][vc_column][vc_column_text]<\/p>\n<p>[\/vc_column_text][\/vc_column][\/vc_row][vc_row][vc_column]        <h2 class=\"heading__main  heading__main--right heading__main--red\">Syria<a class=\"heading__main-button \" href=\"https:\/\/www.pah.org.pl\/wplac\/?form=sossyria\">donate<\/a><\/h2>\n[\/vc_column][\/vc_row][vc_row full_width=&#8221;stretch_row_content_no_spaces&#8221;][vc_column]\n        <div class=\"gallery gallery\">\n\n          <div class=\"gallery__wrapper\">\n            <div class=\"gallery__check-width grid\">\n\n                \n        <div class=\"gallery__image gallery__image--text grid-item gallery__image-color--red gallery__image--high\">\n            <img decoding=\"async\" src=\"https:\/\/www.pah.org.pl\/wp-content\/uploads\/2017\/05\/strona1eng-1024x751.jpg\" alt=\"\">\n            <div class=\"gallery__image__description\">\n                Some 82,000 people are reportedly in open areas, including under trees. These dire conditions are further exacerbated by harsh winter weather across northwest Syria where the coldest days and nights of the current winter season have been observed since last week.             <\/div>\n        <\/div>\n\n      \n        <div class=\"gallery__image gallery__image--text grid-item gallery__image-color--red gallery__image--high\">\n            <img decoding=\"async\" src=\"https:\/\/www.pah.org.pl\/wp-content\/uploads\/2017\/05\/strona2-1-1024x751.jpg\" alt=\"\">\n            <div class=\"gallery__image__description\">\n                The humanitarian situation for people in northwest Syria is at the most critical points due to ongoing hostilities, harsh winter conditions, and existing needs that were already severe.             <\/div>\n        <\/div>\n\n      \n        <div class=\"gallery__image gallery__image--text grid-item gallery__image-color--red gallery__image--high\">\n            <img decoding=\"async\" src=\"https:\/\/www.pah.org.pl\/wp-content\/uploads\/2017\/05\/strona3-1024x751.jpg\" alt=\"\">\n            <div class=\"gallery__image__description\">\n                As many as half of the inhabitants of Idlib are people who had to flee their homes before. They are exhausted by war and life in constant fear. Nearly one million children are in greatest danger, whose lives are always at greatest risk during armed conflict. Phot. Juma Mohammad \/ Zuma Press \/ Forum            <\/div>\n        <\/div>\n\n                    <div class=\"article__load-more__center load-more-gallery\">\n                <div class=\"article__load-more\">\n                  <span>Wczytaj<\/span>\n                  <div class=\"loader\">\n                    <span class=\"loader__hourglass\"><\/span>\n                    <span class=\"loader__background\"><\/span>\n                  <\/div>\n                  <span>wi\u0119cej<\/span>\n                <\/div>\n              <\/div>\n\t            \n            <\/div>\n          <\/div>\n\n        <\/div>\n\n        [\/vc_column][\/vc_row][vc_row][vc_column]        <h3 class=\"heading__secondary heading__secondary--red\">help people from syria<\/h3>\n      <article>\n        <div class=\"article\">\n          <p>People in Syria urgently need our help! War has once again forced them to leave their homes. They need to flee in terrible conditions: below zero temperatures and with no access to food or water.<\/p>\n<p>We may be facing a humanitarian catastrophe on a heretofore unprecedented scale. Intense bombings and shellings have force nearly one million people to flee the regions gripped by war. They are looking for succour in refugee camps, but most of those camps are overcrowded and they cannot accept any more people. Refugees sleep in the streets, under trees, and sometimes even in the fields covered by snow.<\/p>\n<p>The war in Syria has raged for 9 years. The resulting suffering affects the vulnerable people the most: children, women, and the elderly. The humanitarian needs are great. Heavy shellings have paralysed life in the cities. Shops and bakeries are closed. People lack food, water, blankets, warm clothes, and medicine. Most hospitals and clinics have been closed. In the coming days the situation may become even worse.<\/p>\n<p>&nbsp;<\/p>\n<p>WHAT DO WE DO?<\/p>\n<p>PAH responds to the urgent needs of Syrians. The people fleeing the war require shelter, warm meals, and medical care. We need to purchase tents, stoves, and food.<\/p>\n<p>Our permanent mission in Syria begun in 2013. We were providing humanitarian aid in the provinces of Idlib\u00a0and Aleppo. We provided people with access to clean water as well as hygiene kits containing the necessary products. The people whose difficult situation warranted it we provided with food parcels and micro-garden cultivation kits. Children, who suffer the most during any humanitarian crisis, have been provided with special food.<\/p>\n<p>In December 2016, the evacuation of the inhabitants of eastern Aleppo made waves all around the world. Tens of thousands of people we evacuated from the city in a very short amount of time. \u00a0We immediately organised aid for the people reaching the IDP camps. We build latrines, hand washing stations, as well as new water pumping stations. The new arrivals were also provided with food and hygiene product parcels.<\/p>\n        <\/div>\n        <!-- <div class=\"article__load-more__center\">\n          <div class=\"article__load-more\">\n            <span>Wczytaj<\/span>wi\u0119cej\n            <div class=\"loader loader--is-active\">\n              <span class=\"loader__hourglass\"><\/span>\n              <span class=\"loader__background\"><\/span>\n            <\/div>\n          <\/div>\n        <\/div> -->\n      <\/article>\n              <div class=\"button-container button-container--full button-container--red\">\n            <a class=\"button button-color button-color--red\" href=\"https:\/\/www.pah.org.pl\/wplac\/?form=sossyria\">donate<\/a>\n        <\/div>[\/vc_column][\/vc_row][vc_row full_width=&#8221;stretch_row_content_no_spaces&#8221; disable_element=&#8221;yes&#8221;][vc_column][vc_single_image image=&#8221;137&#8243; img_size=&#8221;full&#8221;][\/vc_column][\/vc_row][vc_row disable_element=&#8221;yes&#8221;][vc_column width=&#8221;1\/2&#8243;][vc_column_text]<\/p>\n<h3 class=\"downloads__heading\">Materia\u0142y<\/h3>\n<p class=\"downloads__heading--small\">Pobierz<\/p>\n<p>[\/vc_column_text][\/vc_column][vc_column width=&#8221;1\/2&#8243;]        <div class=\"downloads-container\">\n          <span class=\"red-line red-line--hide\"><\/span>\n            <div class=\"downloads closed\">\n\t            \n\t\t\t\t<div class=\"downloads__scroller closed\">\n\t\t\t\t\t\t\t\t\t<\/div>\n                \n\t            <!-- Load more btn -->\n\t            <div class=\"documents_unhide-all-btn hidden-sm-up\" >\n\t\t            <div class=\"article__load-more__center article__load-more--forms load-more-gallery\">\n\t\t\t            <div class=\"article__load-more\">\n\t\t\t\t            <span>Wczytaj<\/span>\n\t\t\t\t            <div class=\"loader\">\n\t\t\t\t\t            <span class=\"loader__hourglass\"><\/span>\n\t\t\t\t\t            <span class=\"loader__background\"><\/span>\n\t\t\t\t            <\/div>\n\t\t\t\t            <span>wi\u0119cej<\/span>\n\t\t\t            <\/div>\n\t\t            <\/div>\n\t            <\/div>\n\t            <!-- #Load more btn -->\n            \n            <\/div>\n\n        <\/div>\n\n        [\/vc_column][\/vc_row][vc_row full_width=&#8221;stretch_row_content_no_spaces&#8221; disable_element=&#8221;yes&#8221;][vc_column]\n<div class=\"article-slider__wrapper article-slider__wrapper--slick\">\n  <p>Brak artyku\u0142\u00f3w<\/p>\n\n<\/div>\n\n\n<!--\n<div>\n  <div class=\"article-slider\">\n    <div class=\"article-slider__image\">\n      <img decoding=\"async\" src=\"https:\/\/www.pah.org.pl\/wp-content\/themes\/pah\/resources\/assets\/images\/article-placeholder.png\" alt=\"\">\n    <\/div>\n    <div class=\"article-slider__content\">\n      <span class=\"article-slider__content__title\">\n          Lorem ipsum tytu\u0142\n      <\/span>\n      <p class=\"article-slider__content__bold\">Nunc id hendrerit nisi. Nunc porttitor ut elit a iaculis. Curabitur in sem pulvinar, fermentum arcu id, porttitor tellus. Aenean eu vehicula velit. Lorem ipsum dolor sit amet, consectetur adipiscing elit. Sed ultrices ipsum ex.\n      <div class=\"article-slider__content__regular\">\n          <p>Rzesze uchod\u017ac\u00f3w wewn\u0119trznych uciekaj\u0105cych przed tocz\u0105c\u0105 si\u0119 wojn\u0105 gromadz\u0105 si\u0119 w obozach przy wi\u0119kszych o\u015brodkach miejskich, w warunkach poni\u017cej jakichkolwiek przyj\u0119tych standard\u00f3w mieszkaniowych i sanitarnych.<br \/><br \/>do podstawowych szczepie\u0144.\n  Lorem ipsum dolor sit amet, consectetur adipiscing elit. Aenean justo augue, hendrerit sed libero vel, vulputate ornare dolor. Suspendisse est est, egestas vitae. <br \/><br \/> Lorem ipsum s dolor sit amet. Wschodniej cz\u0119\u015bci Afryki. W po\u0142udniowo-centralnej cz\u0119\u015bci kraju nie funkcjonuje system\n  edukacji, a dost\u0119p do opieki lekarskiej jest niezwykle ograniczony.<br \/><br \/> Vivamus sollicitudin porttitor massa in convallis. Aliquam erat volutpat. Quisque pulvinar non nunc scelerisque scelerisque. <\/p>\n      <\/div>\n      <div class=\"button-container button-container--full button-container--blue\">\n          <a class=\"button button-color button-color--blue\" href=\"#\">Wi\u0119cej<\/a>\n      <\/div>\n    <\/div>\n  <\/div>\n<\/div>\n-->\n[\/vc_column][\/vc_row][vc_row][vc_column]\n<div class=\"article-slider__wrapper article-slider__wrapper--slick\">\n    <div>\n    <div class=\"article-slider\">\n      <div class=\"article-slider__image\" style=\"background-image: url('https:\/\/www.pah.org.pl\/wp-content\/uploads\/2020\/02\/sos_syria_watan.jpg');\">\n\t\t<div class=\"article-slider__arrow article-slider__arrow--left\" ><span><\/span><\/div>\n\t\t<div class=\"article-slider__arrow article-slider__arrow--right\" ><span><\/span><\/div>\n      <\/div>\n      <div class=\"article-slider__content\">\n        <span class=\"article-slider__content__title\">\n            2020 &#8211; SYRIA &#8211; EMERGENCY        <\/span>\n        <p class=\"article-slider__content__bold\">\n          <p style=\"text-align: left;\"><strong>Project duration:\u00a0<\/strong>1.03. 2020 \u2013 30.04. 2020<\/p>\n<p style=\"text-align: left;\"><strong>Location:<\/strong>\u00a0Idleb, Syria<\/p>\n<p style=\"text-align: left;\"><strong>Donator:<\/strong> projekt finansowany ze \u015brodk\u00f3w w\u0142asnych organizacji<\/p>\n<p style=\"text-align: left;\"><strong>Local partner:\u00a0<\/strong>WATAN Foundation<\/p>\n        <\/p>\n        <div class=\"article-slider__content__regular\">\n          <div>Our assistance is an emergency response to the humanitarian crisis in northern Syria. The aim of the project is to improve living conditions of the people who had to flee their homes due to the recent military offensive. The project is carried out in the cooperation with our local partner \u2013 WATAN Foundation. Our activities include assistance to the temporary reception centre for the newly internally displaced persons. In the\u00a0reception centre they can stay for 72 hours, receive food and necessary medical assistance, get warm and rest. At the same time their relocation to one of the approved camps located in northern Idlib is organized. Our donation will cover the installation of four new Rubb Halls (framed tents) that will be able to host 160 families at once. We will also establish a field kitchen with necessary equipment. Additionally, we will organize distribution of cooked meals.<strong>\u00a0As a result, 19\u00a0000 people will receive assistance.<\/strong><\/div>\n<div><\/div>\n        <\/div>\n        <div class=\"button-container button-container--full button-container--blue\">\n            <a class=\"button button-color button-color--blue\" href=\"https:\/\/www.pah.org.pl\/en\/2020-syria-emergency\/\">More<\/a>\n        <\/div>\n      <\/div>\n    <\/div>\n  <\/div>\n<\/div>\n\n\n<!--\n<div>\n  <div class=\"article-slider\">\n    <div class=\"article-slider__image\">\n      <img decoding=\"async\" src=\"https:\/\/www.pah.org.pl\/wp-content\/themes\/pah\/resources\/assets\/images\/article-placeholder.png\" alt=\"\">\n    <\/div>\n    <div class=\"article-slider__content\">\n      <span class=\"article-slider__content__title\">\n          Lorem ipsum tytu\u0142\n      <\/span>\n      <p class=\"article-slider__content__bold\">Nunc id hendrerit nisi. Nunc porttitor ut elit a iaculis. Curabitur in sem pulvinar, fermentum arcu id, porttitor tellus. Aenean eu vehicula velit. Lorem ipsum dolor sit amet, consectetur adipiscing elit. Sed ultrices ipsum ex.\n      <div class=\"article-slider__content__regular\">\n          <p>Rzesze uchod\u017ac\u00f3w wewn\u0119trznych uciekaj\u0105cych przed tocz\u0105c\u0105 si\u0119 wojn\u0105 gromadz\u0105 si\u0119 w obozach przy wi\u0119kszych o\u015brodkach miejskich, w warunkach poni\u017cej jakichkolwiek przyj\u0119tych standard\u00f3w mieszkaniowych i sanitarnych.<br \/><br \/>do podstawowych szczepie\u0144.\n  Lorem ipsum dolor sit amet, consectetur adipiscing elit. Aenean justo augue, hendrerit sed libero vel, vulputate ornare dolor. Suspendisse est est, egestas vitae. <br \/><br \/> Lorem ipsum s dolor sit amet. Wschodniej cz\u0119\u015bci Afryki. W po\u0142udniowo-centralnej cz\u0119\u015bci kraju nie funkcjonuje system\n  edukacji, a dost\u0119p do opieki lekarskiej jest niezwykle ograniczony.<br \/><br \/> Vivamus sollicitudin porttitor massa in convallis. Aliquam erat volutpat. Quisque pulvinar non nunc scelerisque scelerisque. <\/p>\n      <\/div>\n      <div class=\"button-container button-container--full button-container--blue\">\n          <a class=\"button button-color button-color--blue\" href=\"#\">Wi\u0119cej<\/a>\n      <\/div>\n    <\/div>\n  <\/div>\n<\/div>\n-->\n[\/vc_column][\/vc_row]<\/p>\n<\/div>","protected":false},"excerpt":{"rendered":"<p>[vc_row][vc_column][vc_column_text] [\/vc_column_text][\/vc_column][\/vc_row][vc_row][vc_column][\/vc_column][\/vc_row][vc_row full_width=&#8221;stretch_row_content_no_spaces&#8221;][vc_column][\/vc_column][\/vc_row][vc_row][vc_column][\/vc_column][\/vc_row][vc_row full_width=&#8221;stretch_row_content_no_spaces&#8221; disable_element=&#8221;yes&#8221;][vc_column][vc_single_image image=&#8221;137&#8243; img_size=&#8221;full&#8221;][\/vc_column][\/vc_row][vc_row disable_element=&#8221;yes&#8221;][vc_column width=&#8221;1\/2&#8243;][vc_column_text] Materia\u0142y Pobierz [\/vc_column_text][\/vc_column][vc_column width=&#8221;1\/2&#8243;][\/vc_column][\/vc_row][vc_row full_width=&#8221;stretch_row_content_no_spaces&#8221; disable_element=&#8221;yes&#8221;][vc_column][\/vc_column][\/vc_row][vc_row][vc_column][\/vc_column][\/vc_row]<\/p>\n","protected":false},"author":1,"featured_media":0,"parent":0,"menu_order":0,"comment_status":"closed","ping_status":"closed","template":"","meta":{"xn-wppe-expiration":[],"xn-wppe-expiration-action":[],"xn-wppe-expiration-prefix":[],"footnotes":""},"class_list":["post-1148","page","type-page","status-publish","hentry"],"_links":{"self":[{"href":"https:\/\/www.pah.org.pl\/en\/wp-json\/wp\/v2\/pages\/1148"}],"collection":[{"href":"https:\/\/www.pah.org.pl\/en\/wp-json\/wp\/v2\/pages"}],"about":[{"href":"https:\/\/www.pah.org.pl\/en\/wp-json\/wp\/v2\/types\/page"}],"author":[{"embeddable":true,"href":"https:\/\/www.pah.org.pl\/en\/wp-json\/wp\/v2\/users\/1"}],"replies":[{"embeddable":true,"href":"https:\/\/www.pah.org.pl\/en\/wp-json\/wp\/v2\/comments?post=1148"}],"version-history":[{"count":32,"href":"https:\/\/www.pah.org.pl\/en\/wp-json\/wp\/v2\/pages\/1148\/revisions"}],"predecessor-version":[{"id":9670,"href":"https:\/\/www.pah.org.pl\/en\/wp-json\/wp\/v2\/pages\/1148\/revisions\/9670"}],"wp:attachment":[{"href":"https:\/\/www.pah.org.pl\/en\/wp-json\/wp\/v2\/media?parent=1148"}],"curies":[{"name":"wp","href":"https:\/\/api.w.org\/{rel}","templated":true}]}}