      {"id":1408,"date":"2017-01-30T17:16:23","date_gmt":"2017-01-30T16:16:23","guid":{"rendered":"http:\/\/43611-1-51f40e-01.services.oktawave.com\/about-us\/nasza-wiarygodnosc\/"},"modified":"2020-03-27T10:41:07","modified_gmt":"2020-03-27T10:41:07","slug":"our-accountability","status":"publish","type":"page","link":"https:\/\/www.pah.org.pl\/en\/about-us\/our-accountability\/","title":{"rendered":"Our accountability"},"content":{"rendered":"<div class=\"wpb-content-wrapper\"><p>[vc_row][vc_column]        <h2 class=\"heading__main  heading__main--right heading__main--green\">Our accountability<a class=\"heading__main-button \" href=\"\/en\/resources\/#reports\">reports<\/a><\/h2>\n[\/vc_column][\/vc_row][vc_row full_width=&#8221;stretch_row_content_no_spaces&#8221;][vc_column]\n        <div class=\"gallery gallery\">\n\n          <div class=\"gallery__wrapper\">\n            <div class=\"gallery__check-width grid\">\n\n                \n        <div class=\"gallery__image gallery__image--text grid-item gallery__image-color--orange gallery__image--high\">\n            <img decoding=\"async\" src=\"https:\/\/www.pah.org.pl\/wp-content\/uploads\/2017\/06\/2017-galeria-kim-jestesmy-nasza-wiarygodnosc-maciej-moskwa-01.jpg\" alt=\"\">\n            <div class=\"gallery__image__description\">\n                South Sudan, 2015. Members of the Emergency Response Team distributing hygiene kits to internally displaced persons. Photo by Maciej Moskwa.            <\/div>\n        <\/div>\n\n      \n        <div class=\"gallery__image gallery__image--text grid-item gallery__image-color--orange \">\n            <img decoding=\"async\" src=\"https:\/\/www.pah.org.pl\/wp-content\/uploads\/2017\/06\/2017-galeria-kim-jestesmy-nasza-wiarygodnosc-maciej-moskwa-02.jpg\" alt=\"\">\n            <div class=\"gallery__image__description\">\n                Motot, Jonglei state, South Sudan, May 2015. To ensure an effective and safe distribution of humanitarian aid, the people\u2019s needs must be carefully identified and clear rules must be established. Photo by Maciej Moskwa            <\/div>\n        <\/div>\n\n      \n        <div class=\"gallery__image gallery__image--text grid-item gallery__image-color--orange \">\n            <img decoding=\"async\" src=\"https:\/\/www.pah.org.pl\/wp-content\/uploads\/2017\/06\/2017-galeria-konflikty-kataklizmy-Maciej_Moskwa-04.jpg\" alt=\"\">\n            <div class=\"gallery__image__description\">\n                Mogadishu, Somalia, March 2017. In front of a water kiosk built by PAH in an IDP camp. Photo by Maciej Moskwa            <\/div>\n        <\/div>\n\n      \n        <div class=\"gallery__image gallery__image--video grid-item gallery__image--high\">\n            <iframe loading=\"lazy\" src=\"https:\/\/www.youtube.com\/embed\/cCs7KVRKR_Q\" width=\"711\" height=\"400\" frameborder=\"0\" allowfullscreen><\/iframe>\n        <\/div>\n\n      \n        <div class=\"gallery__image gallery__image--text grid-item gallery__image-color--orange gallery__image--high\">\n            <img decoding=\"async\" src=\"https:\/\/www.pah.org.pl\/wp-content\/uploads\/2017\/06\/2017-galeria-kim-jestesmy-nasza-wiarygodnosc-pah-01.jpg\" alt=\"\">\n            <div class=\"gallery__image__description\">\n                Syria, Idlib province, 2016. PAH\u2019s employees in Syria collecting signatures from families who have received food baskets. Photo by PAH             <\/div>\n        <\/div>\n\n      \n        <div class=\"gallery__image gallery__image--text grid-item gallery__image-color--orange \">\n            <img decoding=\"async\" src=\"https:\/\/www.pah.org.pl\/wp-content\/uploads\/2017\/06\/2017-galeria-kim-jestesmy-nasza-wiarygodnosc-maciej-moskwa-03.jpg\" alt=\"\">\n            <div class=\"gallery__image__description\">\n                Mogadishu, Somalia, March 2017. PAH builds toilets and water take-off points in IDP camps. Photo by Maciej Moskwa            <\/div>\n        <\/div>\n\n      \n        <div class=\"gallery__image gallery__image--text grid-item gallery__image-color--orange \">\n            <img decoding=\"async\" src=\"https:\/\/www.pah.org.pl\/wp-content\/uploads\/2017\/06\/2017-galeria-kim-jestesmy-nasza-wiarygodnosc-pah-02.jpg\" alt=\"\">\n            <div class=\"gallery__image__description\">\n                Turkey, May 2016. The first World Humanitarian Summit in Istanbul. Representatives of PAH and other Polish NGOs at a stand presenting our humanitarian activities. Photo by PAH             <\/div>\n        <\/div>\n\n      \n        <div class=\"gallery__image gallery__image--video grid-item gallery__image--high\">\n            <iframe loading=\"lazy\" src=\"https:\/\/www.youtube.com\/embed\/Uu9BcfmG_EM\" width=\"711\" height=\"400\" frameborder=\"0\" allowfullscreen><\/iframe>\n        <\/div>\n\n                    <div class=\"article__load-more__center load-more-gallery\">\n                <div class=\"article__load-more\">\n                  <span>Wczytaj<\/span>\n                  <div class=\"loader\">\n                    <span class=\"loader__hourglass\"><\/span>\n                    <span class=\"loader__background\"><\/span>\n                  <\/div>\n                  <span>wi\u0119cej<\/span>\n                <\/div>\n              <\/div>\n\t            \n            <\/div>\n          <\/div>\n\n        <\/div>\n\n        [\/vc_column][\/vc_row][vc_row][vc_column]        <h2 class=\"heading__secondary heading__secondary--green\">we value transparency<\/h2>\n      <article>\n        <div class=\"article\">\n          <p>We believe that confidence in an organisation is the prerequisite for providing effective humanitarian aid. <strong>Transparency of our work and pursuing a policy of transparency towards donors are high on our list of priorities<\/strong>. We provide reliable information on our activities and all the sources of financing. Our work is regulated by a number of various policies and internal rules and regulations, and its effectiveness and compliance with our values are constantly monitored.<\/p>\n<p><strong>Reporting: <\/strong>We submit detailed reports on our sources of financing. This helps us win the confidence of individual donors as well as of institutions and firms which provide us with financial support. <strong>All donations are used in accordance with the wishes of the donors and the objectives they have declared<\/strong>. We present regular reports on what the raised funds have been allocated to. These include not only daily reports on PAH\u2019s current activities, but also <strong>annual content-related and financial reports <\/strong>on the organisation\u2019s activities, which are publicly available (see below). Besides, also the Polish law obliges us to make such reports \u2013 as a non-governmental organisation enjoying the status of a public benefit organisation we submit annual reports to the Ministry of Family, Labour and Social Policy as well as to the Ministry of Health.<\/p>\n<p><strong>Internal rules and regulations and internal audits: <\/strong>One of the mainstays of effective humanitarian aid is transparency of the work environment and the highest professionalism. Confidence in an organisation must also be built from the inside. To this end, we have established transparent recruitment procedures as well as other procedures pertaining to our team\u2019s work. We have also adopted specific internal rules and regulations pertaining to: financial operations, purchases, orders, security, reporting, code of ethics and disclosing abuse. All internal processes are examined through internal and external audits. The quality of assistance provided to our beneficiaries is constantly monitored. Our employees and beneficiaries are protected by our non-discrimination policy. Other rules and regulations prevent the risk of financing terrorism and money-laundering. The financial security of our organisation and observance of its regulations are assessed by a financial controller and an internal auditor.<\/p>\n        <\/div>\n        <!-- <div class=\"article__load-more__center\">\n          <div class=\"article__load-more\">\n            <span>Wczytaj<\/span>wi\u0119cej\n            <div class=\"loader loader--is-active\">\n              <span class=\"loader__hourglass\"><\/span>\n              <span class=\"loader__background\"><\/span>\n            <\/div>\n          <\/div>\n        <\/div> -->\n      <\/article>\n              <div class=\"button-container button-container--full button-container--green\">\n            <a class=\"button button-color button-color--green\" href=\"\/en\/resources\/#reports\">reports<\/a>\n        <\/div>[\/vc_column][\/vc_row][vc_row full_width=&#8221;stretch_row_content_no_spaces&#8221; disable_element=&#8221;yes&#8221;][vc_column][vc_single_image image=&#8221;137&#8243; img_size=&#8221;full&#8221; alignment=&#8221;center&#8221;][\/vc_column][\/vc_row][vc_row disable_element=&#8221;yes&#8221;][vc_column width=&#8221;1\/2&#8243;][vc_column_text]<\/p>\n<h3 class=\"downloads__heading\">Materia\u0142y<\/h3>\n<p class=\"downloads__heading--small\">Pobierz<\/p>\n<p>[\/vc_column_text][\/vc_column][vc_column width=&#8221;1\/2&#8243;]        <div class=\"downloads-container\">\n          <span class=\"red-line red-line--hide\"><\/span>\n            <div class=\"downloads closed\">\n\t            \n\t\t\t\t<div class=\"downloads__scroller closed\">\n\t\t\t\t\t\t\t\t\t<\/div>\n                \n\t            <!-- Load more btn -->\n\t            <div class=\"documents_unhide-all-btn hidden-sm-up\" >\n\t\t            <div class=\"article__load-more__center article__load-more--forms load-more-gallery\">\n\t\t\t            <div class=\"article__load-more\">\n\t\t\t\t            <span>Wczytaj<\/span>\n\t\t\t\t            <div class=\"loader\">\n\t\t\t\t\t            <span class=\"loader__hourglass\"><\/span>\n\t\t\t\t\t            <span class=\"loader__background\"><\/span>\n\t\t\t\t            <\/div>\n\t\t\t\t            <span>wi\u0119cej<\/span>\n\t\t\t            <\/div>\n\t\t            <\/div>\n\t            <\/div>\n\t            <!-- #Load more btn -->\n            \n            <\/div>\n\n        <\/div>\n\n        [\/vc_column][\/vc_row][vc_row][vc_column]        <h2 class=\"heading__secondary heading__secondary--green\">find out more<\/h2>\n          <div class=\"gradient-blocks gradient-blocks--slider\" id=\"color-carousel\">\n                  <a href=\"\/en\/resources\/#financial-reports\" title=\"FINANCIAL REPORTS\" class=\"gradient-blocks__block gradient-blocks__block--green\" >\n        <div class=\"gradient-blocks__header\">\n          FINANCIAL REPORTS        <\/div>\n        <hr class=\"gradient-blocks__hr\">\n        <span class=\"gradient-blocks__link\">MORE<\/span>\n      <\/a>\n\n            <a href=\"\/en\/resources\/#reports\" title=\"ANNUAL REPORTS\" class=\"gradient-blocks__block gradient-blocks__block--green\" >\n        <div class=\"gradient-blocks__header\">\n          ANNUAL REPORTS        <\/div>\n        <hr class=\"gradient-blocks__hr\">\n        <span class=\"gradient-blocks__link\">more<\/span>\n      <\/a>\n\n            <a href=\"\/en\/resources\/#safeguarding\" title=\"SAFEGUARDING\" class=\"gradient-blocks__block gradient-blocks__block--green\" >\n        <div class=\"gradient-blocks__header\">\n          SAFEGUARDING        <\/div>\n        <hr class=\"gradient-blocks__hr\">\n        <span class=\"gradient-blocks__link\">more<\/span>\n      <\/a>\n\n            <a href=\"\/en\/resources\" title=\"OTHER DOCUMENTS\" class=\"gradient-blocks__block gradient-blocks__block--green\" >\n        <div class=\"gradient-blocks__header\">\n          OTHER DOCUMENTS        <\/div>\n        <hr class=\"gradient-blocks__hr\">\n        <span class=\"gradient-blocks__link\">wi\u0119cej<\/span>\n      <\/a>\n\n            <a href=\"\/en\/resources\/#projects\" title=\"CURRENT PROJECTS\" class=\"gradient-blocks__block gradient-blocks__block--green\" >\n        <div class=\"gradient-blocks__header\">\n          CURRENT PROJECTS        <\/div>\n        <hr class=\"gradient-blocks__hr\">\n        <span class=\"gradient-blocks__link\">MORE<\/span>\n      <\/a>\n\n            <a href=\"\/en\/about-us\/who-we-are\" title=\"WO WE ARE\" class=\"gradient-blocks__block gradient-blocks__block--green\" >\n        <div class=\"gradient-blocks__header\">\n          WO WE ARE        <\/div>\n        <hr class=\"gradient-blocks__hr\">\n        <span class=\"gradient-blocks__link\">MORE<\/span>\n      <\/a>\n\n            <a href=\"\/en\/about-us\/institutional-donors\" title=\"INSTITUTIONAL DONORS\" class=\"gradient-blocks__block gradient-blocks__block--green\" >\n        <div class=\"gradient-blocks__header\">\n          INSTITUTIONAL DONORS        <\/div>\n        <hr class=\"gradient-blocks__hr\">\n        <span class=\"gradient-blocks__link\">MORE<\/span>\n      <\/a>\n\n            <a href=\"\/en\/about-us\/leadership\" title=\"LEADERSHIP\" class=\"gradient-blocks__block gradient-blocks__block--green\" >\n        <div class=\"gradient-blocks__header\">\n          LEADERSHIP        <\/div>\n        <hr class=\"gradient-blocks__hr\">\n        <span class=\"gradient-blocks__link\">MORE<\/span>\n      <\/a>\n\n            <a href=\"\/about-us\/pah-team\" title=\"PAH TEAM\" class=\"gradient-blocks__block gradient-blocks__block--green\" >\n        <div class=\"gradient-blocks__header\">\n          PAH TEAM        <\/div>\n        <hr class=\"gradient-blocks__hr\">\n        <span class=\"gradient-blocks__link\">more<\/span>\n      <\/a>\n\n                <\/div>\n          [\/vc_column][\/vc_row][vc_row full_width=&#8221;stretch_row_content_no_spaces&#8221;][vc_column]\n<div class=\"article-slider__wrapper article-slider__wrapper--slick\">\n    <div>\n    <div class=\"article-slider\">\n      <div class=\"article-slider__image\" style=\"background-image: url('https:\/\/www.pah.org.pl\/wp-content\/uploads\/2019\/01\/2019_01_Logo_PAH_artykul.jpg');\">\n\t\t<div class=\"article-slider__arrow article-slider__arrow--left\" ><span><\/span><\/div>\n\t\t<div class=\"article-slider__arrow article-slider__arrow--right\" ><span><\/span><\/div>\n      <\/div>\n      <div class=\"article-slider__content\">\n        <span class=\"article-slider__content__title\">\n            Complaints        <\/span>\n        <p class=\"article-slider__content__bold\">\n          <p>In its work, Polish Humanitarian Action as a non-governmental humanitarian organization is guided by values such as neutrality, apoliticism, honesty, reliability, transparency and professionalism. Compliance with the provisions of law and with the above-mentioned values is aimed not only at ensuring the highest quality of aid that we bring to our beneficiaries, but also at ensuring the safety of the foundation.<\/p>\n        <\/p>\n        <div class=\"article-slider__content__regular\">\n          <p style=\"text-align: left;\">A complaint may be submitted, and\u00a0an irregularity\u00a0may be signaled by any person who is in any way connected with PAH or who possesses knowledge about any irregularities or abuse of our employees:<\/p>\n<ul>\n<li style=\"text-align: left;\">beneficiaries who benefit from PAH support and members of the local community in which the organization&#8217;s activities are carried out;<\/li>\n<li style=\"text-align: left;\">PAH employees and voluntary workers;<\/li>\n<li style=\"text-align: left;\">partners supporting PAH and cooperating with PAH;<\/li>\n<li style=\"text-align: left;\">contractors;<\/li>\n<li style=\"text-align: left;\">all other authorities and entities that have\u00a0the knowledge\u00a0about the activities of PAH (e.g. local authorities of a given country, donors, etc.).<\/li>\n<\/ul>\n        <\/div>\n        <div class=\"button-container button-container--full button-container--blue\">\n            <a class=\"button button-color button-color--blue\" href=\"https:\/\/www.pah.org.pl\/en\/complaints\/\">More<\/a>\n        <\/div>\n      <\/div>\n    <\/div>\n  <\/div>\n<\/div>\n\n\n<!--\n<div>\n  <div class=\"article-slider\">\n    <div class=\"article-slider__image\">\n      <img decoding=\"async\" src=\"https:\/\/www.pah.org.pl\/wp-content\/themes\/pah\/resources\/assets\/images\/article-placeholder.png\" alt=\"\">\n    <\/div>\n    <div class=\"article-slider__content\">\n      <span class=\"article-slider__content__title\">\n          Lorem ipsum tytu\u0142\n      <\/span>\n      <p class=\"article-slider__content__bold\">Nunc id hendrerit nisi. Nunc porttitor ut elit a iaculis. Curabitur in sem pulvinar, fermentum arcu id, porttitor tellus. Aenean eu vehicula velit. Lorem ipsum dolor sit amet, consectetur adipiscing elit. Sed ultrices ipsum ex.\n      <div class=\"article-slider__content__regular\">\n          <p>Rzesze uchod\u017ac\u00f3w wewn\u0119trznych uciekaj\u0105cych przed tocz\u0105c\u0105 si\u0119 wojn\u0105 gromadz\u0105 si\u0119 w obozach przy wi\u0119kszych o\u015brodkach miejskich, w warunkach poni\u017cej jakichkolwiek przyj\u0119tych standard\u00f3w mieszkaniowych i sanitarnych.<br \/><br \/>do podstawowych szczepie\u0144.\n  Lorem ipsum dolor sit amet, consectetur adipiscing elit. Aenean justo augue, hendrerit sed libero vel, vulputate ornare dolor. Suspendisse est est, egestas vitae. <br \/><br \/> Lorem ipsum s dolor sit amet. Wschodniej cz\u0119\u015bci Afryki. W po\u0142udniowo-centralnej cz\u0119\u015bci kraju nie funkcjonuje system\n  edukacji, a dost\u0119p do opieki lekarskiej jest niezwykle ograniczony.<br \/><br \/> Vivamus sollicitudin porttitor massa in convallis. Aliquam erat volutpat. Quisque pulvinar non nunc scelerisque scelerisque. <\/p>\n      <\/div>\n      <div class=\"button-container button-container--full button-container--blue\">\n          <a class=\"button button-color button-color--blue\" href=\"#\">Wi\u0119cej<\/a>\n      <\/div>\n    <\/div>\n  <\/div>\n<\/div>\n-->\n[\/vc_column][\/vc_row]<\/p>\n<\/div>","protected":false},"excerpt":{"rendered":"<p>[vc_row][vc_column][\/vc_column][\/vc_row][vc_row full_width=&#8221;stretch_row_content_no_spaces&#8221;][vc_column][\/vc_column][\/vc_row][vc_row][vc_column][\/vc_column][\/vc_row][vc_row full_width=&#8221;stretch_row_content_no_spaces&#8221; disable_element=&#8221;yes&#8221;][vc_column][vc_single_image image=&#8221;137&#8243; img_size=&#8221;full&#8221; alignment=&#8221;center&#8221;][\/vc_column][\/vc_row][vc_row disable_element=&#8221;yes&#8221;][vc_column width=&#8221;1\/2&#8243;][vc_column_text] Materia\u0142y Pobierz [\/vc_column_text][\/vc_column][vc_column width=&#8221;1\/2&#8243;][\/vc_column][\/vc_row][vc_row][vc_column][\/vc_column][\/vc_row][vc_row full_width=&#8221;stretch_row_content_no_spaces&#8221;][vc_column][\/vc_column][\/vc_row]<\/p>\n","protected":false},"author":1,"featured_media":0,"parent":790,"menu_order":0,"comment_status":"closed","ping_status":"closed","template":"","meta":{"xn-wppe-expiration":[],"xn-wppe-expiration-action":[],"xn-wppe-expiration-prefix":[],"footnotes":""},"class_list":["post-1408","page","type-page","status-publish","hentry"],"_links":{"self":[{"href":"https:\/\/www.pah.org.pl\/en\/wp-json\/wp\/v2\/pages\/1408"}],"collection":[{"href":"https:\/\/www.pah.org.pl\/en\/wp-json\/wp\/v2\/pages"}],"about":[{"href":"https:\/\/www.pah.org.pl\/en\/wp-json\/wp\/v2\/types\/page"}],"author":[{"embeddable":true,"href":"https:\/\/www.pah.org.pl\/en\/wp-json\/wp\/v2\/users\/1"}],"replies":[{"embeddable":true,"href":"https:\/\/www.pah.org.pl\/en\/wp-json\/wp\/v2\/comments?post=1408"}],"version-history":[{"count":25,"href":"https:\/\/www.pah.org.pl\/en\/wp-json\/wp\/v2\/pages\/1408\/revisions"}],"predecessor-version":[{"id":9644,"href":"https:\/\/www.pah.org.pl\/en\/wp-json\/wp\/v2\/pages\/1408\/revisions\/9644"}],"up":[{"embeddable":true,"href":"https:\/\/www.pah.org.pl\/en\/wp-json\/wp\/v2\/pages\/790"}],"wp:attachment":[{"href":"https:\/\/www.pah.org.pl\/en\/wp-json\/wp\/v2\/media?parent=1408"}],"curies":[{"name":"wp","href":"https:\/\/api.w.org\/{rel}","templated":true}]}}