      {"id":1990,"date":"2017-01-30T14:52:42","date_gmt":"2017-01-30T13:52:42","guid":{"rendered":"http:\/\/43611-1-51f40e-01.services.oktawave.com\/get-involved\/dla-kazdego\/"},"modified":"2017-10-13T15:04:37","modified_gmt":"2017-10-13T13:04:37","slug":"for-everyone","status":"publish","type":"page","link":"https:\/\/www.pah.org.pl\/en\/get-involved\/for-everyone\/","title":{"rendered":"For everyone"},"content":{"rendered":"<div class=\"wpb-content-wrapper\"><p>[vc_row][vc_column]        <h2 class=\"heading__main  heading__main--right heading__main--orange\">For everyone<a class=\"heading__main-button \" href=\"mailto:pah@pah.org.pl\">contact us<\/a><\/h2>\n[\/vc_column][\/vc_row][vc_row full_width=&#8221;stretch_row_content_no_spaces&#8221;][vc_column]\n        <div class=\"gallery gallery\">\n\n          <div class=\"gallery__wrapper\">\n            <div class=\"gallery__check-width grid\">\n\n                \n        <div class=\"gallery__image gallery__image--text grid-item gallery__image-color--orange gallery__image--high\">\n            <img decoding=\"async\" src=\"https:\/\/www.pah.org.pl\/wp-content\/uploads\/2017\/01\/2017-galeria-zaangazuj-sie-dla-kazdego-pah-07.jpg\" alt=\"\">\n            <div class=\"gallery__image__description\">\n                            <\/div>\n        <\/div>\n\n      \n        <div class=\"gallery__image gallery__image--text grid-item gallery__image-color--orange \">\n            <img decoding=\"async\" src=\"https:\/\/www.pah.org.pl\/wp-content\/uploads\/2017\/05\/06-1024x680.jpg\" alt=\"\">\n            <div class=\"gallery__image__description\">\n                Stoisko Polskiej Akcji Humanitarnej na festiwalu Przystanek Woodstock 2016, fot. PAH            <\/div>\n        <\/div>\n\n      \n        <div class=\"gallery__image gallery__image--text grid-item gallery__image-color--orange \">\n            <img decoding=\"async\" src=\"https:\/\/www.pah.org.pl\/wp-content\/uploads\/2017\/06\/2017-galeria-zaangazuj-sie-dla-kazdego-pah-03.jpg\" alt=\"\">\n            <div class=\"gallery__image__description\">\n                Hover opis lorem ipsum dolor sit amet, consectetur adipiscing elit. Lorem ipsum dolor sit amet, consectetur adipiscing elit. Aliquam at porttitor sem. Aliquam erat volutpat.            <\/div>\n        <\/div>\n\n      \n        <div class=\"gallery__image gallery__image--video grid-item gallery__image--high\">\n            <iframe loading=\"lazy\" src=\"https:\/\/www.youtube.com\/embed\/xoVrJ5Om3Qo\" width=\"711\" height=\"400\" frameborder=\"0\" allowfullscreen><\/iframe>\n        <\/div>\n\n      \n        <div class=\"gallery__image gallery__image--text grid-item gallery__image-color--orange gallery__image--high\">\n            <img decoding=\"async\" src=\"https:\/\/www.pah.org.pl\/wp-content\/uploads\/2017\/06\/2017-galeria-zaangazuj-sie-dla-kazdego-pah-05.jpg\" alt=\"\">\n            <div class=\"gallery__image__description\">\n                Hover opis lorem ipsum dolor sit amet, consectetur adipiscing elit. Lorem ipsum dolor sit amet, consectetur adipiscing elit. Aliquam at porttitor sem. Aliquam erat volutpat. Donec placerat nisl magna, et faucibus arcu condimentum sed. Lorem ipsum dolor sit amet. Aliquam malesuada hendrerit nisl, ut blandit quam tempus id. Vivamus id ipsum nisi. Praesent sed euismod magna.            <\/div>\n        <\/div>\n\n      \n        <div class=\"gallery__image gallery__image--text grid-item gallery__image-color--orange \">\n            <img decoding=\"async\" src=\"https:\/\/www.pah.org.pl\/wp-content\/uploads\/2017\/06\/galeria-dla-szkol-koslicki-01.jpg\" alt=\"\">\n            <div class=\"gallery__image__description\">\n                szkolenie aktywist\u00f3w - wolontariuszy , Krak\u00f3w<br \/>\n            <\/div>\n        <\/div>\n\n      \n        <div class=\"gallery__image gallery__image--text grid-item gallery__image-color--orange \">\n            <img decoding=\"async\" src=\"https:\/\/www.pah.org.pl\/wp-content\/uploads\/2017\/06\/2017-galeria-zaangazuj-sie-dla-kazdego-pah-04.jpg\" alt=\"\">\n            <div class=\"gallery__image__description\">\n                            <\/div>\n        <\/div>\n\n      \n        <div class=\"gallery__image gallery__image--video grid-item gallery__image--high\">\n            <iframe loading=\"lazy\" src=\"https:\/\/www.youtube.com\/embed\/TEv2NEAxET0\" width=\"711\" height=\"400\" frameborder=\"0\" allowfullscreen><\/iframe>\n        <\/div>\n\n                    <div class=\"article__load-more__center load-more-gallery\">\n                <div class=\"article__load-more\">\n                  <span>Wczytaj<\/span>\n                  <div class=\"loader\">\n                    <span class=\"loader__hourglass\"><\/span>\n                    <span class=\"loader__background\"><\/span>\n                  <\/div>\n                  <span>wi\u0119cej<\/span>\n                <\/div>\n              <\/div>\n\t            \n            <\/div>\n          <\/div>\n\n        <\/div>\n\n        [\/vc_column][\/vc_row][vc_row][vc_column]        <h2 class=\"heading__secondary heading__secondary--orange\">i want to help - what next?<\/h2>\n      <article>\n        <div class=\"article\">\n          <p>We are delighted that you are here! This means that you want to do something good together with us! We believe that thanks to the strength and determination of people like you we can act for the good of those who are badly in need of help!<\/p>\n<p><strong><u>HOW CAN YOU HELP?<\/u><\/strong><\/p>\n<p>You know that you want to help, but you don\u2019t know how? Your willingness is a good start! Now, together with us, see for yourself how you can put it into action and become a PAH activist. The most important thing is to answer a few questions so that you can choose the right path. Decide if you want to act on your own, or if you prefer to band together with some other people to do something cool. Assess how much time you can dedicate to your work \u2013 whether you want to take part in a one-off drive, or get involved in a long-term campaign. Choose if you want to do something in an urban environment, among your friends, at your workplace, or if you prefer to act in a network. When you have made up your mind, you can easily choose the kind of action that will meet all your expectations and will enable you to do something good and have great fun at the same time.<\/p>\n<p>If you want to get a quick overview of how you can collaborate with us to change the world \u2013 continue reading!<\/p>\n        <\/div>\n        <!-- <div class=\"article__load-more__center\">\n          <div class=\"article__load-more\">\n            <span>Wczytaj<\/span>wi\u0119cej\n            <div class=\"loader loader--is-active\">\n              <span class=\"loader__hourglass\"><\/span>\n              <span class=\"loader__background\"><\/span>\n            <\/div>\n          <\/div>\n        <\/div> -->\n      <\/article>\n              <div class=\"button-container button-container--full button-container--orange\">\n            <a class=\"button button-color button-color--orange\" href=\"mailto:pah@pah.org.pl\">contact us<\/a>\n        <\/div>[\/vc_column][\/vc_row][vc_row full_width=&#8221;stretch_row_content_no_spaces&#8221; disable_element=&#8221;yes&#8221;][vc_column][vc_single_image image=&#8221;137&#8243; img_size=&#8221;full&#8221; alignment=&#8221;center&#8221;][\/vc_column][\/vc_row][vc_row disable_element=&#8221;yes&#8221;][vc_column width=&#8221;1\/2&#8243;][vc_column_text]<\/p>\n<h3 class=\"downloads__heading\">Materia\u0142y<\/h3>\n<p class=\"downloads__heading--small\">Pobierz<\/p>\n<p>[\/vc_column_text][\/vc_column][vc_column width=&#8221;1\/2&#8243;]        <div class=\"downloads-container\">\n          <span class=\"red-line red-line--hide\"><\/span>\n            <div class=\"downloads closed\">\n\t            \n\t\t\t\t<div class=\"downloads__scroller closed\">\n\t\t\t\t\t\t\t\t\t<\/div>\n                \n\t            <!-- Load more btn -->\n\t            <div class=\"documents_unhide-all-btn hidden-sm-up\" >\n\t\t            <div class=\"article__load-more__center article__load-more--forms load-more-gallery\">\n\t\t\t            <div class=\"article__load-more\">\n\t\t\t\t            <span>Wczytaj<\/span>\n\t\t\t\t            <div class=\"loader\">\n\t\t\t\t\t            <span class=\"loader__hourglass\"><\/span>\n\t\t\t\t\t            <span class=\"loader__background\"><\/span>\n\t\t\t\t            <\/div>\n\t\t\t\t            <span>wi\u0119cej<\/span>\n\t\t\t            <\/div>\n\t\t            <\/div>\n\t            <\/div>\n\t            <!-- #Load more btn -->\n            \n            <\/div>\n\n        <\/div>\n\n        [\/vc_column][\/vc_row][vc_row][vc_column]        <h2 class=\"heading__secondary heading__secondary--orange\">fundraise with pah<\/h2>\n          <div class=\"gradient-blocks gradient-blocks--slider\" id=\"color-carousel\">\n                  <a href=\"\/zorganizuj-zbiorke\" title=\"ZORGANIZUJ ZBI\u00d3RK\u0118 PIENI\u0118DZY\" class=\"gradient-blocks__block gradient-blocks__block--orange\" >\n        <div class=\"gradient-blocks__header\">\n          ZORGANIZUJ ZBI\u00d3RK\u0118 PIENI\u0118DZY        <\/div>\n        <hr class=\"gradient-blocks__hr\">\n        <span class=\"gradient-blocks__link\">wi\u0119cej<\/span>\n      <\/a>\n\n            <a href=\"\/zrob-akcje\" title=\"ZR\u00d3B AKCJ\u0118 W MIE\u015aCIE\" class=\"gradient-blocks__block gradient-blocks__block--orange\" >\n        <div class=\"gradient-blocks__header\">\n          ZR\u00d3B AKCJ\u0118 W MIE\u015aCIE        <\/div>\n        <hr class=\"gradient-blocks__hr\">\n        <span class=\"gradient-blocks__link\">wi\u0119cej<\/span>\n      <\/a>\n\n            <a href=\"\/na-sportowo\" title=\"BIEGAJ CHARYTATYWNIE\" class=\"gradient-blocks__block gradient-blocks__block--orange\" >\n        <div class=\"gradient-blocks__header\">\n          BIEGAJ CHARYTATYWNIE        <\/div>\n        <hr class=\"gradient-blocks__hr\">\n        <span class=\"gradient-blocks__link\">wi\u0119cej<\/span>\n      <\/a>\n\n            <a href=\"\/spotkaj-sie-z-nami\" title=\"SPOTKAJ SI\u0118 Z NAMI\" class=\"gradient-blocks__block gradient-blocks__block--orange\" >\n        <div class=\"gradient-blocks__header\">\n          SPOTKAJ SI\u0118 Z NAMI        <\/div>\n        <hr class=\"gradient-blocks__hr\">\n        <span class=\"gradient-blocks__link\">wi\u0119cej<\/span>\n      <\/a>\n\n            <a href=\"\/zorganzuj-wydarzenie\" title=\"ZORGANIZUJ WYDARZENIE\" class=\"gradient-blocks__block gradient-blocks__block--orange\" >\n        <div class=\"gradient-blocks__header\">\n          ZORGANIZUJ WYDARZENIE        <\/div>\n        <hr class=\"gradient-blocks__hr\">\n        <span class=\"gradient-blocks__link\">wi\u0119cej<\/span>\n      <\/a>\n\n            <a href=\"\/podaj-dalej\" title=\"PODAJ DALEJ\" class=\"gradient-blocks__block gradient-blocks__block--orange\" >\n        <div class=\"gradient-blocks__header\">\n          PODAJ DALEJ        <\/div>\n        <hr class=\"gradient-blocks__hr\">\n        <span class=\"gradient-blocks__link\">wi\u0119cej<\/span>\n      <\/a>\n\n            <a href=\"\/wolontariat\" title=\"ZOSTA\u0143 WOLONTARIUSZEM\" class=\"gradient-blocks__block gradient-blocks__block--orange\" >\n        <div class=\"gradient-blocks__header\">\n          ZOSTA\u0143 WOLONTARIUSZEM        <\/div>\n        <hr class=\"gradient-blocks__hr\">\n        <span class=\"gradient-blocks__link\">wi\u0119cej<\/span>\n      <\/a>\n\n                <\/div>\n          [\/vc_column][\/vc_row][vc_row full_width=&#8221;stretch_row_content_no_spaces&#8221;][vc_column]\n<div class=\"article-slider__wrapper article-slider__wrapper--slick\">\n    <div>\n    <div class=\"article-slider\">\n      <div class=\"article-slider__image\" style=\"background-image: url('');\">\n\t\t<div class=\"article-slider__arrow article-slider__arrow--left\" ><span><\/span><\/div>\n\t\t<div class=\"article-slider__arrow article-slider__arrow--right\" ><span><\/span><\/div>\n      <\/div>\n      <div class=\"article-slider__content\">\n        <span class=\"article-slider__content__title\">\n            FUNDRAISE WITH US        <\/span>\n        <p class=\"article-slider__content__bold\">\n          <p>Dowiedz si\u0119, jak w kilku krokach zorganizowa\u0107 w\u0142asn\u0105 zbi\u00f3rk\u0119 pieni\u0119dzy na rzecz Polskiej Akcji Humanitarnej!<\/p>\n        <\/p>\n        <div class=\"article-slider__content__regular\">\n          <p>Niezale\u017cnie od tego, gdzie mieszkasz i czym si\u0119 zajmujesz, mo\u017cesz wpiera\u0107 nasz\u0105 pomoc aktywnie &#8211; organizuj\u0105c zbi\u00f3rki pieni\u0119dzy na wa\u017cne dla Ciebie cele. Je\u015bli chcesz zbiera\u0107 pieni\u0105dze na rzecz Polskiej Akcji Humanitarnej w miejscu publicznym, musisz wyst\u0105pi\u0107 do PAH o zgod\u0119 na przeprowadzenie zbi\u00f3rki, aby zbi\u00f3rka przeprowadzona by\u0142a zgodnie z przepisami prawa polskiego. Nie przejmuj si\u0119, to proste!<\/p>\n        <\/div>\n        <div class=\"button-container button-container--full button-container--blue\">\n            <a class=\"button button-color button-color--blue\" href=\"https:\/\/www.pah.org.pl\/en\/zbiorka-publiczna\/\">More<\/a>\n        <\/div>\n      <\/div>\n    <\/div>\n  <\/div>\n<\/div>\n\n\n<!--\n<div>\n  <div class=\"article-slider\">\n    <div class=\"article-slider__image\">\n      <img decoding=\"async\" src=\"https:\/\/www.pah.org.pl\/wp-content\/themes\/pah\/resources\/assets\/images\/article-placeholder.png\" alt=\"\">\n    <\/div>\n    <div class=\"article-slider__content\">\n      <span class=\"article-slider__content__title\">\n          Lorem ipsum tytu\u0142\n      <\/span>\n      <p class=\"article-slider__content__bold\">Nunc id hendrerit nisi. Nunc porttitor ut elit a iaculis. Curabitur in sem pulvinar, fermentum arcu id, porttitor tellus. Aenean eu vehicula velit. Lorem ipsum dolor sit amet, consectetur adipiscing elit. Sed ultrices ipsum ex.\n      <div class=\"article-slider__content__regular\">\n          <p>Rzesze uchod\u017ac\u00f3w wewn\u0119trznych uciekaj\u0105cych przed tocz\u0105c\u0105 si\u0119 wojn\u0105 gromadz\u0105 si\u0119 w obozach przy wi\u0119kszych o\u015brodkach miejskich, w warunkach poni\u017cej jakichkolwiek przyj\u0119tych standard\u00f3w mieszkaniowych i sanitarnych.<br \/><br \/>do podstawowych szczepie\u0144.\n  Lorem ipsum dolor sit amet, consectetur adipiscing elit. Aenean justo augue, hendrerit sed libero vel, vulputate ornare dolor. Suspendisse est est, egestas vitae. <br \/><br \/> Lorem ipsum s dolor sit amet. Wschodniej cz\u0119\u015bci Afryki. W po\u0142udniowo-centralnej cz\u0119\u015bci kraju nie funkcjonuje system\n  edukacji, a dost\u0119p do opieki lekarskiej jest niezwykle ograniczony.<br \/><br \/> Vivamus sollicitudin porttitor massa in convallis. Aliquam erat volutpat. Quisque pulvinar non nunc scelerisque scelerisque. <\/p>\n      <\/div>\n      <div class=\"button-container button-container--full button-container--blue\">\n          <a class=\"button button-color button-color--blue\" href=\"#\">Wi\u0119cej<\/a>\n      <\/div>\n    <\/div>\n  <\/div>\n<\/div>\n-->\n[\/vc_column][\/vc_row]<\/p>\n<\/div>","protected":false},"excerpt":{"rendered":"<p>[vc_row][vc_column][\/vc_column][\/vc_row][vc_row full_width=&#8221;stretch_row_content_no_spaces&#8221;][vc_column][\/vc_column][\/vc_row][vc_row][vc_column][\/vc_column][\/vc_row][vc_row full_width=&#8221;stretch_row_content_no_spaces&#8221; disable_element=&#8221;yes&#8221;][vc_column][vc_single_image image=&#8221;137&#8243; img_size=&#8221;full&#8221; alignment=&#8221;center&#8221;][\/vc_column][\/vc_row][vc_row disable_element=&#8221;yes&#8221;][vc_column width=&#8221;1\/2&#8243;][vc_column_text] Materia\u0142y Pobierz [\/vc_column_text][\/vc_column][vc_column width=&#8221;1\/2&#8243;][\/vc_column][\/vc_row][vc_row][vc_column][\/vc_column][\/vc_row][vc_row full_width=&#8221;stretch_row_content_no_spaces&#8221;][vc_column][\/vc_column][\/vc_row]<\/p>\n","protected":false},"author":1,"featured_media":0,"parent":664,"menu_order":0,"comment_status":"closed","ping_status":"closed","template":"","meta":{"xn-wppe-expiration":[],"xn-wppe-expiration-action":[],"xn-wppe-expiration-prefix":[],"footnotes":""},"class_list":["post-1990","page","type-page","status-publish","hentry"],"_links":{"self":[{"href":"https:\/\/www.pah.org.pl\/en\/wp-json\/wp\/v2\/pages\/1990"}],"collection":[{"href":"https:\/\/www.pah.org.pl\/en\/wp-json\/wp\/v2\/pages"}],"about":[{"href":"https:\/\/www.pah.org.pl\/en\/wp-json\/wp\/v2\/types\/page"}],"author":[{"embeddable":true,"href":"https:\/\/www.pah.org.pl\/en\/wp-json\/wp\/v2\/users\/1"}],"replies":[{"embeddable":true,"href":"https:\/\/www.pah.org.pl\/en\/wp-json\/wp\/v2\/comments?post=1990"}],"version-history":[{"count":6,"href":"https:\/\/www.pah.org.pl\/en\/wp-json\/wp\/v2\/pages\/1990\/revisions"}],"predecessor-version":[{"id":3964,"href":"https:\/\/www.pah.org.pl\/en\/wp-json\/wp\/v2\/pages\/1990\/revisions\/3964"}],"up":[{"embeddable":true,"href":"https:\/\/www.pah.org.pl\/en\/wp-json\/wp\/v2\/pages\/664"}],"wp:attachment":[{"href":"https:\/\/www.pah.org.pl\/en\/wp-json\/wp\/v2\/media?parent=1990"}],"curies":[{"name":"wp","href":"https:\/\/api.w.org\/{rel}","templated":true}]}}