{"id":21283,"date":"2024-07-31T14:36:40","date_gmt":"2024-07-31T14:36:40","guid":{"rendered":"https:\/\/www.pah.org.pl\/what-we-do\/wspolpraca-rozwojowa\/"},"modified":"2024-08-21T11:43:50","modified_gmt":"2024-08-21T09:43:50","slug":"development-cooperation","status":"publish","type":"page","link":"https:\/\/www.pah.org.pl\/en\/what-we-do\/development-cooperation\/","title":{"rendered":"Development cooperation"},"content":{"rendered":"<div class=\"wpb-content-wrapper\"><p>[vc_row full_width=&#8221;stretch_row_content_no_spaces&#8221;][vc_column]<section class=\"custom-section breadcrumbs\">\r\n  <div class=\"custom-container\">\r\n    <div class=\"grid-12\">\r\n      <div class=\"breadcrumbs-content color-10\">\r\n        <a href=\"https:\/\/www.pah.org.pl\/en\/\" class=\"custom-link-1\">\r\n          Home        <\/a>\r\n        <span class=\"break-line\">\/<\/span>            <a href=\"https:\/\/www.pah.org.pl\/en\/what-we-do\/\" class=\"custom-link-1\">\r\n              What We Do?            <\/a>\r\n                    <span class=\"break-line\">\/<\/span>        <span class='pagename underline'>\r\n          Development cooperation        <\/span>\r\n      <\/div>\r\n    <\/div>\r\n  <\/div>\r\n<\/section>\r\n[\/vc_column][\/vc_row][vc_row full_width=&#8221;stretch_row_content_no_spaces&#8221;][vc_column]<section class=\"custom-section project\" style=\"background-color: #f2f5fa\">\n  <div class=\"custom-container\">\n    <div class=\"grid-12\">\n      <div class=\"title-container\">\n        <div class=\"title h1-text bold\">\n          Development cooperation        <\/div>\n        <div class=\"text bold\">\n          What is development cooperation? What action does it involve?         <\/div>\n                  <div class=\"color-bar\" style=\"background-color:#ffb412\"><\/div>\n              <\/div>\n              <div class=\"background-image-container\">\n                    <img decoding=\"async\" src=\"https:\/\/www.pah.org.pl\/wp-content\/uploads\/2024\/07\/Wspolpraca_rozwojowa_ikona_kolorowa_samodzielna.svg\" alt=\"\">\n        <\/div>\n            <div class=\"image-container\">\n        <div class=\"image-in\">\n                    <img decoding=\"async\" src=\"https:\/\/www.pah.org.pl\/wp-content\/uploads\/2024\/07\/Wspolpraca-rozwojowa-naglowek-675x330.png\" alt=\"\">\n        <\/div>\n      <\/div>\n    <\/div>\n  <\/div>\n<\/section>[\/vc_column][\/vc_row][vc_row full_width=&#8221;stretch_row_content_no_spaces&#8221;][vc_column]<section\n  class=\"custom-section text-content big-padding-top none-padding-bottom\">\n  <div class=\"custom-container\">\n        <div class=\"grid-12\">\n      <div class=\"title h2-text bold\">\n        Development cooperation       <\/div>\n      <div class=\"custom-line\"><\/div>\n      <div class=\"text\">\n        <p><span data-contrast=\"auto\">Development cooperation and aid are various forms of support which are provided to the developing countries with a&nbsp;sufficient financial capital, international organizations, finance organizations and non-government organizations. It may take financial, material and technical forms.&nbsp;<\/span><span data-ccp-props=\"{&quot;201341983&quot;:0,&quot;335551550&quot;:6,&quot;335551620&quot;:6,&quot;335559739&quot;:160,&quot;335559740&quot;:279}\">&nbsp;<\/span><\/p>\n<p><span data-contrast=\"auto\">Development cooperation helps the transitional processes of moving on from humanitarian aid, which by default is considered short-term, to long-term actions for the maintenance of development and peace.<\/span><span data-ccp-props=\"{&quot;201341983&quot;:0,&quot;335551550&quot;:6,&quot;335551620&quot;:6,&quot;335559739&quot;:160,&quot;335559740&quot;:279}\">&nbsp;<\/span><\/p>\n      <\/div>\n          <\/div>\n  <\/div>\n<\/section><section\n  class=\"custom-section text-content small-padding-top none-padding-bottom\">\n  <div class=\"custom-container\">\n          <div class=\"image-in\">\n                <img decoding=\"async\" src=\"https:\/\/www.pah.org.pl\/wp-content\/uploads\/2024\/07\/Wspolpraca_rozwojowa_Transparency.svg\" alt=\"\">\n      <\/div>\n        <div class=\"grid-12\">\n      <div class=\"title h4-text medium\">\n        What challenges does development cooperation address?       <\/div>\n      <div class=\"custom-line\"><\/div>\n      <div class=\"text\">\n        <p><span data-contrast=\"auto\">Development cooperation addresses many challenges of the developing countries:&nbsp;<\/span><span data-ccp-props=\"{&quot;201341983&quot;:0,&quot;335551550&quot;:6,&quot;335551620&quot;:6,&quot;335559739&quot;:160,&quot;335559740&quot;:279}\">&nbsp;<\/span><\/p>\n<ul>\n<li><span data-contrast=\"auto\"><strong>Poverty and inequalities:<\/strong>&nbsp;<\/span><span data-contrast=\"auto\">Many developing countries are faced with the issues of social inequalities and a&nbsp;high level of poverty.<\/span><span data-ccp-props=\"{&quot;201341983&quot;:0,&quot;335551550&quot;:6,&quot;335551620&quot;:6,&quot;335559739&quot;:160,&quot;335559740&quot;:279}\">&nbsp;<\/span><\/li>\n<li><span data-contrast=\"auto\"><strong>Healthcare<\/strong>:&nbsp;<\/span><span data-contrast=\"auto\">No access to basic healthcare, high mortality rates of infants, viral diseases and no medical infrastructure.<\/span><span data-ccp-props=\"{&quot;201341983&quot;:0,&quot;335551550&quot;:6,&quot;335551620&quot;:6,&quot;335559739&quot;:160,&quot;335559740&quot;:279}\">&nbsp;<\/span><\/li>\n<li><strong>Education: <\/strong><span data-contrast=\"auto\">Low educational level, no access to schooling, no access to qualified teachers.<\/span><\/li>\n<li><strong>Management of water supplies and the sanitary conditions:&nbsp;<\/strong><span data-contrast=\"auto\">No access to running water and sanitary infrastructure, leading to disease and high mortality rates.<\/span><span data-ccp-props=\"{&quot;201341983&quot;:0,&quot;335551550&quot;:6,&quot;335551620&quot;:6,&quot;335559739&quot;:160,&quot;335559740&quot;:279}\">&nbsp;<\/span><\/li>\n<li><span data-contrast=\"auto\"><strong>Climate change and the state of the environment:<\/strong> <\/span><span data-contrast=\"auto\">Environmental degradation, climate changes, deforestation and the loss of biodiversity<\/span><\/li>\n<li><strong>The state of institutions and government: <\/strong><span data-contrast=\"auto\">Weak institutions, bribery and corruption, weak law.<\/span><\/li>\n<li><strong>The economy: <\/strong><span data-contrast=\"auto\">Low industrialization level, no infrastructure, dependance on natural materials.<\/span><\/li>\n<li><span data-contrast=\"auto\"><strong>Humanitarian crises and conflicts:<\/strong> Wars, armed conflicts, migrations, natural disasters.<\/span><span data-ccp-props=\"{&quot;201341983&quot;:0,&quot;335551550&quot;:6,&quot;335551620&quot;:6,&quot;335559739&quot;:160,&quot;335559740&quot;:279}\">&nbsp;<\/span><\/li>\n<\/ul>\n<p>&nbsp;<\/p>\n<p><span data-contrast=\"auto\">Development cooperation takes the holistic approach, which accounts for various aspects and conditions to promote a&nbsp;constant and balanced development in the entire world.<\/span><span data-ccp-props=\"{&quot;201341983&quot;:0,&quot;335551550&quot;:6,&quot;335551620&quot;:6,&quot;335559739&quot;:160,&quot;335559740&quot;:279}\">&nbsp;<\/span><\/p>\n      <\/div>\n          <\/div>\n  <\/div>\n<\/section><section\n  class=\"custom-section text-content small-padding-top none-padding-bottom\">\n  <div class=\"custom-container\">\n        <div class=\"grid-12\">\n      <div class=\"title h4-text medium\">\n        What does the Polish Humanitarian Action do?       <\/div>\n      <div class=\"custom-line\"><\/div>\n      <div class=\"text\">\n        <p><span data-contrast=\"auto\">When acting within the area of development cooperation, we focus on creating the foundations for the renewal of places in which a&nbsp;crisis has occurred. Development cooperation additionally includes the support of communities \u2013 their economic, educational, healthcare and infrastructure developments. They become, as such, less dependent on humanitarian aid.<\/span><\/p>\n<p>&nbsp;<\/p>\n<p><span data-contrast=\"auto\">A lack of basic materials and inner conflict in communities constitute potential future conflict causes. As such, in the process of development cooperation we help to promote unity in the communities, and joint actions in local communities.<\/span><\/p>\n<p>&nbsp;<\/p>\n<p><strong>In order to reinforce the communities against future crises:&nbsp;<\/strong><\/p>\n<ul>\n<li><span data-contrast=\"auto\">We help in the acquisition of income sources (e.g. via providing courses and trainings)<\/span><span data-ccp-props=\"{&quot;134233117&quot;:false,&quot;134233118&quot;:false,&quot;201341983&quot;:0,&quot;335551550&quot;:6,&quot;335551620&quot;:6,&quot;335559685&quot;:0,&quot;335559737&quot;:0,&quot;335559738&quot;:0,&quot;335559739&quot;:160,&quot;335559740&quot;:279}\">&nbsp;<\/span><\/li>\n<li><span data-contrast=\"auto\">We promote modern agricultural solutions.<\/span><span data-ccp-props=\"{&quot;134233117&quot;:false,&quot;134233118&quot;:false,&quot;201341983&quot;:0,&quot;335551550&quot;:6,&quot;335551620&quot;:6,&quot;335559685&quot;:0,&quot;335559737&quot;:0,&quot;335559738&quot;:0,&quot;335559739&quot;:160,&quot;335559740&quot;:279}\">&nbsp;<\/span><\/li>\n<li><span data-contrast=\"auto\">We support the development of infrastructure (e.g. water conditioning facilities, solar-powered water systems, waterwork networks)<\/span><span data-ccp-props=\"{&quot;134233117&quot;:false,&quot;134233118&quot;:false,&quot;201341983&quot;:0,&quot;335551550&quot;:6,&quot;335551620&quot;:6,&quot;335559685&quot;:0,&quot;335559737&quot;:0,&quot;335559738&quot;:0,&quot;335559739&quot;:160,&quot;335559740&quot;:279}\">&nbsp;<\/span><\/li>\n<\/ul>\n<p>\n      <\/div>\n          <\/div>\n  <\/div>\n<\/section>[\/vc_column][\/vc_row][vc_row full_width=&#8221;stretch_row_content_no_spaces&#8221; disable_element=&#8221;yes&#8221;][vc_column]<section class=\"custom-section chessboard small-padding-top none-padding-bottom\">\n  <div class=\"custom-container\">\n    <div class=\"grid-12\">\n    <div class=\"image-container right\">        \n                    <img decoding=\"async\" src=\"https:\/\/www.pah.org.pl\/wp-content\/uploads\/2023\/10\/hero2-501x340.jpg\" alt=\"\">\n          <div class=\"border\" style=\"border:#009fe3 1px solid\"><\/div>       \n      <\/div>\n      <div class=\"title-container right\">\n        <div class=\"title h2-text bold\">\n          `{`Human story`}`        <\/div>\n        <div class=\"text\">\n          <p><em>Zanim pomoc humanitarna dotar\u0142a do mojej wioski w&nbsp;po\u0142udniowym Sudanie, ka\u017cdy dzie\u0144 by\u0142 dla mnie walk\u0105 o&nbsp;przetrwanie. Razem z&nbsp;innymi dzie\u0107mi musieli\u015bmy codziennie pokonywa\u0107 wielk\u0105 odleg\u0142o\u015b\u0107, by dotrze\u0107 do jedynej studni w&nbsp;okolicy. Niezliczone razy nios\u0142em ci\u0119\u017ckie dzbanki wody na swych niewielkich plecach, wype\u0142niaj\u0105c je w&nbsp;tej zasolonej ziemi. By\u0142o to m\u0119cz\u0105ce zadanie, a&nbsp;ka\u017cdy krok by\u0142 jak walka o&nbsp;kolejny oddech.<\/em><\/p>\n        <\/div>     \n      <\/div>        \n        \n    <\/div>\n  <\/div>\n<\/section><section class=\"custom-section chessboard small-padding-top none-padding-bottom\">\n  <div class=\"custom-container\">\n    <div class=\"grid-12\">\n    <div class=\"image-container left\">        \n                    <img decoding=\"async\" src=\"https:\/\/www.pah.org.pl\/wp-content\/uploads\/2023\/09\/butelka.jpg\" alt=\"\">\n          <div class=\"border\" style=\"border:#009fe3 1px solid\"><\/div>       \n      <\/div>\n      <div class=\"title-container left\">\n        <div class=\"title h2-text bold\">\n          `{`Human story cz.2`}`        <\/div>\n        <div class=\"text\">\n          <p><em>Od momentu, kiedy pomoc nadesz\u0142a i&nbsp;nowa studnia zosta\u0142a zainstalowana, moje \u017cycie zmieni\u0142o si\u0119 nie do poznania. Teraz mog\u0119 zacz\u0105\u0107 chodzi\u0107 do szko\u0142y, poniewa\u017c nie musz\u0119 po\u015bwi\u0119ca\u0107 godzin na noszenie wody. W&nbsp;moich r\u0119kach teraz trzymam ksi\u0105\u017cki zamiast ci\u0119\u017ckich wiader. Jestem wdzi\u0119czny za to, co si\u0119 zmieni\u0142o. Teraz mam szans\u0119 na edukacj\u0119, marzenia i&nbsp;lepsz\u0105 przysz\u0142o\u015b\u0107. Dzi\u0119ki dost\u0119powi do czystej wody, otwieraj\u0105 si\u0119 przede mn\u0105 drzwi do poznawania \u015bwiata, kt\u00f3re wcze\u015bniej wydawa\u0142y si\u0119 by\u0107 zawsze zamkni\u0119te.<\/em><\/p>\n<p>&#8211; Chat GPT z&nbsp;Sudanu Po\u0142udniowego<\/p>\n        <\/div>     \n      <\/div>        \n        \n    <\/div>\n  <\/div>\n<\/section>[\/vc_column][\/vc_row][vc_row full_width=&#8221;stretch_row_content_no_spaces&#8221;][vc_column]\n<section\n  class=\"custom-section section-help small-padding-top none-padding-bottom\">\n  <div class=\"custom-container\">\n    <div class=\"grid-12\">\n              <div class=\"title h2-text bold\">\n          How can you help?        <\/div>\n              <div class=\"content\">\n          <p><span class=\"TextRun SCXW188259733 BCX0\" lang=\"EN-US\" xml:lang=\"EN-US\" data-contrast=\"auto\"><span class=\"NormalTextRun SCXW188259733 BCX0\">Development cooperation actions have a&nbsp;large impact on the lives of the people. Development cooperation is an investment into their agency and independence from humanitarian aid, as well as their healthcare, education, and into leading dignified lives. All of the money donated to PAH can provide a&nbsp;better life for the people whom we aid. <strong>Donate to PAH:<\/strong><\/span><\/span><\/p>\n        <\/div>\n            \r\n<form method=\"post\" class=\"direct-form blue\" action=\"https:\/\/pah.org.pl\/en\/donate?form=im-donating-to-support-pahs-humanitarian-work-around-the-world\" data-form-index=\"0\"\r\n>\r\n    <div class=\"title-form bold\">\r\n        Direct donation:    <\/div>\r\n    <div class=\"donation-container bold\">\r\n        <label for=\"donation-0\">\r\n            <input checked type=\"radio\" name=\"donation\" id=\"donation-0\" value=\"50\">\r\n            50 z\u0142        <\/label>\r\n        <label for=\"donation-1\">\r\n            <input type=\"radio\" name=\"donation\" id=\"donation-1\" value=\"100\">\r\n            100 z\u0142        <\/label>\r\n        <label for=\"donation-2\">\r\n            <input type=\"radio\" name=\"donation\" id=\"donation-2\" value=\"250\">\r\n            250 z\u0142        <\/label>\r\n        <label for=\"donation-custom-0\" class=\"custom-donation-label\">\r\n            <input type=\"radio\" name=\"donation\" id=\"donation-custom-0\" value=\"custom\" class=\"donation-custom-check\">\r\n            <span class=\"custom-donation-text  custom-donation-text-0\">Inna kwota<\/span>\r\n            <input type=\"number\" step=\"1\" id=\"custom-amount-0\" name=\"custom-amount\" placeholder=\"Wpisz kwot\u0119\"\r\n                   min=\"5\" class=\"custom-amount-field\" style=\"display: none;\">\r\n        <\/label>\r\n    <\/div>\r\n    <span class='submit-button custom-link-4 bold'>\r\n        <input type=\"submit\" value=\"WP\u0141A\u0106\" \/>\r\n    <\/span>\r\n<\/form>\r\n\r\n<style type=\"text\/css\">\r\n    .custom-donation-text:before {\r\n        content: none !important;\r\n    }\r\n\r\n    .custom-donation-label {\r\n        position: relative;\r\n        display: inline-block;\r\n    }\r\n\r\n    input.custom-amount-field {\r\n        width: auto;\r\n        max-width: 150px;\r\n        padding: 9px !important;\r\n        border-radius: 4px !important;\r\n        border: 1px solid #ccc !important;\r\n        color: black !important;\r\n        cursor: auto !important;\r\n    }\r\n<\/style>\r\n\r\n\r\n<script type=\"application\/javascript\" >\r\n    jQuery(document).ready(function($) {\r\n        \/\/ Get this specific form by its data attribute\r\n        const formIndex = 0;\r\n        const form = $('.direct-form[data-form-index=\"' + formIndex + '\"]');\r\n\r\n        \/\/ Define all the elements for this specific form\r\n        const allRadios = form.find('input[name=\"donation\"]');\r\n        const customRadio = form.find('#donation-custom-' + formIndex);\r\n        const customAmountInput = form.find('#custom-amount-' + formIndex);\r\n        const customLabel = form.find('.custom-donation-text-' + formIndex);\r\n\r\n\r\n        \/\/ Function to toggle display of custom amount input\r\n        function toggleCustomAmount() {\r\n            if ($('#'+customRadio.prop('id')).is(\":checked\")) {\r\n                customLabel.hide();\r\n                customAmountInput.show();\r\n                customAmountInput.focus();\r\n            } else {\r\n                customLabel.show()\r\n                customAmountInput.hide();\r\n            }\r\n        }\r\n\r\n        customAmountInput.change( function(){\r\n            customRadio.val($(this).val());\r\n        } );\r\n\r\n        \/\/ Add event listeners to all radio buttons\r\n        allRadios.each((index, radio) => {\r\n            $(radio).change(function () {\r\n                if( $(this).is(':checked:not(.donation-custom-check)') ) {\r\n                 $('.donation-custom-check').prop('checked', false);\r\n                }\r\n                toggleCustomAmount();\r\n            } )\r\n        });\r\n\r\n        \/\/ When user clicks on the custom amount input, select the custom radio\r\n        customLabel.click( 'click', function(){\r\n            customRadio.prop('checked', true);\r\n            toggleCustomAmount();\r\n        } )\r\n\r\n        customRadio.click( function(){\r\n            customRadio.prop('checked', true);\r\n            toggleCustomAmount();\r\n        });\r\n\r\n        \/\/ When the form is submitted, update the custom radio value to the entered amount\r\n        form.submit(function(e) {\r\n            if (customRadio.checked) {\r\n                if (customAmountInput.value) {\r\n                    customRadio.value = customAmountInput.value;\r\n                } else {\r\n                    e.preventDefault(); \/\/ Prevent form submission if no amount is entered\r\n                    alert('Prosz\u0119 wpisa\u0107 kwot\u0119');\r\n                }\r\n            }\r\n        });\r\n    });\r\n<\/script>\r\n\r\n    <\/div>\n  <\/div>\n<\/section>\n[vc_empty_space][\/vc_column][\/vc_row][vc_row][vc_column]<section\n  class=\"custom-section slider-page small-padding-top none-padding-bottom\">\n  <div class=\"custom-container\">\n    <div class=\"container-page-in\">\n      <div class=\"grid-12 head\">\n        <div class='title2 h1-text bold'>\n          Our current development cooperation projects        <\/div>\n      <\/div>\n      <div class='slider-container-page'>\n              <\/div>\n    <\/div>\n  <\/div>\n<\/section>[\/vc_column][\/vc_row][vc_row disable_element=&#8221;yes&#8221;][vc_column]<section\n  class=\"custom-section slider-page small-padding-top none-padding-bottom\">\n  <div class=\"custom-container\">\n    <div class=\"container-page-in\">\n      <div class=\"grid-12 head\">\n        <div class='title2 h1-text bold'>\n          Zako\u0144czone projekty w&nbsp;Jemenie        <\/div>\n      <\/div>\n      <div class='slider-container-page'>\n              <\/div>\n    <\/div>\n  <\/div>\n<\/section>[\/vc_column][\/vc_row][vc_row][vc_column]<section class=\"custom-section contact-bar\">\n  <div class=\"custom-container\">\n    <div class=\"grid-12 head\">\n              <div class=\"title h3-text extrabold\">\n          Contact us:        <\/div>\n              <div class=\"desc\">\n          Tell us how we can work even more efficiently. Establish cooperation with us. Let's realize a&nbsp;project together!        <\/div>\n              <div class=\"phone\">\n        <span class=\"phone-desc color-10\">telefon:<\/span>\n          <a href=\"tel:(+48) 22 828 88 82\" class=\"phone-in bold custom-link-6\">(+48) 22 828 88 82<\/a>\n        <\/div>\n              <div class=\"mail\">\n          <span class=\"mail-desc color-10\">mail:<\/span>\n        <a href=\"mailto:pah@pah.org.pl\" class=\"mail-in bold custom-link-6\">pah@pah.org.pl<\/a>\n        <\/div>\n          <\/div>\n  <\/div>\n<\/section>[\/vc_column][\/vc_row]<\/p>\n<\/div>","protected":false},"excerpt":{"rendered":"<p>[vc_row full_width=&#8221;stretch_row_content_no_spaces&#8221;][vc_column][\/vc_column][\/vc_row][vc_row full_width=&#8221;stretch_row_content_no_spaces&#8221;][vc_column][\/vc_column][\/vc_row][vc_row full_width=&#8221;stretch_row_content_no_spaces&#8221;][vc_column][\/vc_column][\/vc_row][vc_row full_width=&#8221;stretch_row_content_no_spaces&#8221; disable_element=&#8221;yes&#8221;][vc_column][\/vc_column][\/vc_row][vc_row full_width=&#8221;stretch_row_content_no_spaces&#8221;][vc_column][vc_empty_space][\/vc_column][\/vc_row][vc_row][vc_column][\/vc_column][\/vc_row][vc_row disable_element=&#8221;yes&#8221;][vc_column][\/vc_column][\/vc_row][vc_row][vc_column][\/vc_column][\/vc_row]<\/p>\n","protected":false},"author":17,"featured_media":20979,"parent":659,"menu_order":0,"comment_status":"closed","ping_status":"closed","template":"","meta":{"xn-wppe-expiration":[],"xn-wppe-expiration-action":[],"xn-wppe-expiration-prefix":[],"footnotes":""},"class_list":["post-21283","page","type-page","status-publish","has-post-thumbnail","hentry"],"_links":{"self":[{"href":"https:\/\/www.pah.org.pl\/en\/wp-json\/wp\/v2\/pages\/21283"}],"collection":[{"href":"https:\/\/www.pah.org.pl\/en\/wp-json\/wp\/v2\/pages"}],"about":[{"href":"https:\/\/www.pah.org.pl\/en\/wp-json\/wp\/v2\/types\/page"}],"author":[{"embeddable":true,"href":"https:\/\/www.pah.org.pl\/en\/wp-json\/wp\/v2\/users\/17"}],"replies":[{"embeddable":true,"href":"https:\/\/www.pah.org.pl\/en\/wp-json\/wp\/v2\/comments?post=21283"}],"version-history":[{"count":2,"href":"https:\/\/www.pah.org.pl\/en\/wp-json\/wp\/v2\/pages\/21283\/revisions"}],"predecessor-version":[{"id":21285,"href":"https:\/\/www.pah.org.pl\/en\/wp-json\/wp\/v2\/pages\/21283\/revisions\/21285"}],"up":[{"embeddable":true,"href":"https:\/\/www.pah.org.pl\/en\/wp-json\/wp\/v2\/pages\/659"}],"wp:featuredmedia":[{"embeddable":true,"href":"https:\/\/www.pah.org.pl\/en\/wp-json\/wp\/v2\/media\/20979"}],"wp:attachment":[{"href":"https:\/\/www.pah.org.pl\/en\/wp-json\/wp\/v2\/media?parent=21283"}],"curies":[{"name":"wp","href":"https:\/\/api.w.org\/{rel}","templated":true}]}}