{"id":21861,"date":"2024-10-01T15:15:33","date_gmt":"2024-10-01T13:15:33","guid":{"rendered":"https:\/\/www.pah.org.pl\/?page_id=21861\/"},"modified":"2024-11-04T13:48:00","modified_gmt":"2024-11-04T12:48:00","slug":"lebanon","status":"publish","type":"page","link":"https:\/\/www.pah.org.pl\/en\/what-we-do\/sos\/lebanon\/","title":{"rendered":"CRISIS IN LEBANON"},"content":{"rendered":"<div class=\"wpb-content-wrapper\"><p>[vc_row][vc_column]<section class=\"custom-section breadcrumbs\">\r\n  <div class=\"custom-container\">\r\n    <div class=\"grid-12\">\r\n      <div class=\"breadcrumbs-content color-10\">\r\n        <a href=\"https:\/\/www.pah.org.pl\/en\/\" class=\"custom-link-1\">\r\n          Home        <\/a>\r\n        <span class=\"break-line\">\/<\/span>            <a href=\"https:\/\/www.pah.org.pl\/en\/what-we-do\/sos\/\" class=\"custom-link-1\">\r\n              Sos            <\/a>\r\n            <span class=\"break-line\">\/<\/span>            <a href=\"https:\/\/www.pah.org.pl\/en\/what-we-do\/\" class=\"custom-link-1\">\r\n              What We Do?            <\/a>\r\n                    <span class=\"break-line\">\/<\/span>        <span class='pagename underline'>\r\n          CRISIS IN LEBANON        <\/span>\r\n      <\/div>\r\n    <\/div>\r\n  <\/div>\r\n<\/section>\r\n[\/vc_column][\/vc_row][vc_row][vc_column]<section class=\"custom-section project\" style=\"background-color: #f2f5fa\">\n  <div class=\"custom-container\">\n    <div class=\"grid-12\">\n      <div class=\"title-container\">\n        <div class=\"title h1-text bold\">\n          Bombs are falling on Lebanon        <\/div>\n        <div class=\"text bold\">\n          The situation in the south of the country is dire and is still developing        <\/div>\n                  <div class=\"color-bar\" style=\"background-color:#e1007d\"><\/div>\n              <\/div>\n            <div class=\"image-container\">\n        <div class=\"image-in\">\n                    <img decoding=\"async\" src=\"https:\/\/www.pah.org.pl\/wp-content\/uploads\/2024\/10\/SOS_LEBANON_EN-1-675x371.png\" alt=\"\">\n        <\/div>\n      <\/div>\n    <\/div>\n  <\/div>\n<\/section>[\/vc_column][\/vc_row][vc_row][vc_column]<section\n  class=\"custom-section article-text small-padding-top none-padding-bottom\">\n  <div class=\"custom-container\">\n    <div class=\"grid-12\">\n      <div class=\"text default-text\">\n        <p><b>The situation in the south of the country is dire! Because of the heavy shelling in recent days, more than 2,500 people died and 12,100 were injured. People are leaving their homes in search of a&nbsp;safe shelter.<\/b><\/p>\n<p><span style=\"font-weight: 400;\">\u00a0<\/span><\/p>\n<p><span style=\"font-weight: 400;\">Because of the conflict with Israel, more than a&nbsp;million people had to flee to save their lives. Among them are Syrian refugees who are once again fleeing war \u2013 many choose to return to their country even though the situation there is volatile. The crisis unfolding before our eyes is yet another blow to Lebanon, whose internal situation is already difficult.<\/span><\/p>\n<p><span style=\"font-weight: 400;\">\u00a0<\/span><\/p>\n<p><span style=\"font-weight: 400;\">Million people are now displaced and each day their access to food, water, and basic medical care is worsening. As the conflict escalates, the number of people in need of humanitarian aid is rapidly growing \u2013 if the two sides don&#8217;t communicate, Lebanon is set to slide into a&nbsp;humanitarian catastrophe of unseen scale.<\/span><\/p>\n      <\/div>\n    <\/div>\n  <\/div>\n<\/section>[\/vc_column][\/vc_row][vc_row][vc_column]<section\n  class=\"custom-section text-content small-padding-top none-padding-bottom\">\n  <div class=\"custom-container\">\n        <div class=\"grid-12\">\n      <div class=\"title h2-text bold\">\n        WHAT ARE WE DOING?      <\/div>\n      <div class=\"custom-line\"><\/div>\n      <div class=\"text\">\n        <p><span style=\"font-weight: 400;\">With our local partner, International Humanitarian Relief Lebanon, we are going to start to help people who have been forced to leave their homes. We will be providing hygiene supplies and psychological support for children and their parents at the temporary residence centres for internally displaced persons in Tripoli in the north of the country. We have already allocated 100,000 dollars to aid the people affected by this crisis.<\/span><\/p>\n<p><span style=\"font-weight: 400;\">\u00a0<\/span><\/p>\n<p><span style=\"font-weight: 400;\">We started working in Lebanon in 2020, after the explosion in the Port of Beirut. For the last 4 years, we have been supporting young people entering the workforce there. Now, the Lebanese once again need our help.<\/span><\/p>\n      <\/div>\n          <\/div>\n  <\/div>\n<\/section><section\n  class=\"custom-section article-custom-slider small-padding-top none-padding-bottom\">\n  <div class=\"custom-container\">\n    <div class=\"grid-12\">\n            <div class='slider-container'>\n            <div class=\"elements-list-container elements-list-type-article-slider elements-anim-type-1\"\r\n        data-count=\"1\" data-rest=\"0\"\r\n        data-move=\"1\" data-dir=\"2\"\r\n        >\r\n                <div class=\"elements-list\">\r\n            <div class=\"elements-group current\">\r\n                                    <div class=\"el\">\r\n                        <div class=\"el-in\">\r\n                              <div class=\"single-img\">\n                    <img decoding=\"async\" src=\"https:\/\/www.pah.org.pl\/wp-content\/uploads\/2024\/09\/EN_01632614_0897-1024x682.jpg\" alt=\"\">       \n  <\/div>\n                          <\/div>\r\n                    <\/div>\r\n                                <\/div>\r\n        <\/div>\r\n            <\/div>\r\n          <\/div>\n    <\/div>\n  <\/div>\n<\/section>[\/vc_column][\/vc_row][vc_row][vc_column]<section\n  class=\"custom-section text-content small-padding-top none-padding-bottom\">\n  <div class=\"custom-container\">\n        <div class=\"grid-12\">\n      <div class=\"title h2-text bold\">\n        HOW CAN YOU HELP?      <\/div>\n      <div class=\"custom-line\"><\/div>\n      <div class=\"text\">\n        <\/p>\n<ul>\n<li><b>Donate on our website:<\/b><a href=\"https:\/\/www.pah.org.pl\/en\/donate\"> https:\/\/www.pah.org.pl\/en\/donate<\/a><\/li>\n<li><b>Make a&nbsp;bank transfer to<\/b><span style=\"font-weight: 400;\"> 02 2490 0005 0000 4600 8316 8772 titled: \u201eSOS LIBAN\u201d<\/span><\/li>\n<li><b>Support our fundraiser:<\/b><a href=\"https:\/\/www.siepomaga.pl\/en\/pomoc-humanitarna\"> <b>https:\/\/www.siepomaga.pl\/en\/pomoc-humanitarna<\/b><\/a><b>\u00a0<\/b><\/li>\n<li><b>Support our fundraiser for donors from the United States:<\/b><a href=\"https:\/\/cafa.iphiview.com\/cafa\/AccountInformation\/tabid\/495\/dispatch\/accountselection_id$414237_hash$c62b8a39ca94b10f898eae2b0faf45d18487d868\/Default.aspx\"> <span style=\"font-weight: 400;\">CAF America<\/span><\/a><span style=\"font-weight: 400;\"> (tax deduction, 501 (c)(3))<\/span><a href=\"https:\/\/www.pah.org.pl\/wp-content\/uploads\/2022\/05\/CAF-America-Validated-Organization-credential-1.png\"> <span style=\"font-weight: 400;\">See our CAF certificate<\/span><\/a><\/li>\n<\/ul>\n<p>\n      <\/div>\n          <\/div>\n  <\/div>\n<\/section>[\/vc_column][\/vc_row][vc_row][vc_column]\n<section\n  class=\"custom-section section-help small-padding-top none-padding-bottom\">\n  <div class=\"custom-container\">\n    <div class=\"grid-12\">\n              <div class=\"text h4-text medium\">\n          Let us help together!        <\/div>\n              <div class=\"content\">\n          <p><span style=\"font-weight: 400;\">People in Lebanon need our support more than before. The situation is dramatic, and hundreds of thousands of people need help. Let&#8217;s not forget about them in such a&nbsp;critical time.\u00a0<strong>Donate to PAH:<\/strong>\u00a0<\/span><\/p>\n        <\/div>\n            \r\n<form method=\"post\" class=\"direct-form blue\" action=\"https:\/\/pah.org.pl\/en\/donate?form=im-donating-to-support-people-in-ukraine\" data-form-index=\"0\"\r\n>\r\n    <div class=\"title-form bold\">\r\n        Direct donation:    <\/div>\r\n    <div class=\"donation-container bold\">\r\n        <label for=\"donation-0\">\r\n            <input checked type=\"radio\" name=\"donation\" id=\"donation-0\" value=\"50\">\r\n            50 z\u0142        <\/label>\r\n        <label for=\"donation-1\">\r\n            <input type=\"radio\" name=\"donation\" id=\"donation-1\" value=\"100\">\r\n            100 z\u0142        <\/label>\r\n        <label for=\"donation-2\">\r\n            <input type=\"radio\" name=\"donation\" id=\"donation-2\" value=\"250\">\r\n            250 z\u0142        <\/label>\r\n        <label for=\"donation-custom-0\" class=\"custom-donation-label\">\r\n            <input type=\"radio\" name=\"donation\" id=\"donation-custom-0\" value=\"custom\" class=\"donation-custom-check\">\r\n            <span class=\"custom-donation-text  custom-donation-text-0\">Inna kwota<\/span>\r\n            <input type=\"number\" step=\"1\" id=\"custom-amount-0\" name=\"custom-amount\" placeholder=\"Wpisz kwot\u0119\"\r\n                   min=\"5\" class=\"custom-amount-field\" style=\"display: none;\">\r\n        <\/label>\r\n    <\/div>\r\n    <span class='submit-button custom-link-4 bold'>\r\n        <input type=\"submit\" value=\"WP\u0141A\u0106\" \/>\r\n    <\/span>\r\n<\/form>\r\n\r\n<style type=\"text\/css\">\r\n    .custom-donation-text:before {\r\n        content: none !important;\r\n    }\r\n\r\n    .custom-donation-label {\r\n        position: relative;\r\n        display: inline-block;\r\n    }\r\n\r\n    input.custom-amount-field {\r\n        width: auto;\r\n        max-width: 150px;\r\n        padding: 9px !important;\r\n        border-radius: 4px !important;\r\n        border: 1px solid #ccc !important;\r\n        color: black !important;\r\n        cursor: auto !important;\r\n    }\r\n<\/style>\r\n\r\n\r\n<script type=\"application\/javascript\" >\r\n    jQuery(document).ready(function($) {\r\n        \/\/ Get this specific form by its data attribute\r\n        const formIndex = 0;\r\n        const form = $('.direct-form[data-form-index=\"' + formIndex + '\"]');\r\n\r\n        \/\/ Define all the elements for this specific form\r\n        const allRadios = form.find('input[name=\"donation\"]');\r\n        const customRadio = form.find('#donation-custom-' + formIndex);\r\n        const customAmountInput = form.find('#custom-amount-' + formIndex);\r\n        const customLabel = form.find('.custom-donation-text-' + formIndex);\r\n\r\n\r\n        \/\/ Function to toggle display of custom amount input\r\n        function toggleCustomAmount() {\r\n            if ($('#'+customRadio.prop('id')).is(\":checked\")) {\r\n                customLabel.hide();\r\n                customAmountInput.show();\r\n                customAmountInput.focus();\r\n            } else {\r\n                customLabel.show()\r\n                customAmountInput.hide();\r\n            }\r\n        }\r\n\r\n        customAmountInput.change( function(){\r\n            customRadio.val($(this).val());\r\n        } );\r\n\r\n        \/\/ Add event listeners to all radio buttons\r\n        allRadios.each((index, radio) => {\r\n            $(radio).change(function () {\r\n                if( $(this).is(':checked:not(.donation-custom-check)') ) {\r\n                 $('.donation-custom-check').prop('checked', false);\r\n                }\r\n                toggleCustomAmount();\r\n            } )\r\n        });\r\n\r\n        \/\/ When user clicks on the custom amount input, select the custom radio\r\n        customLabel.click( 'click', function(){\r\n            customRadio.prop('checked', true);\r\n            toggleCustomAmount();\r\n        } )\r\n\r\n        customRadio.click( function(){\r\n            customRadio.prop('checked', true);\r\n            toggleCustomAmount();\r\n        });\r\n\r\n        \/\/ When the form is submitted, update the custom radio value to the entered amount\r\n        form.submit(function(e) {\r\n            if (customRadio.checked) {\r\n                if (customAmountInput.value) {\r\n                    customRadio.value = customAmountInput.value;\r\n                } else {\r\n                    e.preventDefault(); \/\/ Prevent form submission if no amount is entered\r\n                    alert('Prosz\u0119 wpisa\u0107 kwot\u0119');\r\n                }\r\n            }\r\n        });\r\n    });\r\n<\/script>\r\n\r\n    <\/div>\n  <\/div>\n<\/section>\n[\/vc_column][\/vc_row]<\/p>\n<\/div>","protected":false},"excerpt":{"rendered":"<p>[vc_row][vc_column][\/vc_column][\/vc_row][vc_row][vc_column][\/vc_column][\/vc_row][vc_row][vc_column][\/vc_column][\/vc_row][vc_row][vc_column][\/vc_column][\/vc_row][vc_row][vc_column][\/vc_column][\/vc_row][vc_row][vc_column][\/vc_column][\/vc_row]<\/p>\n","protected":false},"author":17,"featured_media":21913,"parent":7071,"menu_order":0,"comment_status":"closed","ping_status":"closed","template":"","meta":{"xn-wppe-expiration":[],"xn-wppe-expiration-action":[],"xn-wppe-expiration-prefix":[],"footnotes":""},"class_list":["post-21861","page","type-page","status-publish","has-post-thumbnail","hentry"],"_links":{"self":[{"href":"https:\/\/www.pah.org.pl\/en\/wp-json\/wp\/v2\/pages\/21861"}],"collection":[{"href":"https:\/\/www.pah.org.pl\/en\/wp-json\/wp\/v2\/pages"}],"about":[{"href":"https:\/\/www.pah.org.pl\/en\/wp-json\/wp\/v2\/types\/page"}],"author":[{"embeddable":true,"href":"https:\/\/www.pah.org.pl\/en\/wp-json\/wp\/v2\/users\/17"}],"replies":[{"embeddable":true,"href":"https:\/\/www.pah.org.pl\/en\/wp-json\/wp\/v2\/comments?post=21861"}],"version-history":[{"count":14,"href":"https:\/\/www.pah.org.pl\/en\/wp-json\/wp\/v2\/pages\/21861\/revisions"}],"predecessor-version":[{"id":22492,"href":"https:\/\/www.pah.org.pl\/en\/wp-json\/wp\/v2\/pages\/21861\/revisions\/22492"}],"up":[{"embeddable":true,"href":"https:\/\/www.pah.org.pl\/en\/wp-json\/wp\/v2\/pages\/7071"}],"wp:featuredmedia":[{"embeddable":true,"href":"https:\/\/www.pah.org.pl\/en\/wp-json\/wp\/v2\/media\/21913"}],"wp:attachment":[{"href":"https:\/\/www.pah.org.pl\/en\/wp-json\/wp\/v2\/media?parent=21861"}],"curies":[{"name":"wp","href":"https:\/\/api.w.org\/{rel}","templated":true}]}}