{"id":27578,"date":"2025-08-01T16:06:15","date_gmt":"2025-08-01T14:06:15","guid":{"rendered":"https:\/\/www.pah.org.pl\/what-we-do\/sos\/pomoc-dla-gazy\/"},"modified":"2025-08-04T09:28:01","modified_gmt":"2025-08-04T07:28:01","slug":"aid-for-gaza-strip","status":"publish","type":"page","link":"https:\/\/www.pah.org.pl\/en\/what-we-do\/sos\/aid-for-gaza-strip\/","title":{"rendered":"Aid for Gaza Strip"},"content":{"rendered":"<div class=\"wpb-content-wrapper\"><p>[vc_row][vc_column]<section class=\"custom-section breadcrumbs\">\r\n  <div class=\"custom-container\">\r\n    <div class=\"grid-12\">\r\n      <div class=\"breadcrumbs-content color-10\">\r\n        <a href=\"https:\/\/www.pah.org.pl\/en\/\" class=\"custom-link-1\">\r\n          Home        <\/a>\r\n        <span class=\"break-line\">\/<\/span>            <a href=\"https:\/\/www.pah.org.pl\/en\/what-we-do\/sos\/\" class=\"custom-link-1\">\r\n              Sos            <\/a>\r\n            <span class=\"break-line\">\/<\/span>            <a href=\"https:\/\/www.pah.org.pl\/en\/what-we-do\/\" class=\"custom-link-1\">\r\n              What We Do?            <\/a>\r\n                    <span class=\"break-line\">\/<\/span>        <span class='pagename underline'>\r\n          Aid for Gaza Strip        <\/span>\r\n      <\/div>\r\n    <\/div>\r\n  <\/div>\r\n<\/section>\r\n[\/vc_column][\/vc_row][vc_row full_width=&#8221;stretch_row_content_no_spaces&#8221;][vc_column]<section class=\"custom-section project\" style=\"background-color: #e5e5e5\">\n  <div class=\"custom-container\">\n    <div class=\"grid-12\">\n      <div class=\"title-container\">\n        <div class=\"title h1-text bold\">\n          Aid for Gaza Strip        <\/div>\n        <div class=\"text bold\">\n                  <\/div>\n                  <div class=\"color-bar\" style=\"background-color:#000000\"><\/div>\n              <\/div>\n            <div class=\"image-container\">\n        <div class=\"image-in\">\n                    <img decoding=\"async\" src=\"https:\/\/www.pah.org.pl\/wp-content\/uploads\/2025\/08\/EN_01658214_0480-fot.-EYAD-BABA-AFP-East-News-675x450.jpg\" alt=\"\">\n        <\/div>\n      <\/div>\n    <\/div>\n  <\/div>\n<\/section><section\n  class=\"custom-section article-text small-padding-top none-padding-bottom\">\n  <div class=\"custom-container\">\n    <div class=\"grid-12\">\n      <div class=\"text h4-text medium\">\n        <p><strong>A humanitarian catastrophe of unimaginable proportions is taking place in the Gaza Strip. Literally everything is in short supply, and the blockade of humanitarian supplies is causing famine to spread in Gaza and the number of people who have died as a&nbsp;result is increasing.<\/strong><\/p>\n<p><span style=\"font-weight: 400;\">\u00a0<\/span><\/p>\n      <\/div>\n    <\/div>\n  <\/div>\n<\/section><section\n  class=\"custom-section article-text small-padding-top small-padding-bottom\">\n  <div class=\"custom-container\">\n    <div class=\"grid-12\">\n      <div class=\"text default-text\">\n        <p><strong>Currently, Gaza&#8217;s more than 2 million residents reside in just 14% of its territory<\/strong>. The rest are under military action or successive displacement orders. Many people have already had to abandon their homes and temporary shelters several times. Since October 3, 2023,<strong> at least 60,000 people have been killed in the Gaza Strip<\/strong>, although these statistics may be significantly underestimated.<\/p>\n      <\/div>\n    <\/div>\n  <\/div>\n<\/section>[\/vc_column][\/vc_row][vc_row full_width=&#8221;stretch_row&#8221; css=&#8221;.vc_custom_1754057402335{background-color: #B0B0B0 !important;}&#8221; el_id=&#8221;box-wplata&#8221;][vc_column]\n<section\n  class=\"custom-section section-help none-padding-top small-padding-bottom\">\n  <div class=\"custom-container\">\n    <div class=\"grid-12\">\n              <div class=\"title h2-text bold\">\n          I'm helping NOW!        <\/div>\n              <div class=\"content\">\n          <p><strong>We stand ready to deliver aid to Gaza residents whenever possible. <\/strong><\/p>\n<p><strong>Support us to be part of this aid!<\/strong><\/p>\n        <\/div>\n            \r\n<form method=\"post\" class=\"direct-form blue\" action=\"https:\/\/pah.org.pl\/en\/donate?form=im-donating-to-help-people-in-palestine\" data-form-index=\"0\"\r\n>\r\n    <div class=\"title-form bold\">\r\n        I'm helping NOW!    <\/div>\r\n    <div class=\"donation-container bold\">\r\n        <label for=\"donation-0\">\r\n            <input checked type=\"radio\" name=\"donation\" id=\"donation-0\" value=\"50\">\r\n            50 z\u0142        <\/label>\r\n        <label for=\"donation-1\">\r\n            <input type=\"radio\" name=\"donation\" id=\"donation-1\" value=\"100\">\r\n            100 z\u0142        <\/label>\r\n        <label for=\"donation-2\">\r\n            <input type=\"radio\" name=\"donation\" id=\"donation-2\" value=\"250\">\r\n            250 z\u0142        <\/label>\r\n        <label for=\"donation-custom-0\" class=\"custom-donation-label\">\r\n            <input type=\"radio\" name=\"donation\" id=\"donation-custom-0\" value=\"custom\" class=\"donation-custom-check\">\r\n            <span class=\"custom-donation-text  custom-donation-text-0\">Inna kwota<\/span>\r\n            <input type=\"number\" step=\"1\" id=\"custom-amount-0\" name=\"custom-amount\" placeholder=\"Wpisz kwot\u0119\"\r\n                   min=\"5\" class=\"custom-amount-field\" style=\"display: none;\">\r\n        <\/label>\r\n    <\/div>\r\n    <span class='submit-button custom-link-4 bold'>\r\n        <input type=\"submit\" value=\"WP\u0141A\u0106\" \/>\r\n    <\/span>\r\n<\/form>\r\n\r\n<style type=\"text\/css\">\r\n    .custom-donation-text:before {\r\n        content: none !important;\r\n    }\r\n\r\n    .custom-donation-label {\r\n        position: relative;\r\n        display: inline-block;\r\n    }\r\n\r\n    input.custom-amount-field {\r\n        width: auto;\r\n        max-width: 150px;\r\n        padding: 9px !important;\r\n        border-radius: 4px !important;\r\n        border: 1px solid #ccc !important;\r\n        color: black !important;\r\n        cursor: auto !important;\r\n    }\r\n<\/style>\r\n\r\n\r\n<script type=\"application\/javascript\" >\r\n    jQuery(document).ready(function($) {\r\n        \/\/ Get this specific form by its data attribute\r\n        const formIndex = 0;\r\n        const form = $('.direct-form[data-form-index=\"' + formIndex + '\"]');\r\n\r\n        \/\/ Define all the elements for this specific form\r\n        const allRadios = form.find('input[name=\"donation\"]');\r\n        const customRadio = form.find('#donation-custom-' + formIndex);\r\n        const customAmountInput = form.find('#custom-amount-' + formIndex);\r\n        const customLabel = form.find('.custom-donation-text-' + formIndex);\r\n\r\n\r\n        \/\/ Function to toggle display of custom amount input\r\n        function toggleCustomAmount() {\r\n            if ($('#'+customRadio.prop('id')).is(\":checked\")) {\r\n                customLabel.hide();\r\n                customAmountInput.show();\r\n                customAmountInput.focus();\r\n            } else {\r\n                customLabel.show()\r\n                customAmountInput.hide();\r\n            }\r\n        }\r\n\r\n        customAmountInput.change( function(){\r\n            customRadio.val($(this).val());\r\n        } );\r\n\r\n        \/\/ Add event listeners to all radio buttons\r\n        allRadios.each((index, radio) => {\r\n            $(radio).change(function () {\r\n                if( $(this).is(':checked:not(.donation-custom-check)') ) {\r\n                 $('.donation-custom-check').prop('checked', false);\r\n                }\r\n                toggleCustomAmount();\r\n            } )\r\n        });\r\n\r\n        \/\/ When user clicks on the custom amount input, select the custom radio\r\n        customLabel.click( 'click', function(){\r\n            customRadio.prop('checked', true);\r\n            toggleCustomAmount();\r\n        } )\r\n\r\n        customRadio.click( function(){\r\n            customRadio.prop('checked', true);\r\n            toggleCustomAmount();\r\n        });\r\n\r\n        \/\/ When the form is submitted, update the custom radio value to the entered amount\r\n        form.submit(function(e) {\r\n            if (customRadio.checked) {\r\n                if (customAmountInput.value) {\r\n                    customRadio.value = customAmountInput.value;\r\n                } else {\r\n                    e.preventDefault(); \/\/ Prevent form submission if no amount is entered\r\n                    alert('Prosz\u0119 wpisa\u0107 kwot\u0119');\r\n                }\r\n            }\r\n        });\r\n    });\r\n<\/script>\r\n\r\n    <\/div>\n  <\/div>\n<\/section>\n[\/vc_column][\/vc_row][vc_row][vc_column]<section\n  class=\"custom-section article-text none-padding-top none-padding-bottom\">\n  <div class=\"custom-container\">\n    <div class=\"grid-12\">\n      <div class=\"text default-text\">\n        <p><strong>The famine is getting worse every day:<\/strong><\/p>\n<ul>\n<li>500,000 people are already starving<\/li>\n<li>most families eat one meal a&nbsp;day, and some just every other day<\/li>\n<li>doctors working in the few active health centers are warning about the growing number of cases of acute malnutrition, especially among children and nursing mothers.<\/li>\n<\/ul>\n<p>\n      <\/div>\n    <\/div>\n  <\/div>\n<\/section><section\n  class=\"custom-section article-custom-slider small-padding-top none-padding-bottom\">\n  <div class=\"custom-container\">\n    <div class=\"grid-12\">\n            <div class='slider-container'>\n            <div class=\"elements-list-container elements-list-type-article-slider elements-anim-type-1\"\r\n        data-count=\"2\" data-rest=\"0\"\r\n        data-move=\"1\" data-dir=\"2\"\r\n        >\r\n                    <div class=\"arr-prev\">\r\n                                        <img decoding=\"async\" src=\"https:\/\/www.pah.org.pl\/wp-content\/themes\/pah\/resources\/images\/arr_prev.svg\" alt=\"\" \/>\r\n                                    <\/div>\r\n                    <div class=\"elements-list\">\r\n            <div class=\"elements-group current\">\r\n                                    <div class=\"el\">\r\n                        <div class=\"el-in\">\r\n                              <div class=\"single-img\">\n                    <img decoding=\"async\" src=\"https:\/\/www.pah.org.pl\/wp-content\/uploads\/2025\/08\/EN_01658280_2177-fot.-Ibrahim-Al-arini-Anadolu-Abaca-East-News-1024x682.jpg\" alt=\"\">       \n  <\/div>\n                          <\/div>\r\n                    <\/div>\r\n                                        <\/div>\r\n                    <div class=\"elements-group\">\r\n                                            <div class=\"el\">\r\n                        <div class=\"el-in\">\r\n                              <div class=\"single-img\">\n                    <img decoding=\"async\" src=\"https:\/\/www.pah.org.pl\/wp-content\/uploads\/2025\/08\/EN_01658214_0480-fot.-EYAD-BABA-AFP-East-News-1024x682.jpg\" alt=\"\">       \n  <\/div>\n                          <\/div>\r\n                    <\/div>\r\n                                        <\/div>\r\n                    <div class=\"elements-group\">\r\n                                            <div class=\"el\">\r\n                        <div class=\"el-in\">\r\n                              <div class=\"single-img\">\n                    <img decoding=\"async\" src=\"https:\/\/www.pah.org.pl\/wp-content\/uploads\/2025\/08\/EN_01658280_2177-fot.-Ibrahim-Al-arini-Anadolu-Abaca-East-News-1024x682.jpg\" alt=\"\">       \n  <\/div>\n                          <\/div>\r\n                    <\/div>\r\n                                <\/div>\r\n        <\/div>\r\n                    <div class=\"arr-next\">\r\n                                        <img decoding=\"async\" src=\"https:\/\/www.pah.org.pl\/wp-content\/themes\/pah\/resources\/images\/arr_next.svg\" alt=\"\" \/>\r\n                                    <\/div>\r\n                <\/div>\r\n          <\/div>\n    <\/div>\n  <\/div>\n<\/section><section\n  class=\"custom-section article-text small-padding-top small-padding-bottom\">\n  <div class=\"custom-container\">\n    <div class=\"grid-12\">\n      <div class=\"text default-text\">\n        <p>Overcrowding and lack of safe space create a&nbsp;huge epidemic threat. Under the extreme conditions currently prevailing in Gaza, it is difficult to maintain even basic hygiene. There is a&nbsp;shortage of clean water &#8211; which is essential for fighting hunger, there is very little food, shelter and medical care. <strong>Thousands of trucks with essential humanitarian aid are still waiting at the border.<\/strong> In recent days, a&nbsp;small number have been allowed into the Strip, but this &#8211; like the airdrops of aid &#8211; is a&nbsp;negligible drop in a&nbsp;vast sea of needs.<\/p>\n      <\/div>\n    <\/div>\n  <\/div>\n<\/section>[\/vc_column][\/vc_row][vc_row][vc_column]<section class=\"custom-section chessboard small-padding-top big-padding-bottom\">\n  <div class=\"custom-container\">\n    <div class=\"grid-12\">\n    <div class=\"image-container left\">        \n                    <img decoding=\"async\" src=\"https:\/\/www.pah.org.pl\/wp-content\/uploads\/2025\/08\/JAK-MOZESZ-POMOC-GAZIE-400-x-260-px-1.png\" alt=\"\">\n          <div class=\"border\" style=\"border:#000000 1px solid\"><\/div>       \n      <\/div>\n      <div class=\"title-container left\">\n        <div class=\"title h2-text bold\">\n          How to support us?        <\/div>\n        <div class=\"text\">\n          <\/p>\n<ul>\n<li><span style=\"font-weight: 400;\">By making donation through <\/span><a href=\"#box-wplata\">the box above<\/a> or\u00a0 <a href=\"https:\/\/www.pah.org.pl\/en\/donate\/?form=wplacam-na-pomoc-palestynie\"><b>on our website<\/b><\/a><\/li>\n<li><span style=\"font-weight: 400;\">By bank transfer:<\/span><span style=\"font-weight: 400;\"><br \/>\n<\/span><span style=\"font-weight: 400;\">Polska Akcja Humanitarna<\/span><span style=\"font-weight: 400;\"><br \/>\n<\/span><b>02 2490 0005 0000 4600 8316 8772<\/b><span style=\"font-weight: 400;\"> Alior Bank S.A.<\/span><span style=\"font-weight: 400;\"><br \/>\n<\/span><span style=\"font-weight: 400;\">with a&nbsp;note <\/span><b>\u201eAid for Gaza\u201d<\/b><\/li>\n<li><span style=\"font-weight: 400;\">via BLIK (only in Poland):<\/span><span style=\"font-weight: 400;\"><br \/>\n<\/span><span style=\"font-weight: 400;\">donations can be made at\u00a0<strong>+48<\/strong> <\/span><b>453 021 973<\/b><b><br \/>\n<\/b><span style=\"font-weight: 400;\">with a&nbsp;title <\/span><b>\u201eAid for Gaza\u201d<\/b><\/li>\n<li>By adding to our collection:<br \/>\non the <a href=\"https:\/\/pomagamy.pah.org.pl\/fundraisers\/pomocdlagazy\" target=\"_blank\" rel=\"noopener\">Pomagamy platform<\/a><\/li>\n<\/ul>\n<p>\n        <\/div>     \n      <\/div>        \n        \n    <\/div>\n  <\/div>\n<\/section>[\/vc_column][\/vc_row]<\/p>\n<\/div>","protected":false},"excerpt":{"rendered":"<p>[vc_row][vc_column][\/vc_column][\/vc_row][vc_row full_width=&#8221;stretch_row_content_no_spaces&#8221;][vc_column][\/vc_column][\/vc_row][vc_row full_width=&#8221;stretch_row&#8221; css=&#8221;.vc_custom_1754057402335{background-color: #B0B0B0 !important;}&#8221; el_id=&#8221;box-wplata&#8221;][vc_column][\/vc_column][\/vc_row][vc_row][vc_column][\/vc_column][\/vc_row][vc_row][vc_column][\/vc_column][\/vc_row]<\/p>\n","protected":false},"author":17,"featured_media":27584,"parent":7071,"menu_order":0,"comment_status":"closed","ping_status":"closed","template":"","meta":{"xn-wppe-expiration":[],"xn-wppe-expiration-action":[],"xn-wppe-expiration-prefix":[],"footnotes":""},"class_list":["post-27578","page","type-page","status-publish","has-post-thumbnail","hentry"],"_links":{"self":[{"href":"https:\/\/www.pah.org.pl\/en\/wp-json\/wp\/v2\/pages\/27578"}],"collection":[{"href":"https:\/\/www.pah.org.pl\/en\/wp-json\/wp\/v2\/pages"}],"about":[{"href":"https:\/\/www.pah.org.pl\/en\/wp-json\/wp\/v2\/types\/page"}],"author":[{"embeddable":true,"href":"https:\/\/www.pah.org.pl\/en\/wp-json\/wp\/v2\/users\/17"}],"replies":[{"embeddable":true,"href":"https:\/\/www.pah.org.pl\/en\/wp-json\/wp\/v2\/comments?post=27578"}],"version-history":[{"count":3,"href":"https:\/\/www.pah.org.pl\/en\/wp-json\/wp\/v2\/pages\/27578\/revisions"}],"predecessor-version":[{"id":28454,"href":"https:\/\/www.pah.org.pl\/en\/wp-json\/wp\/v2\/pages\/27578\/revisions\/28454"}],"up":[{"embeddable":true,"href":"https:\/\/www.pah.org.pl\/en\/wp-json\/wp\/v2\/pages\/7071"}],"wp:featuredmedia":[{"embeddable":true,"href":"https:\/\/www.pah.org.pl\/en\/wp-json\/wp\/v2\/media\/27584"}],"wp:attachment":[{"href":"https:\/\/www.pah.org.pl\/en\/wp-json\/wp\/v2\/media?parent=27578"}],"curies":[{"name":"wp","href":"https:\/\/api.w.org\/{rel}","templated":true}]}}