{"id":29472,"date":"2026-03-06T16:45:09","date_gmt":"2026-03-06T15:45:09","guid":{"rendered":"https:\/\/www.pah.org.pl\/?page_id=29472"},"modified":"2026-03-12T14:32:11","modified_gmt":"2026-03-12T13:32:11","slug":"middle-east","status":"publish","type":"page","link":"https:\/\/www.pah.org.pl\/en\/what-we-do\/sos\/middle-east\/","title":{"rendered":"Aid for victims of the war in the Middle East"},"content":{"rendered":"<div class=\"wpb-content-wrapper\"><p>[vc_row][vc_column]<section class=\"custom-section breadcrumbs\">\r\n  <div class=\"custom-container\">\r\n    <div class=\"grid-12\">\r\n      <div class=\"breadcrumbs-content color-10\">\r\n        <a href=\"https:\/\/www.pah.org.pl\/en\/\" class=\"custom-link-1\">\r\n          Home        <\/a>\r\n        <span class=\"break-line\">\/<\/span>            <a href=\"https:\/\/www.pah.org.pl\/en\/what-we-do\/sos\/\" class=\"custom-link-1\">\r\n              Sos            <\/a>\r\n            <span class=\"break-line\">\/<\/span>            <a href=\"https:\/\/www.pah.org.pl\/en\/what-we-do\/\" class=\"custom-link-1\">\r\n              What We Do?            <\/a>\r\n                    <span class=\"break-line\">\/<\/span>        <span class='pagename underline'>\r\n          Aid for victims of the war in the Middle East        <\/span>\r\n      <\/div>\r\n    <\/div>\r\n  <\/div>\r\n<\/section>\r\n[\/vc_column][\/vc_row][vc_row full_width=&#8221;stretch_row_content_no_spaces&#8221;][vc_column]<section class=\"custom-section project\" style=\"background-color: #e5e5e5\">\n  <div class=\"custom-container\">\n    <div class=\"grid-12\">\n      <div class=\"title-container\">\n        <div class=\"title h1-text bold\">\n          Aid for victims of the war in the Middle East        <\/div>\n        <div class=\"text bold\">\n                  <\/div>\n                  <div class=\"color-bar\" style=\"background-color:#e1007d\"><\/div>\n              <\/div>\n            <div class=\"image-container\">\n        <div class=\"image-in\">\n                    <img decoding=\"async\" src=\"https:\/\/www.pah.org.pl\/wp-content\/uploads\/2026\/03\/15proc_baner_www-950-x-460-px-1-675x327.png\" alt=\"\">\n        <\/div>\n      <\/div>\n    <\/div>\n  <\/div>\n<\/section><section\n  class=\"custom-section article-text small-padding-top none-padding-bottom\">\n  <div class=\"custom-container\">\n    <div class=\"grid-12\">\n      <div class=\"text h4-text medium\">\n        <p><strong>On February 28, following attacks by U.S. and Israeli forces on Iran, the war in the Middle East escalated, affecting 16 countries. Many of these places were already struggling with severe humanitarian crises and large numbers of internally displaced people.<\/strong><\/p>\n<p><span style=\"font-weight: 400;\">\u00a0<\/span><\/p>\n      <\/div>\n    <\/div>\n  <\/div>\n<\/section><section\n  class=\"custom-section article-text small-padding-top small-padding-bottom\">\n  <div class=\"custom-container\">\n    <div class=\"grid-12\">\n      <div class=\"text default-text\">\n        <\/p>\n<p data-start=\"368\" data-end=\"392\"><strong data-start=\"368\" data-end=\"390\">Current situation:<\/strong><\/p>\n<ul data-start=\"394\" data-end=\"876\">\n<li data-section-id=\"1nmrf8z\" data-start=\"394\" data-end=\"481\">\n<p data-start=\"396\" data-end=\"481\">In Lebanon, nearly 700,000 people have been forced to flee their homes; some of them are staying in around 400 temporary shelters, but many families sleeps on the streets.<\/p>\n<\/li>\n<li data-section-id=\"95rtlz\" data-start=\"482\" data-end=\"601\">\n<p data-start=\"484\" data-end=\"601\">More than 30,000 people &#8211; mainly Syrians residing in Lebanon &#8211; have crossed into Syria seeking refuge from the attacks.<\/p>\n<\/li>\n<li data-section-id=\"1sk1ol\" data-start=\"602\" data-end=\"689\">\n<p data-start=\"604\" data-end=\"689\">In the West Bank, restrictions on the movement of Palestinians have been tightened.<\/p>\n<\/li>\n<li data-section-id=\"x91ki5\" data-start=\"690\" data-end=\"876\">\n<p data-start=\"692\" data-end=\"876\">In the Gaza Strip, all border crossings have been closed, halting even urgent medical evacuations. There are concerns this could disrupt the supply of food and other essential goods.<\/p>\n<\/li>\n<\/ul>\n<p>\n      <\/div>\n    <\/div>\n  <\/div>\n<\/section>[\/vc_column][\/vc_row][vc_row full_width=&#8221;stretch_row&#8221; css=&#8221;.vc_custom_1754057402335{background-color: #B0B0B0 !important;}&#8221; el_id=&#8221;box-wplata&#8221;][vc_column]\n<section\n  class=\"custom-section section-help none-padding-top small-padding-bottom\">\n  <div class=\"custom-container\">\n    <div class=\"grid-12\">\n              <div class=\"title h2-text bold\">\n          Help NOW!        <\/div>\n              <div class=\"content\">\n          <\/p>\n<p data-start=\"53\" data-end=\"145\"><strong>We provide aid to people in Middle Eastern countries who are suffering because of the war.<\/strong><\/p>\n<p data-start=\"147\" data-end=\"179\"><strong data-start=\"147\" data-end=\"177\">Become a&nbsp;part of this aid!<\/strong><\/p>\n<p>\n        <\/div>\n            \r\n<form method=\"post\" class=\"direct-form blue\" action=\"https:\/\/pah.org.pl\/en\/donate?form=im-donating-to-support-pahs-humanitarian-work-around-the-world\" data-form-index=\"0\"\r\n>\r\n    <div class=\"title-form bold\">\r\n        I'm helping NOW!    <\/div>\r\n    <div class=\"donation-container bold\">\r\n        <label for=\"donation-0\">\r\n            <input checked type=\"radio\" name=\"donation\" id=\"donation-0\" value=\"50\">\r\n            50 z\u0142        <\/label>\r\n        <label for=\"donation-1\">\r\n            <input type=\"radio\" name=\"donation\" id=\"donation-1\" value=\"100\">\r\n            100 z\u0142        <\/label>\r\n        <label for=\"donation-2\">\r\n            <input type=\"radio\" name=\"donation\" id=\"donation-2\" value=\"250\">\r\n            250 z\u0142        <\/label>\r\n        <label for=\"donation-custom-0\" class=\"custom-donation-label\">\r\n            <input type=\"radio\" name=\"donation\" id=\"donation-custom-0\" value=\"custom\" class=\"donation-custom-check\">\r\n            <span class=\"custom-donation-text  custom-donation-text-0\">Inna kwota<\/span>\r\n            <input type=\"number\" step=\"1\" id=\"custom-amount-0\" name=\"custom-amount\" placeholder=\"Wpisz kwot\u0119\"\r\n                   min=\"5\" class=\"custom-amount-field\" style=\"display: none;\">\r\n        <\/label>\r\n    <\/div>\r\n    <span class='submit-button custom-link-4 bold'>\r\n        <input type=\"submit\" value=\"WP\u0141A\u0106\" \/>\r\n    <\/span>\r\n<\/form>\r\n\r\n<style type=\"text\/css\">\r\n    .custom-donation-text:before {\r\n        content: none !important;\r\n    }\r\n\r\n    .custom-donation-label {\r\n        position: relative;\r\n        display: inline-block;\r\n    }\r\n\r\n    input.custom-amount-field {\r\n        width: auto;\r\n        max-width: 150px;\r\n        padding: 9px !important;\r\n        border-radius: 4px !important;\r\n        border: 1px solid #ccc !important;\r\n        color: black !important;\r\n        cursor: auto !important;\r\n    }\r\n<\/style>\r\n\r\n\r\n<script type=\"application\/javascript\" >\r\n    jQuery(document).ready(function($) {\r\n        \/\/ Get this specific form by its data attribute\r\n        const formIndex = 0;\r\n        const form = $('.direct-form[data-form-index=\"' + formIndex + '\"]');\r\n\r\n        \/\/ Define all the elements for this specific form\r\n        const allRadios = form.find('input[name=\"donation\"]');\r\n        const customRadio = form.find('#donation-custom-' + formIndex);\r\n        const customAmountInput = form.find('#custom-amount-' + formIndex);\r\n        const customLabel = form.find('.custom-donation-text-' + formIndex);\r\n\r\n\r\n        \/\/ Function to toggle display of custom amount input\r\n        function toggleCustomAmount() {\r\n            if ($('#'+customRadio.prop('id')).is(\":checked\")) {\r\n                customLabel.hide();\r\n                customAmountInput.show();\r\n                customAmountInput.focus();\r\n            } else {\r\n                customLabel.show()\r\n                customAmountInput.hide();\r\n            }\r\n        }\r\n\r\n        customAmountInput.change( function(){\r\n            customRadio.val($(this).val());\r\n        } );\r\n\r\n        \/\/ Add event listeners to all radio buttons\r\n        allRadios.each((index, radio) => {\r\n            $(radio).change(function () {\r\n                if( $(this).is(':checked:not(.donation-custom-check)') ) {\r\n                 $('.donation-custom-check').prop('checked', false);\r\n                }\r\n                toggleCustomAmount();\r\n            } )\r\n        });\r\n\r\n        \/\/ When user clicks on the custom amount input, select the custom radio\r\n        customLabel.click( 'click', function(){\r\n            customRadio.prop('checked', true);\r\n            toggleCustomAmount();\r\n        } )\r\n\r\n        customRadio.click( function(){\r\n            customRadio.prop('checked', true);\r\n            toggleCustomAmount();\r\n        });\r\n\r\n        \/\/ When the form is submitted, update the custom radio value to the entered amount\r\n        form.submit(function(e) {\r\n            if (customRadio.checked) {\r\n                if (customAmountInput.value) {\r\n                    customRadio.value = customAmountInput.value;\r\n                } else {\r\n                    e.preventDefault(); \/\/ Prevent form submission if no amount is entered\r\n                    alert('Prosz\u0119 wpisa\u0107 kwot\u0119');\r\n                }\r\n            }\r\n        });\r\n    });\r\n<\/script>\r\n\r\n    <\/div>\n  <\/div>\n<\/section>\n[\/vc_column][\/vc_row][vc_row][vc_column]<section\n  class=\"custom-section article-text none-padding-top none-padding-bottom\">\n  <div class=\"custom-container\">\n    <div class=\"grid-12\">\n      <div class=\"text default-text\">\n        <\/p>\n<p data-start=\"878\" data-end=\"1049\"><strong>We have been working in the region for 28 years, supporting people affected by wars and natural disasters. Currently, we operate in Syria, Lebanon, Palestine, and Yemen.<\/strong><\/p>\n<p data-start=\"1051\" data-end=\"1383\">In the Gaza Strip, we provide access to clean water and have delivered food packages. In the West Bank, we run mobile clinics, train medical personnel, and provide healthcare in hard-to-reach areas. In Syria, we support access to water in refugee camps, where many families continue to face the consequences of years of civil war.<\/p>\n<p>\n      <\/div>\n    <\/div>\n  <\/div>\n<\/section><section\n  class=\"custom-section article-text small-padding-top small-padding-bottom\">\n  <div class=\"custom-container\">\n    <div class=\"grid-12\">\n      <div class=\"text default-text\">\n        <p>PAH has been conducting development activities in Lebanon for six years. However, the country is still in the midst of a&nbsp;huge crisis. The current wave of violence may prove to be a&nbsp;blow that the country and its inhabitants will not be able to withstand.<\/p>\n      <\/div>\n    <\/div>\n  <\/div>\n<\/section>[\/vc_column][\/vc_row][vc_row][vc_column]<section class=\"custom-section chessboard small-padding-top big-padding-bottom\">\n  <div class=\"custom-container\">\n    <div class=\"grid-12\">\n    <div class=\"image-container left\">        \n                    <img decoding=\"async\" src=\"https:\/\/www.pah.org.pl\/wp-content\/uploads\/2026\/03\/SOS-BLISKI-WSHOD-1.png\" alt=\"\">\n          <div class=\"border\" style=\"border:#e1007d 1px solid\"><\/div>       \n      <\/div>\n      <div class=\"title-container left\">\n        <div class=\"title h2-text bold\">\n          How can you support us?        <\/div>\n        <div class=\"text\">\n          <\/p>\n<ul>\n<li><span style=\"font-weight: 400;\">By making donation through <\/span><a href=\"#box-wplata\">the box above<\/a> or\u00a0 <a href=\"https:\/\/www.pah.org.pl\/en\/donate\/?form=wplacam-na-pomoc-palestynie\"><b>on our website<\/b><\/a><\/li>\n<li><span style=\"font-weight: 400;\">By bank transfer:<\/span><span style=\"font-weight: 400;\"><br \/>\n<\/span><span style=\"font-weight: 400;\">Polska Akcja Humanitarna<\/span><span style=\"font-weight: 400;\"><br \/>\n<\/span><b>02 2490 0005 0000 4600 8316 8772<\/b><span style=\"font-weight: 400;\"> Alior Bank S.A.<\/span><span style=\"font-weight: 400;\"><br \/>\n<\/span><span style=\"font-weight: 400;\">with a&nbsp;note <\/span><b>\u201eSOS Middle East\u201d<\/b><\/li>\n<li><span style=\"font-weight: 400;\">via BLIK (only in Poland):<\/span><span style=\"font-weight: 400;\"><br \/>\n<\/span><span style=\"font-weight: 400;\">donations can be made at\u00a0<strong>+48<\/strong> <\/span><b>453 021 973<\/b><b><br \/>\n<\/b><span style=\"font-weight: 400;\">with a&nbsp;title <\/span><b>\u201eSOS Middle East\u201d<\/b><\/li>\n<\/ul>\n<p>\n        <\/div>     \n      <\/div>        \n        \n    <\/div>\n  <\/div>\n<\/section>[\/vc_column][\/vc_row]<\/p>\n<\/div>","protected":false},"excerpt":{"rendered":"<p>[vc_row][vc_column][\/vc_column][\/vc_row][vc_row full_width=&#8221;stretch_row_content_no_spaces&#8221;][vc_column][\/vc_column][\/vc_row][vc_row full_width=&#8221;stretch_row&#8221; css=&#8221;.vc_custom_1754057402335{background-color: #B0B0B0 !important;}&#8221; el_id=&#8221;box-wplata&#8221;][vc_column][\/vc_column][\/vc_row][vc_row][vc_column][\/vc_column][\/vc_row][vc_row][vc_column][\/vc_column][\/vc_row]<\/p>\n","protected":false},"author":16,"featured_media":29546,"parent":7071,"menu_order":0,"comment_status":"closed","ping_status":"closed","template":"","meta":{"xn-wppe-expiration":[],"xn-wppe-expiration-action":[],"xn-wppe-expiration-prefix":[],"footnotes":""},"class_list":["post-29472","page","type-page","status-publish","has-post-thumbnail","hentry"],"_links":{"self":[{"href":"https:\/\/www.pah.org.pl\/en\/wp-json\/wp\/v2\/pages\/29472"}],"collection":[{"href":"https:\/\/www.pah.org.pl\/en\/wp-json\/wp\/v2\/pages"}],"about":[{"href":"https:\/\/www.pah.org.pl\/en\/wp-json\/wp\/v2\/types\/page"}],"author":[{"embeddable":true,"href":"https:\/\/www.pah.org.pl\/en\/wp-json\/wp\/v2\/users\/16"}],"replies":[{"embeddable":true,"href":"https:\/\/www.pah.org.pl\/en\/wp-json\/wp\/v2\/comments?post=29472"}],"version-history":[{"count":13,"href":"https:\/\/www.pah.org.pl\/en\/wp-json\/wp\/v2\/pages\/29472\/revisions"}],"predecessor-version":[{"id":29631,"href":"https:\/\/www.pah.org.pl\/en\/wp-json\/wp\/v2\/pages\/29472\/revisions\/29631"}],"up":[{"embeddable":true,"href":"https:\/\/www.pah.org.pl\/en\/wp-json\/wp\/v2\/pages\/7071"}],"wp:featuredmedia":[{"embeddable":true,"href":"https:\/\/www.pah.org.pl\/en\/wp-json\/wp\/v2\/media\/29546"}],"wp:attachment":[{"href":"https:\/\/www.pah.org.pl\/en\/wp-json\/wp\/v2\/media?parent=29472"}],"curies":[{"name":"wp","href":"https:\/\/api.w.org\/{rel}","templated":true}]}}