{"id":784,"date":"2017-01-30T17:36:54","date_gmt":"2017-01-30T16:36:54","guid":{"rendered":"http:\/\/43611-1-51f40e-01.services.oktawave.com\/?page_id=784\/"},"modified":"2024-08-02T14:56:28","modified_gmt":"2024-08-02T12:56:28","slug":"resources","status":"publish","type":"page","link":"https:\/\/www.pah.org.pl\/en\/resources\/","title":{"rendered":"Resources"},"content":{"rendered":"<div class=\"wpb-content-wrapper\"><p>[vc_row full_width=&#8221;stretch_row_content_no_spaces&#8221;][vc_column]<section class=\"custom-section breadcrumbs\">\r\n  <div class=\"custom-container\">\r\n    <div class=\"grid-12\">\r\n      <div class=\"breadcrumbs-content color-10\">\r\n        <a href=\"https:\/\/www.pah.org.pl\/en\/\" class=\"custom-link-1\">\r\n          Home        <\/a>\r\n                <span class=\"break-line\">\/<\/span>        <span class='pagename underline'>\r\n          Resources        <\/span>\r\n      <\/div>\r\n    <\/div>\r\n  <\/div>\r\n<\/section>\r\n<section\n  class=\"custom-section documents small-padding-top none-padding-bottom\">\n  <div class=\"custom-container\">\n    <div class=\"grid-12\">\n      <div class=\"tax-container\">\n                    <div class=\"tax-header color-17\">\n              Documents<img decoding=\"async\" src=\"https:\/\/www.pah.org.pl\/wp-content\/themes\/pah\/resources\/images\/tax-arr.svg\" alt=\"\">\n            <\/div>\n                          <div class=\"tax-in\">\n                <input checked class=\"document-box\" type=\"checkbox\" id=\"255\"\n                  name=\"CERTIFICATES\" value=\"255\">\n                <label for=\"255\">\n                  CERTIFICATES                <\/label>\n              <\/div>\n                            <div class=\"tax-in\">\n                <input  class=\"document-box\" type=\"checkbox\" id=\"257\"\n                  name=\"ESSENTIAL DOCUMENTS - WHO WE ARE?\" value=\"257\">\n                <label for=\"257\">\n                  ESSENTIAL DOCUMENTS - WHO WE ARE?                <\/label>\n              <\/div>\n                            <div class=\"tax-in\">\n                <input  class=\"document-box\" type=\"checkbox\" id=\"258\"\n                  name=\"TENDERS\" value=\"258\">\n                <label for=\"258\">\n                  TENDERS                <\/label>\n              <\/div>\n                            <div class=\"tax-in\">\n                <input  class=\"document-box\" type=\"checkbox\" id=\"259\"\n                  name=\"REPORTS &amp; STATEMENTS\" value=\"259\">\n                <label for=\"259\">\n                  REPORTS &amp; STATEMENTS                <\/label>\n              <\/div>\n                          <div class=\"tax-header color-17\">\n              Releases<img decoding=\"async\" src=\"https:\/\/www.pah.org.pl\/wp-content\/themes\/pah\/resources\/images\/tax-arr.svg\" alt=\"\">\n            <\/div>\n                          <div class=\"tax-in\">\n                <input  class=\"document-box\" type=\"checkbox\" id=\"262\"\n                  name=\"FOR ACITVISTS\" value=\"262\">\n                <label for=\"262\">\n                  FOR ACITVISTS                <\/label>\n              <\/div>\n                            <div class=\"tax-in\">\n                <input  class=\"document-box\" type=\"checkbox\" id=\"263\"\n                  name=\"FOR INDIVIDUAL DONORS\" value=\"263\">\n                <label for=\"263\">\n                  FOR INDIVIDUAL DONORS                <\/label>\n              <\/div>\n                            <div class=\"tax-in\">\n                <input  class=\"document-box\" type=\"checkbox\" id=\"264\"\n                  name=\"FOR MEDIA\" value=\"264\">\n                <label for=\"264\">\n                  FOR MEDIA                <\/label>\n              <\/div>\n                            <div class=\"tax-in\">\n                <input  class=\"document-box\" type=\"checkbox\" id=\"265\"\n                  name=\"FOR INSTITUTIONAL DONORS\" value=\"265\">\n                <label for=\"265\">\n                  FOR INSTITUTIONAL DONORS                <\/label>\n              <\/div>\n                            <div class=\"tax-in\">\n                <input  class=\"document-box\" type=\"checkbox\" id=\"266\"\n                  name=\"PAH RELEASES\" value=\"266\">\n                <label for=\"266\">\n                  PAH RELEASES                <\/label>\n              <\/div>\n                            <div class=\"tax-in\">\n                <input  class=\"document-box\" type=\"checkbox\" id=\"268\"\n                  name=\"PAH PRINCIPLES AND POLICIES\" value=\"268\">\n                <label for=\"268\">\n                  PAH PRINCIPLES AND POLICIES                <\/label>\n              <\/div>\n                            <div class=\"tax-in\">\n                <input  class=\"document-box\" type=\"checkbox\" id=\"272\"\n                  name=\"PRESS RELEASES\" value=\"272\">\n                <label for=\"272\">\n                  PRESS RELEASES                <\/label>\n              <\/div>\n                    <\/div>\n      <div class=\"tax-filters\">\n        <div class=\"title\">\n          Sort by:        <\/div>\n        <label for=\"DESC\">\n          <input checked type=\"radio\" name=\"tx-filter\" id=\"DESC\">\n          <span class=\"desc\">\n            Date descending          <\/span>\n          <div class='hart-image-cont'>\n            <svg xmlns=\"http:\/\/www.w3.org\/2000\/svg\" width=\"41.292999267578125\" height=\"41.22200012207031\" viewBox=\"0 0 41.293 41.222\">\r\n  <g id=\"Group_2906\" data-name=\"Group 2906\" transform=\"translate(0.499 0.498)\">\r\n    <path id=\"Path_3737\" data-name=\"Path 3737\" d=\"M3.549,108.536.606,110.057a1.054,1.054,0,1,0,1.419,1.423Z\" transform=\"translate(-0.026 -71.822)\" fill=\"none\" stroke=\"#0070ba\" stroke-width=\"1\" class=\"svg-elem-1\"><\/path>\r\n    <path id=\"Path_3738\" data-name=\"Path 3738\" d=\"M114.1,113.273l-1.859-.969.969,1.872a.668.668,0,1,0,.89-.9\" transform=\"translate(-74.275 -74.316)\" fill=\"none\" stroke=\"#0070ba\" stroke-width=\"1\" class=\"svg-elem-2\"><\/path>\r\n    <path id=\"Path_3739\" data-name=\"Path 3739\" d=\"M5.775,5.825,3.3,1.033A1.722,1.722,0,1,0,.92,3.317h0Z\" transform=\"translate(-0.026 -0.063)\" fill=\"none\" stroke=\"#0070ba\" stroke-width=\"1\" class=\"svg-elem-3\"><\/path>\r\n    <path id=\"Path_3740\" data-name=\"Path 3740\" d=\"M116.228.094a.381.381,0,0,0-.329.189l-.572,1.1,1.09-.574a.382.382,0,0,0-.189-.714\" transform=\"translate(-76.316 -0.063)\" fill=\"none\" stroke=\"#0070ba\" stroke-width=\"1\" class=\"svg-elem-4\"><\/path>\r\n    <path id=\"Path_3741\" data-name=\"Path 3741\" d=\"M24.758,32.685a36.319,36.319,0,0,1-7.015-21.513h.008A7.067,7.067,0,0,1,24.7,3.994a11.307,11.307,0,0,1,11.12,11.484A18.683,18.683,0,0,1,24.758,32.685Zm15.455-17.37A15.312,15.312,0,0,0,24.9,0a9.573,9.573,0,0,0-9.42,7.872,6.874,6.874,0,0,0-4.2-1.429A11.473,11.473,0,0,0,0,18.1,18.829,18.829,0,0,0,14.108,36.526a10.254,10.254,0,0,1,1.906.72.672.672,0,0,1,.215,1.043h0a1.136,1.136,0,0,0-.265.732,1.1,1.1,0,0,0,1.08,1.118,1.051,1.051,0,0,0,.161-.014,24.882,24.882,0,0,0,23.006-24.81\" transform=\"translate(0 -0.002)\" fill=\"none\" stroke=\"#0070ba\" stroke-width=\"1\" class=\"svg-elem-5\"><\/path>\r\n  <\/g>\r\n<\/svg>          <\/div>\n        <\/label>\n        <label for=\"ASC\">\n          <input  type=\"radio\" name=\"tx-filter\" id=\"ASC\">\n          <span class=\"desc\">\n            Date descending          <\/span>\n          <div class='hart-image-cont'>\n            <svg xmlns=\"http:\/\/www.w3.org\/2000\/svg\" width=\"41.292999267578125\" height=\"41.22200012207031\" viewBox=\"0 0 41.293 41.222\">\r\n  <g id=\"Group_2906\" data-name=\"Group 2906\" transform=\"translate(0.499 0.498)\">\r\n    <path id=\"Path_3737\" data-name=\"Path 3737\" d=\"M3.549,108.536.606,110.057a1.054,1.054,0,1,0,1.419,1.423Z\" transform=\"translate(-0.026 -71.822)\" fill=\"none\" stroke=\"#0070ba\" stroke-width=\"1\" class=\"svg-elem-1\"><\/path>\r\n    <path id=\"Path_3738\" data-name=\"Path 3738\" d=\"M114.1,113.273l-1.859-.969.969,1.872a.668.668,0,1,0,.89-.9\" transform=\"translate(-74.275 -74.316)\" fill=\"none\" stroke=\"#0070ba\" stroke-width=\"1\" class=\"svg-elem-2\"><\/path>\r\n    <path id=\"Path_3739\" data-name=\"Path 3739\" d=\"M5.775,5.825,3.3,1.033A1.722,1.722,0,1,0,.92,3.317h0Z\" transform=\"translate(-0.026 -0.063)\" fill=\"none\" stroke=\"#0070ba\" stroke-width=\"1\" class=\"svg-elem-3\"><\/path>\r\n    <path id=\"Path_3740\" data-name=\"Path 3740\" d=\"M116.228.094a.381.381,0,0,0-.329.189l-.572,1.1,1.09-.574a.382.382,0,0,0-.189-.714\" transform=\"translate(-76.316 -0.063)\" fill=\"none\" stroke=\"#0070ba\" stroke-width=\"1\" class=\"svg-elem-4\"><\/path>\r\n    <path id=\"Path_3741\" data-name=\"Path 3741\" d=\"M24.758,32.685a36.319,36.319,0,0,1-7.015-21.513h.008A7.067,7.067,0,0,1,24.7,3.994a11.307,11.307,0,0,1,11.12,11.484A18.683,18.683,0,0,1,24.758,32.685Zm15.455-17.37A15.312,15.312,0,0,0,24.9,0a9.573,9.573,0,0,0-9.42,7.872,6.874,6.874,0,0,0-4.2-1.429A11.473,11.473,0,0,0,0,18.1,18.829,18.829,0,0,0,14.108,36.526a10.254,10.254,0,0,1,1.906.72.672.672,0,0,1,.215,1.043h0a1.136,1.136,0,0,0-.265.732,1.1,1.1,0,0,0,1.08,1.118,1.051,1.051,0,0,0,.161-.014,24.882,24.882,0,0,0,23.006-24.81\" transform=\"translate(0 -0.002)\" fill=\"none\" stroke=\"#0070ba\" stroke-width=\"1\" class=\"svg-elem-5\"><\/path>\r\n  <\/g>\r\n<\/svg>          <\/div>\n        <\/label>\n        <label for=\"name\">\n          <input  type=\"radio\" name=\"tx-filter\" id=\"name\">\n          <span class=\"desc\">\n            Alphabetically          <\/span>\n          <div class='hart-image-cont'>\n            <svg xmlns=\"http:\/\/www.w3.org\/2000\/svg\" width=\"41.292999267578125\" height=\"41.22200012207031\" viewBox=\"0 0 41.293 41.222\">\r\n  <g id=\"Group_2906\" data-name=\"Group 2906\" transform=\"translate(0.499 0.498)\">\r\n    <path id=\"Path_3737\" data-name=\"Path 3737\" d=\"M3.549,108.536.606,110.057a1.054,1.054,0,1,0,1.419,1.423Z\" transform=\"translate(-0.026 -71.822)\" fill=\"none\" stroke=\"#0070ba\" stroke-width=\"1\" class=\"svg-elem-1\"><\/path>\r\n    <path id=\"Path_3738\" data-name=\"Path 3738\" d=\"M114.1,113.273l-1.859-.969.969,1.872a.668.668,0,1,0,.89-.9\" transform=\"translate(-74.275 -74.316)\" fill=\"none\" stroke=\"#0070ba\" stroke-width=\"1\" class=\"svg-elem-2\"><\/path>\r\n    <path id=\"Path_3739\" data-name=\"Path 3739\" d=\"M5.775,5.825,3.3,1.033A1.722,1.722,0,1,0,.92,3.317h0Z\" transform=\"translate(-0.026 -0.063)\" fill=\"none\" stroke=\"#0070ba\" stroke-width=\"1\" class=\"svg-elem-3\"><\/path>\r\n    <path id=\"Path_3740\" data-name=\"Path 3740\" d=\"M116.228.094a.381.381,0,0,0-.329.189l-.572,1.1,1.09-.574a.382.382,0,0,0-.189-.714\" transform=\"translate(-76.316 -0.063)\" fill=\"none\" stroke=\"#0070ba\" stroke-width=\"1\" class=\"svg-elem-4\"><\/path>\r\n    <path id=\"Path_3741\" data-name=\"Path 3741\" d=\"M24.758,32.685a36.319,36.319,0,0,1-7.015-21.513h.008A7.067,7.067,0,0,1,24.7,3.994a11.307,11.307,0,0,1,11.12,11.484A18.683,18.683,0,0,1,24.758,32.685Zm15.455-17.37A15.312,15.312,0,0,0,24.9,0a9.573,9.573,0,0,0-9.42,7.872,6.874,6.874,0,0,0-4.2-1.429A11.473,11.473,0,0,0,0,18.1,18.829,18.829,0,0,0,14.108,36.526a10.254,10.254,0,0,1,1.906.72.672.672,0,0,1,.215,1.043h0a1.136,1.136,0,0,0-.265.732,1.1,1.1,0,0,0,1.08,1.118,1.051,1.051,0,0,0,.161-.014,24.882,24.882,0,0,0,23.006-24.81\" transform=\"translate(0 -0.002)\" fill=\"none\" stroke=\"#0070ba\" stroke-width=\"1\" class=\"svg-elem-5\"><\/path>\r\n  <\/g>\r\n<\/svg>          <\/div>\n        <\/label>\n        <div class=\"line\"> <\/div>\n      <\/div>\n\n      <div class=\"document-list\">\n                <div class=\"image-cont\">\n            <!-- string(3) \"pdf\"\n -->\n            <img decoding=\"async\" src=\"https:\/\/www.pah.org.pl\/wp-content\/themes\/pah\/resources\/images\/doc-img\/office-file-pdf-1.svg\" alt=\"\">\n        <\/div>\n        <div class=\"name\">\n            NATIONAL COURT REGISTER (KRS)        <\/div>\n        <div class=\"date\">\n            17.04.2026        <\/div>\n        <div class=\"cat\">\n            CERTIFICATES        <\/div>\n        <div class=\"doc-links\">\n            <a class=\"custom-link-3\" href=\"https:\/\/www.pah.org.pl\/wp-content\/uploads\/2026\/04\/Odpis_Pelny_KRS_0000136833-6-1.pdf\" target=\"_blank\">\n                Open<img decoding=\"async\" src=\"https:\/\/www.pah.org.pl\/wp-content\/themes\/pah\/resources\/images\/doc-arr-black.svg\" alt=\"\">\n            <\/a>\n            <a class=\"custom-link-3\" href=\"https:\/\/www.pah.org.pl\/wp-content\/uploads\/2026\/04\/Odpis_Pelny_KRS_0000136833-6-1.pdf\" target=\"_blank\" download>\n                Download<img decoding=\"async\" src=\"https:\/\/www.pah.org.pl\/wp-content\/themes\/pah\/resources\/images\/doc-arr-black.svg\" alt=\"\">\n            <\/a>\n        <\/div>\n        <div class=\"line\"> <\/div>\n                <div class=\"image-cont\">\n            <!-- string(3) \"pdf\"\n -->\n            <img decoding=\"async\" src=\"https:\/\/www.pah.org.pl\/wp-content\/themes\/pah\/resources\/images\/doc-img\/office-file-pdf-1.svg\" alt=\"\">\n        <\/div>\n        <div class=\"name\">\n            ARTICLES OF ASSOCIATION        <\/div>\n        <div class=\"date\">\n            17.04.2026        <\/div>\n        <div class=\"cat\">\n            CERTIFICATES        <\/div>\n        <div class=\"doc-links\">\n            <a class=\"custom-link-3\" href=\"https:\/\/www.pah.org.pl\/wp-content\/uploads\/2026\/04\/20260303_STATUT_PL_ENG-1.pdf\" target=\"_blank\">\n                Open<img decoding=\"async\" src=\"https:\/\/www.pah.org.pl\/wp-content\/themes\/pah\/resources\/images\/doc-arr-black.svg\" alt=\"\">\n            <\/a>\n            <a class=\"custom-link-3\" href=\"https:\/\/www.pah.org.pl\/wp-content\/uploads\/2026\/04\/20260303_STATUT_PL_ENG-1.pdf\" target=\"_blank\" download>\n                Download<img decoding=\"async\" src=\"https:\/\/www.pah.org.pl\/wp-content\/themes\/pah\/resources\/images\/doc-arr-black.svg\" alt=\"\">\n            <\/a>\n        <\/div>\n        <div class=\"line\"> <\/div>\n              <\/div>\n          <\/div>\n  <\/div>\n\n  <script>\n    var templateURL = \"https:\/\/www.pah.org.pl\";\n    let list = \"255\";\n    let post_per_page = '5';\n    let paged = '2';\n    let order = 'DESC';\n    let orderby = '';\n    let all_doc_ammount = '2';\n  <\/script>\n  <script type=\"text\/javascript\" src=\"https:\/\/www.pah.org.pl\/wp-content\/themes\/pah\/resources\/js\/load-doc.js\"><\/script>\n\n<section\n  class=\"custom-section section-help small-padding-top small-padding-bottom\">\n  <div class=\"custom-container\">\n    <div class=\"grid-12\">\n              <div class=\"title h2-text bold\">\n          It is worth supporting PAH!        <\/div>\n              <div class=\"content\">\n          <p>Our mission is to bring aid to humanitarian crises, but we also have obligations to you &#8211; our donors and contributors. One of them is to report on what we have been able to do thanks to your support. The documents, reports and other materials we publish here are information about our activities. <strong>Donate to PAH<\/strong>:<\/p>\n        <\/div>\n            \r\n<form method=\"post\" class=\"direct-form blue\" action=\"https:\/\/pah.org.pl\/en\/donate?form=im-donating-to-support-pahs-humanitarian-work-around-the-world\" data-form-index=\"0\"\r\n>\r\n    <div class=\"title-form bold\">\r\n        Direct donation:    <\/div>\r\n    <div class=\"donation-container bold\">\r\n        <label for=\"donation-0\">\r\n            <input checked type=\"radio\" name=\"donation\" id=\"donation-0\" value=\"50\">\r\n            50 z\u0142        <\/label>\r\n        <label for=\"donation-1\">\r\n            <input type=\"radio\" name=\"donation\" id=\"donation-1\" value=\"100\">\r\n            100 z\u0142        <\/label>\r\n        <label for=\"donation-2\">\r\n            <input type=\"radio\" name=\"donation\" id=\"donation-2\" value=\"250\">\r\n            250 z\u0142        <\/label>\r\n        <label for=\"donation-custom-0\" class=\"custom-donation-label\">\r\n            <input type=\"radio\" name=\"donation\" id=\"donation-custom-0\" value=\"custom\" class=\"donation-custom-check\">\r\n            <span class=\"custom-donation-text  custom-donation-text-0\">Inna kwota<\/span>\r\n            <input type=\"number\" step=\"1\" id=\"custom-amount-0\" name=\"custom-amount\" placeholder=\"Wpisz kwot\u0119\"\r\n                   min=\"5\" class=\"custom-amount-field\" style=\"display: none;\">\r\n        <\/label>\r\n    <\/div>\r\n    <span class='submit-button custom-link-4 bold'>\r\n        <input type=\"submit\" value=\"WP\u0141A\u0106\" \/>\r\n    <\/span>\r\n<\/form>\r\n\r\n<style type=\"text\/css\">\r\n    .custom-donation-text:before {\r\n        content: none !important;\r\n    }\r\n\r\n    .custom-donation-label {\r\n        position: relative;\r\n        display: inline-block;\r\n    }\r\n\r\n    input.custom-amount-field {\r\n        width: auto;\r\n        max-width: 150px;\r\n        padding: 9px !important;\r\n        border-radius: 4px !important;\r\n        border: 1px solid #ccc !important;\r\n        color: black !important;\r\n        cursor: auto !important;\r\n    }\r\n<\/style>\r\n\r\n\r\n<script type=\"application\/javascript\" >\r\n    jQuery(document).ready(function($) {\r\n        \/\/ Get this specific form by its data attribute\r\n        const formIndex = 0;\r\n        const form = $('.direct-form[data-form-index=\"' + formIndex + '\"]');\r\n\r\n        \/\/ Define all the elements for this specific form\r\n        const allRadios = form.find('input[name=\"donation\"]');\r\n        const customRadio = form.find('#donation-custom-' + formIndex);\r\n        const customAmountInput = form.find('#custom-amount-' + formIndex);\r\n        const customLabel = form.find('.custom-donation-text-' + formIndex);\r\n\r\n\r\n        \/\/ Function to toggle display of custom amount input\r\n        function toggleCustomAmount() {\r\n            if ($('#'+customRadio.prop('id')).is(\":checked\")) {\r\n                customLabel.hide();\r\n                customAmountInput.show();\r\n                customAmountInput.focus();\r\n            } else {\r\n                customLabel.show()\r\n                customAmountInput.hide();\r\n            }\r\n        }\r\n\r\n        customAmountInput.change( function(){\r\n            customRadio.val($(this).val());\r\n        } );\r\n\r\n        \/\/ Add event listeners to all radio buttons\r\n        allRadios.each((index, radio) => {\r\n            $(radio).change(function () {\r\n                if( $(this).is(':checked:not(.donation-custom-check)') ) {\r\n                 $('.donation-custom-check').prop('checked', false);\r\n                }\r\n                toggleCustomAmount();\r\n            } )\r\n        });\r\n\r\n        \/\/ When user clicks on the custom amount input, select the custom radio\r\n        customLabel.click( 'click', function(){\r\n            customRadio.prop('checked', true);\r\n            toggleCustomAmount();\r\n        } )\r\n\r\n        customRadio.click( function(){\r\n            customRadio.prop('checked', true);\r\n            toggleCustomAmount();\r\n        });\r\n\r\n        \/\/ When the form is submitted, update the custom radio value to the entered amount\r\n        form.submit(function(e) {\r\n            if (customRadio.checked) {\r\n                if (customAmountInput.value) {\r\n                    customRadio.value = customAmountInput.value;\r\n                } else {\r\n                    e.preventDefault(); \/\/ Prevent form submission if no amount is entered\r\n                    alert('Prosz\u0119 wpisa\u0107 kwot\u0119');\r\n                }\r\n            }\r\n        });\r\n    });\r\n<\/script>\r\n\r\n    <\/div>\n  <\/div>\n<\/section>\n[\/vc_column][\/vc_row]<\/p>\n<\/div>","protected":false},"excerpt":{"rendered":"<p>[vc_row full_width=&#8221;stretch_row_content_no_spaces&#8221;][vc_column][\/vc_column][\/vc_row]<\/p>\n","protected":false},"author":1,"featured_media":0,"parent":0,"menu_order":0,"comment_status":"closed","ping_status":"closed","template":"","meta":{"xn-wppe-expiration":[],"xn-wppe-expiration-action":[],"xn-wppe-expiration-prefix":[],"footnotes":""},"class_list":["post-784","page","type-page","status-publish","hentry"],"_links":{"self":[{"href":"https:\/\/www.pah.org.pl\/en\/wp-json\/wp\/v2\/pages\/784"}],"collection":[{"href":"https:\/\/www.pah.org.pl\/en\/wp-json\/wp\/v2\/pages"}],"about":[{"href":"https:\/\/www.pah.org.pl\/en\/wp-json\/wp\/v2\/types\/page"}],"author":[{"embeddable":true,"href":"https:\/\/www.pah.org.pl\/en\/wp-json\/wp\/v2\/users\/1"}],"replies":[{"embeddable":true,"href":"https:\/\/www.pah.org.pl\/en\/wp-json\/wp\/v2\/comments?post=784"}],"version-history":[{"count":66,"href":"https:\/\/www.pah.org.pl\/en\/wp-json\/wp\/v2\/pages\/784\/revisions"}],"predecessor-version":[{"id":21021,"href":"https:\/\/www.pah.org.pl\/en\/wp-json\/wp\/v2\/pages\/784\/revisions\/21021"}],"wp:attachment":[{"href":"https:\/\/www.pah.org.pl\/en\/wp-json\/wp\/v2\/media?parent=784"}],"curies":[{"name":"wp","href":"https:\/\/api.w.org\/{rel}","templated":true}]}}