      {"id":8864,"date":"2019-12-10T15:00:13","date_gmt":"2019-12-10T15:00:13","guid":{"rendered":"https:\/\/www.pah.org.pl\/wojnamojdom\/"},"modified":"2019-12-12T12:10:29","modified_gmt":"2019-12-12T12:10:29","slug":"warmyhome","status":"publish","type":"page","link":"https:\/\/www.pah.org.pl\/en\/warmyhome\/","title":{"rendered":"WAR. MY HOME"},"content":{"rendered":"<div class=\"wpb-content-wrapper\"><p>[vc_row][vc_column]        <h2 class=\"heading__main  heading__main--right heading__main--red\">WAR. MY HOME<a class=\"heading__main-button \" href=\"https:\/\/www.pah.org.pl\/en\/donate\/?form=home\">DONATE<\/a><\/h2>\n[\/vc_column][\/vc_row][vc_row full_width=&#8221;stretch_row_content_no_spaces&#8221;][vc_column]\n        <div class=\"gallery gallery\">\n\n          <div class=\"gallery__wrapper\">\n            <div class=\"gallery__check-width grid\">\n\n                \n        <div class=\"gallery__image gallery__image--text grid-item gallery__image-color--pink gallery__image--high\">\n            <img decoding=\"async\" src=\"https:\/\/www.pah.org.pl\/wp-content\/uploads\/2019\/12\/PAH-grid-598x440px_PL-1024x753.jpg\" alt=\"\">\n            <div class=\"gallery__image__description\">\n                In Iraq, over two million people cannot return to their homes yet because of the ongoing conflict. In most cases, they have nothing to return to.             <\/div>\n        <\/div>\n\n      \n        <div class=\"gallery__image gallery__image--text grid-item gallery__image-color--pink gallery__image--high\">\n            <img decoding=\"async\" src=\"https:\/\/www.pah.org.pl\/wp-content\/uploads\/2019\/12\/PAH_www_900x900px_03-1024x1024.jpg\" alt=\"\">\n            <div class=\"gallery__image__description\">\n                The military conflict in eastern Ukraine has been going on since 2014. It has done the greatest harm to the elderly who live near the front line, as they cannot afford to leave or have nowhere else to go.             <\/div>\n        <\/div>\n\n      \n        <div class=\"gallery__image gallery__image--text grid-item gallery__image-color--pink gallery__image--high\">\n            <img decoding=\"async\" src=\"https:\/\/www.pah.org.pl\/wp-content\/uploads\/2019\/12\/PAH_landingpage_1920x1119-1-1024x597.jpg\" alt=\"\">\n            <div class=\"gallery__image__description\">\n                            <\/div>\n        <\/div>\n\n      \n        <div class=\"gallery__image gallery__image--text grid-item gallery__image-color--pink \">\n            <img decoding=\"async\" src=\"https:\/\/www.pah.org.pl\/wp-content\/uploads\/2019\/12\/PAH_www_900x900px_01-1024x1024.jpg\" alt=\"\">\n            <div class=\"gallery__image__description\">\n                In Ukraine, we are managing psychological and social assistance centres where the elderly can meet on a regular basis, talk to psychologists, get to know each other and make friends.            <\/div>\n        <\/div>\n\n      \n        <div class=\"gallery__image gallery__image--text grid-item gallery__image-color--pink \">\n            <img decoding=\"async\" src=\"https:\/\/www.pah.org.pl\/wp-content\/uploads\/2019\/12\/PAH_www_900x900px_02-1024x1024.jpg\" alt=\"\">\n            <div class=\"gallery__image__description\">\n                            <\/div>\n        <\/div>\n\n                    <div class=\"article__load-more__center load-more-gallery\">\n                <div class=\"article__load-more\">\n                  <span>Wczytaj<\/span>\n                  <div class=\"loader\">\n                    <span class=\"loader__hourglass\"><\/span>\n                    <span class=\"loader__background\"><\/span>\n                  <\/div>\n                  <span>wi\u0119cej<\/span>\n                <\/div>\n              <\/div>\n\t            \n            <\/div>\n          <\/div>\n\n        <\/div>\n\n        [\/vc_column][\/vc_row][vc_row][vc_column]        <h3 class=\"heading__secondary heading__secondary--blue\">WAR. MY HOME<\/h3>\n      <article>\n        <div class=\"article\">\n          <h4>Military conflicts, violence, human rights violations\u2026 Every day, they force millions of people to leave their homes and their lives behind!<\/h4>\n<p>In Iraq, over two million people cannot return to their homes yet because of the ongoing conflict. In most cases, they have nothing to return to. Their houses have been destroyed and the region remains dangerous. We are taking action right there on the spot to reach those who need help the most. We ensure them access to clean water and sanitary facilities, financial and legal support, professional courses and vocational trainings. All this helps families satisfy their daily needs and return to their normal lives.<\/p>\n<p>The military conflict in eastern Ukraine has been going on since 2014. It has done the greatest harm to the elderly who live near the front line, as they cannot afford to leave or have nowhere else to go. Their homes are no longer a place of safety. Many of them have lost their families. Deserted, frequently lonely, they live surrounded by the noise of nearby firefights. Apart from financial help, psychological assistance is crucial for them. We are managing psychological and social assistance centres where the elderly can meet on a regular basis, talk to psychologists, get to know each other and make friends.<\/p>\n<p>Home means family, a sense of safety and privacy, and leading your life with dignity on a daily basis. Armed conflicts deprive people of these everyday givens. Donate now and help us act! Thank you for your generosity.<\/p>\n<p>Although Iraq is mentioned less frequently in the context of war, its people have been left alone with the consequences of the conflict. Despite the official end to military operations, as many as two million Iraqis still cannot return to their homes. Half of them have been refugees for more than three years. Refugee camps are frequently far away from urban centres; their inhabitants live in isolation, unable to find any jobs. They are spending their lives on incessant waiting.<\/p>\n        <\/div>\n        <!-- <div class=\"article__load-more__center\">\n          <div class=\"article__load-more\">\n            <span>Wczytaj<\/span>wi\u0119cej\n            <div class=\"loader loader--is-active\">\n              <span class=\"loader__hourglass\"><\/span>\n              <span class=\"loader__background\"><\/span>\n            <\/div>\n          <\/div>\n        <\/div> -->\n      <\/article>\n      [\/vc_column][\/vc_row][vc_row full_width=&#8221;stretch_row_content_no_spaces&#8221; disable_element=&#8221;yes&#8221;][vc_column][vc_single_image image=&#8221;137&#8243; img_size=&#8221;full&#8221;][\/vc_column][\/vc_row][vc_row disable_element=&#8221;yes&#8221;][vc_column width=&#8221;1\/2&#8243;][vc_column_text]<\/p>\n<h3 class=\"downloads__heading\">Materia\u0142y<\/h3>\n<p class=\"downloads__heading--small\">Pobierz<\/p>\n<p>[\/vc_column_text][\/vc_column][vc_column width=&#8221;1\/2&#8243;]        <div class=\"downloads-container\">\n          <span class=\"red-line red-line--hide\"><\/span>\n            <div class=\"downloads closed\">\n\t            \n\t\t\t\t<div class=\"downloads__scroller closed\">\n\t\t\t\t\t\t\t\t\t<\/div>\n                \n\t            <!-- Load more btn -->\n\t            <div class=\"documents_unhide-all-btn hidden-sm-up\" >\n\t\t            <div class=\"article__load-more__center article__load-more--forms load-more-gallery\">\n\t\t\t            <div class=\"article__load-more\">\n\t\t\t\t            <span>Wczytaj<\/span>\n\t\t\t\t            <div class=\"loader\">\n\t\t\t\t\t            <span class=\"loader__hourglass\"><\/span>\n\t\t\t\t\t            <span class=\"loader__background\"><\/span>\n\t\t\t\t            <\/div>\n\t\t\t\t            <span>wi\u0119cej<\/span>\n\t\t\t            <\/div>\n\t\t            <\/div>\n\t            <\/div>\n\t            <!-- #Load more btn -->\n            \n            <\/div>\n\n        <\/div>\n\n        [\/vc_column][\/vc_row][vc_row disable_element=&#8221;yes&#8221;][vc_column]        <h3 class=\"heading__secondary heading__secondary--blue\">dowiedz si\u0119 wi\u0119cej<\/h3>\n          <div class=\"gradient-blocks gradient-blocks--slider\" id=\"color-carousel\">\n                  <a href=\"https:\/\/www.facebook.com\/PolskaAkcjaHumanitarna\/posts\/10155418675635308\" title=\"DAJ ZNAK WODNY NA FACEBOOKU\" class=\"gradient-blocks__block gradient-blocks__block--blue\" >\n        <div class=\"gradient-blocks__header\">\n          DAJ ZNAK WODNY NA FACEBOOKU        <\/div>\n        <hr class=\"gradient-blocks__hr\">\n        <span class=\"gradient-blocks__link\">WI\u0118CEJ<\/span>\n      <\/a>\n\n            <a href=\"https:\/\/www.youtube.com\/watch?v=BsbB5Y61y0o\" title=\"ZOBACZ NA YOUTUBE\" class=\"gradient-blocks__block gradient-blocks__block--blue\" >\n        <div class=\"gradient-blocks__header\">\n          ZOBACZ NA YOUTUBE        <\/div>\n        <hr class=\"gradient-blocks__hr\">\n        <span class=\"gradient-blocks__link\">WI\u0118CEJ<\/span>\n      <\/a>\n\n            <a href=\"\/somalia\/\" title=\"PAH W SOMALII\" class=\"gradient-blocks__block gradient-blocks__block--blue\" >\n        <div class=\"gradient-blocks__header\">\n          PAH W SOMALII        <\/div>\n        <hr class=\"gradient-blocks__hr\">\n        <span class=\"gradient-blocks__link\">WI\u0118CEJ<\/span>\n      <\/a>\n\n            <a href=\"\/sudan\/\" title=\"PAH W SUDANIE PO\u0141UDNIOWYM\" class=\"gradient-blocks__block gradient-blocks__block--blue\" >\n        <div class=\"gradient-blocks__header\">\n          PAH W SUDANIE PO\u0141UDNIOWYM        <\/div>\n        <hr class=\"gradient-blocks__hr\">\n        <span class=\"gradient-blocks__link\">WI\u0118CEJ<\/span>\n      <\/a>\n\n            <a href=\"\/co-robimy\/woda\/\" title=\"DOST\u0118P DO WODY\" class=\"gradient-blocks__block gradient-blocks__block--blue\" >\n        <div class=\"gradient-blocks__header\">\n          DOST\u0118P DO WODY        <\/div>\n        <hr class=\"gradient-blocks__hr\">\n        <span class=\"gradient-blocks__link\">WI\u0118CEJ<\/span>\n      <\/a>\n\n            <a href=\"https:\/\/twitter.com\/PAH_org\" title=\"\u015aLED\u0179 NA TWITTERZE\" class=\"gradient-blocks__block gradient-blocks__block--blue\" >\n        <div class=\"gradient-blocks__header\">\n          \u015aLED\u0179 NA TWITTERZE        <\/div>\n        <hr class=\"gradient-blocks__hr\">\n        <span class=\"gradient-blocks__link\">WI\u0118CEJ<\/span>\n      <\/a>\n\n                <\/div>\n          [\/vc_column][\/vc_row][vc_row full_width=&#8221;stretch_row_content_no_spaces&#8221; disable_element=&#8221;yes&#8221;][vc_column]\n<div class=\"article-slider__wrapper article-slider__wrapper--slick\">\n  <p>Brak artyku\u0142\u00f3w<\/p>\n\n<\/div>\n\n\n<!--\n<div>\n  <div class=\"article-slider\">\n    <div class=\"article-slider__image\">\n      <img decoding=\"async\" src=\"https:\/\/www.pah.org.pl\/wp-content\/themes\/pah\/resources\/assets\/images\/article-placeholder.png\" alt=\"\">\n    <\/div>\n    <div class=\"article-slider__content\">\n      <span class=\"article-slider__content__title\">\n          Lorem ipsum tytu\u0142\n      <\/span>\n      <p class=\"article-slider__content__bold\">Nunc id hendrerit nisi. Nunc porttitor ut elit a iaculis. Curabitur in sem pulvinar, fermentum arcu id, porttitor tellus. Aenean eu vehicula velit. Lorem ipsum dolor sit amet, consectetur adipiscing elit. Sed ultrices ipsum ex.\n      <div class=\"article-slider__content__regular\">\n          <p>Rzesze uchod\u017ac\u00f3w wewn\u0119trznych uciekaj\u0105cych przed tocz\u0105c\u0105 si\u0119 wojn\u0105 gromadz\u0105 si\u0119 w obozach przy wi\u0119kszych o\u015brodkach miejskich, w warunkach poni\u017cej jakichkolwiek przyj\u0119tych standard\u00f3w mieszkaniowych i sanitarnych.<br \/><br \/>do podstawowych szczepie\u0144.\n  Lorem ipsum dolor sit amet, consectetur adipiscing elit. Aenean justo augue, hendrerit sed libero vel, vulputate ornare dolor. Suspendisse est est, egestas vitae. <br \/><br \/> Lorem ipsum s dolor sit amet. Wschodniej cz\u0119\u015bci Afryki. W po\u0142udniowo-centralnej cz\u0119\u015bci kraju nie funkcjonuje system\n  edukacji, a dost\u0119p do opieki lekarskiej jest niezwykle ograniczony.<br \/><br \/> Vivamus sollicitudin porttitor massa in convallis. Aliquam erat volutpat. Quisque pulvinar non nunc scelerisque scelerisque. <\/p>\n      <\/div>\n      <div class=\"button-container button-container--full button-container--blue\">\n          <a class=\"button button-color button-color--blue\" href=\"#\">Wi\u0119cej<\/a>\n      <\/div>\n    <\/div>\n  <\/div>\n<\/div>\n-->\n[\/vc_column][\/vc_row]<\/p>\n<\/div>","protected":false},"excerpt":{"rendered":"<p>[vc_row][vc_column][\/vc_column][\/vc_row][vc_row full_width=&#8221;stretch_row_content_no_spaces&#8221;][vc_column][\/vc_column][\/vc_row][vc_row][vc_column][\/vc_column][\/vc_row][vc_row full_width=&#8221;stretch_row_content_no_spaces&#8221; disable_element=&#8221;yes&#8221;][vc_column][vc_single_image image=&#8221;137&#8243; img_size=&#8221;full&#8221;][\/vc_column][\/vc_row][vc_row disable_element=&#8221;yes&#8221;][vc_column width=&#8221;1\/2&#8243;][vc_column_text] Materia\u0142y Pobierz [\/vc_column_text][\/vc_column][vc_column width=&#8221;1\/2&#8243;][\/vc_column][\/vc_row][vc_row disable_element=&#8221;yes&#8221;][vc_column][\/vc_column][\/vc_row][vc_row full_width=&#8221;stretch_row_content_no_spaces&#8221; disable_element=&#8221;yes&#8221;][vc_column][\/vc_column][\/vc_row]<\/p>\n","protected":false},"author":1,"featured_media":0,"parent":0,"menu_order":0,"comment_status":"closed","ping_status":"closed","template":"","meta":{"xn-wppe-expiration":[],"xn-wppe-expiration-action":[],"xn-wppe-expiration-prefix":[],"footnotes":""},"class_list":["post-8864","page","type-page","status-publish","hentry"],"_links":{"self":[{"href":"https:\/\/www.pah.org.pl\/en\/wp-json\/wp\/v2\/pages\/8864"}],"collection":[{"href":"https:\/\/www.pah.org.pl\/en\/wp-json\/wp\/v2\/pages"}],"about":[{"href":"https:\/\/www.pah.org.pl\/en\/wp-json\/wp\/v2\/types\/page"}],"author":[{"embeddable":true,"href":"https:\/\/www.pah.org.pl\/en\/wp-json\/wp\/v2\/users\/1"}],"replies":[{"embeddable":true,"href":"https:\/\/www.pah.org.pl\/en\/wp-json\/wp\/v2\/comments?post=8864"}],"version-history":[{"count":10,"href":"https:\/\/www.pah.org.pl\/en\/wp-json\/wp\/v2\/pages\/8864\/revisions"}],"predecessor-version":[{"id":8914,"href":"https:\/\/www.pah.org.pl\/en\/wp-json\/wp\/v2\/pages\/8864\/revisions\/8914"}],"wp:attachment":[{"href":"https:\/\/www.pah.org.pl\/en\/wp-json\/wp\/v2\/media?parent=8864"}],"curies":[{"name":"wp","href":"https:\/\/api.w.org\/{rel}","templated":true}]}}