      {"id":9597,"date":"2020-03-19T12:58:40","date_gmt":"2020-03-19T12:58:40","guid":{"rendered":"https:\/\/www.pah.org.pl\/?page_id=9597\/"},"modified":"2020-04-14T13:06:24","modified_gmt":"2020-04-14T13:06:24","slug":"coronavirus","status":"publish","type":"page","link":"https:\/\/www.pah.org.pl\/en\/coronavirus\/","title":{"rendered":"Coronavirus"},"content":{"rendered":"<div class=\"wpb-content-wrapper\"><p>[vc_row][vc_column][vc_column_text]<\/p>\n<p>[\/vc_column_text][\/vc_column][\/vc_row][vc_row][vc_column]        <h2 class=\"heading__main  heading__main--right heading__main--red\">Coronavirus<a class=\"heading__main-button \" href=\"https:\/\/www.pah.org.pl\/en\/donate\/?form=coronavirus\">donate<\/a><\/h2>\n[\/vc_column][\/vc_row][vc_row full_width=&#8221;stretch_row_content_no_spaces&#8221;][vc_column]\n        <div class=\"gallery gallery\">\n\n          <div class=\"gallery__wrapper\">\n            <div class=\"gallery__check-width grid\">\n\n                \n        <div class=\"gallery__image gallery__image--text grid-item gallery__image-color--red gallery__image--high\">\n            <img decoding=\"async\" src=\"https:\/\/www.pah.org.pl\/wp-content\/uploads\/2020\/03\/strona4-1024x683.jpg\" alt=\"\">\n            <div class=\"gallery__image__description\">\n                We train hygiene educators who are subsequently engaged in promoting effective methods for practicing good personal hygiene and disease prevention among the local communities. Phot. PAH, Somalia 2019            <\/div>\n        <\/div>\n\n      \n        <div class=\"gallery__image gallery__image--text grid-item gallery__image-color--red gallery__image--high\">\n            <img decoding=\"async\" src=\"https:\/\/www.pah.org.pl\/wp-content\/uploads\/2020\/03\/71759392_10156661145575308_6307657093381881856_o-1024x683.jpg\" alt=\"\">\n            <div class=\"gallery__image__description\">\n                In Ukraine 30% of people in need are the elderly. People aged 65 years and older are at higher risk for severe illness from COVID-19. Phot. Karol Grygoruk, Ukriane 2019            <\/div>\n        <\/div>\n\n      \n        <div class=\"gallery__image gallery__image--text grid-item gallery__image-color--red \">\n            <img decoding=\"async\" src=\"https:\/\/www.pah.org.pl\/wp-content\/uploads\/2020\/03\/75362234_10156821672925308_5045435208032059392_o-1024x683.jpg\" alt=\"\">\n            <div class=\"gallery__image__description\">\n                In the village of Imram PAH provides support of a health facility, partly destroyed by bombing. Phot. PAH, Yemen 2019            <\/div>\n        <\/div>\n\n      \n        <div class=\"gallery__image gallery__image--text grid-item gallery__image-color--red \">\n            <img decoding=\"async\" src=\"https:\/\/www.pah.org.pl\/wp-content\/uploads\/2020\/03\/strona6.jpg\" alt=\"\">\n            <div class=\"gallery__image__description\">\n                Reconstruction of the water and sewage network in Mosul. Phot. PAH, Iraq 2020            <\/div>\n        <\/div>\n\n      \n        <div class=\"gallery__image gallery__image--text grid-item gallery__image-color--red gallery__image--high\">\n            <img decoding=\"async\" src=\"https:\/\/www.pah.org.pl\/wp-content\/uploads\/2020\/03\/strona1-2-1024x683.jpg\" alt=\"\">\n            <div class=\"gallery__image__description\">\n                Soap distribution in Somalia. Phot. PAH, Somalia 2020            <\/div>\n        <\/div>\n\n                    <div class=\"article__load-more__center load-more-gallery\">\n                <div class=\"article__load-more\">\n                  <span>Wczytaj<\/span>\n                  <div class=\"loader\">\n                    <span class=\"loader__hourglass\"><\/span>\n                    <span class=\"loader__background\"><\/span>\n                  <\/div>\n                  <span>wi\u0119cej<\/span>\n                <\/div>\n              <\/div>\n\t            \n            <\/div>\n          <\/div>\n\n        <\/div>\n\n        [\/vc_column][\/vc_row][vc_row][vc_column]        <h3 class=\"heading__secondary heading__secondary--red\">Coronavirus<\/h3>\n      <article>\n        <div class=\"article\">\n          <p>Polish Humanitarian Action is intensifying its activities related to the prevention of the spread of the coronavirus. In the countries where we provide our assistance, we are adapting and expanding our aid programmes in order to effectively support the people who are particularly vulnerable to the infection. Improving access to water and hygiene products, providing additional hygiene trainings and education about the coronavirus as well as protecting the elderly are some of the actions undertaken by PAH in response to the global pandemic.<\/p>\n<p><strong>WHAT WE DO<\/strong><\/p>\n<p><strong>Ukraine<\/strong><\/p>\n<p>In Ukraine, the elderly living near the front line are particularly vulnerable. Almost all of them struggle with chronic diseases which means that becoming infected with the coronavirus could be fatal for them. In this situation, the most important thing is to minimize social contacts, therefore our assistance will be provided directly to the homes of those in need, while adhering to all safety measures. The seniors will receive, among other things, food parcels and hygiene products.<\/p>\n<p><strong>Somalia<\/strong><\/p>\n<p>In Somalia, large numbers of people struggle to access clean water. Many of them live in the camps for internally displaced persons where quarantine is not possible, therefore prevention is extremely important. Our local mission has already organized first large distribution of personal hygiene products. In connection with the pandemic, hygiene trainings will be provided on a larger scale and access to water will be further improved.<\/p>\n<p><strong>South Sudan<\/strong><\/p>\n<p>In South Sudan, we operate in the camps for internally displaced persons.\u00a0 Our activities include providing of hand washing facilities and soaps. We will also distribute posters with information on how to prevent the spread of coronavirus and conducting hygiene promotion trainings.<\/p>\n<p><strong>Yemen<\/strong><\/p>\n<p>In Yemen, we have rebuilt and equipped a local clinic, which now has access to safe water, medicines, medical supplies and laboratory equipment. Thanks to our support, this health facility employs doctors and nurses. As a first stage of the response to the pandemic, the clinic\u2019s staff will be provided with protective masks and gloves, and we will also conduct educational activities for the local community.<\/p>\n<p><strong>Iraq<\/strong><\/p>\n<p>In Iraq, our plans focus especially on intensifying hygiene trainings in the camps for internally displaced persons.<\/p>\n<p><strong>Refugees in Greece<\/strong><\/p>\n<p>Overcrowding and lack of access to clean water, hygiene products and medical care make the residents of the refugee camps in southern Greece particularly vulnerable to the coronavirus pandemic. Together with a local partner, we are active in the Moria camp, which currently accommodates almost 20,000 people. Our assistance includes installing hand washing facilities, equipping local clinic with masks and disposable gloves, and providing hygiene products to those most in need. We will also conduct hygiene trainings and an awareness campaign on preventing the spread of the coronavirus.<\/p>\n<p>Polish Humanitarian Action, just like other organizations, is currently facing the same challenges as ordinary citizens. The problems with transport, supplies and access to the people we assist mean that we have to modify our programmes and adapt to the locally imposed restrictions. In this difficult time, we are working even harder. The assistance provided by PAH is particularly important during the ongoing pandemic since we specialise in water, sanitation and hygiene activities, i.e. those areas that are directly responsible for disease prevention. Today, we are asking especially for support to our actions, because the coronavirus knows no borders and we must show solidarity with those who are particularly vulnerable to the infection.<\/p>\n        <\/div>\n        <!-- <div class=\"article__load-more__center\">\n          <div class=\"article__load-more\">\n            <span>Wczytaj<\/span>wi\u0119cej\n            <div class=\"loader loader--is-active\">\n              <span class=\"loader__hourglass\"><\/span>\n              <span class=\"loader__background\"><\/span>\n            <\/div>\n          <\/div>\n        <\/div> -->\n      <\/article>\n              <div class=\"button-container button-container--full button-container--red\">\n            <a class=\"button button-color button-color--red\" href=\"https:\/\/www.pah.org.pl\/en\/donate\/?form=coronavirus\">donate<\/a>\n        <\/div>[\/vc_column][\/vc_row][vc_row full_width=&#8221;stretch_row_content_no_spaces&#8221; disable_element=&#8221;yes&#8221;][vc_column][vc_single_image image=&#8221;137&#8243; img_size=&#8221;full&#8221;][\/vc_column][\/vc_row][vc_row disable_element=&#8221;yes&#8221;][vc_column width=&#8221;1\/2&#8243;][vc_column_text]<\/p>\n<h3 class=\"downloads__heading\">Materia\u0142y<\/h3>\n<p class=\"downloads__heading--small\">Pobierz<\/p>\n<p>[\/vc_column_text][\/vc_column][vc_column width=&#8221;1\/2&#8243;]        <div class=\"downloads-container\">\n          <span class=\"red-line red-line--hide\"><\/span>\n            <div class=\"downloads closed\">\n\t            \n\t\t\t\t<div class=\"downloads__scroller closed\">\n\t\t\t\t\t\t\t\t\t<\/div>\n                \n\t            <!-- Load more btn -->\n\t            <div class=\"documents_unhide-all-btn hidden-sm-up\" >\n\t\t            <div class=\"article__load-more__center article__load-more--forms load-more-gallery\">\n\t\t\t            <div class=\"article__load-more\">\n\t\t\t\t            <span>Wczytaj<\/span>\n\t\t\t\t            <div class=\"loader\">\n\t\t\t\t\t            <span class=\"loader__hourglass\"><\/span>\n\t\t\t\t\t            <span class=\"loader__background\"><\/span>\n\t\t\t\t            <\/div>\n\t\t\t\t            <span>wi\u0119cej<\/span>\n\t\t\t            <\/div>\n\t\t            <\/div>\n\t            <\/div>\n\t            <!-- #Load more btn -->\n            \n            <\/div>\n\n        <\/div>\n\n        [\/vc_column][\/vc_row][vc_row full_width=&#8221;stretch_row_content_no_spaces&#8221; disable_element=&#8221;yes&#8221;][vc_column]\n<div class=\"article-slider__wrapper article-slider__wrapper--slick\">\n  <p>Brak artyku\u0142\u00f3w<\/p>\n\n<\/div>\n\n\n<!--\n<div>\n  <div class=\"article-slider\">\n    <div class=\"article-slider__image\">\n      <img decoding=\"async\" src=\"https:\/\/www.pah.org.pl\/wp-content\/themes\/pah\/resources\/assets\/images\/article-placeholder.png\" alt=\"\">\n    <\/div>\n    <div class=\"article-slider__content\">\n      <span class=\"article-slider__content__title\">\n          Lorem ipsum tytu\u0142\n      <\/span>\n      <p class=\"article-slider__content__bold\">Nunc id hendrerit nisi. Nunc porttitor ut elit a iaculis. Curabitur in sem pulvinar, fermentum arcu id, porttitor tellus. Aenean eu vehicula velit. Lorem ipsum dolor sit amet, consectetur adipiscing elit. Sed ultrices ipsum ex.\n      <div class=\"article-slider__content__regular\">\n          <p>Rzesze uchod\u017ac\u00f3w wewn\u0119trznych uciekaj\u0105cych przed tocz\u0105c\u0105 si\u0119 wojn\u0105 gromadz\u0105 si\u0119 w obozach przy wi\u0119kszych o\u015brodkach miejskich, w warunkach poni\u017cej jakichkolwiek przyj\u0119tych standard\u00f3w mieszkaniowych i sanitarnych.<br \/><br \/>do podstawowych szczepie\u0144.\n  Lorem ipsum dolor sit amet, consectetur adipiscing elit. Aenean justo augue, hendrerit sed libero vel, vulputate ornare dolor. Suspendisse est est, egestas vitae. <br \/><br \/> Lorem ipsum s dolor sit amet. Wschodniej cz\u0119\u015bci Afryki. W po\u0142udniowo-centralnej cz\u0119\u015bci kraju nie funkcjonuje system\n  edukacji, a dost\u0119p do opieki lekarskiej jest niezwykle ograniczony.<br \/><br \/> Vivamus sollicitudin porttitor massa in convallis. Aliquam erat volutpat. Quisque pulvinar non nunc scelerisque scelerisque. <\/p>\n      <\/div>\n      <div class=\"button-container button-container--full button-container--blue\">\n          <a class=\"button button-color button-color--blue\" href=\"#\">Wi\u0119cej<\/a>\n      <\/div>\n    <\/div>\n  <\/div>\n<\/div>\n-->\n[\/vc_column][\/vc_row]<\/p>\n<\/div>","protected":false},"excerpt":{"rendered":"<p>[vc_row][vc_column][vc_column_text] [\/vc_column_text][\/vc_column][\/vc_row][vc_row][vc_column][\/vc_column][\/vc_row][vc_row full_width=&#8221;stretch_row_content_no_spaces&#8221;][vc_column][\/vc_column][\/vc_row][vc_row][vc_column][\/vc_column][\/vc_row][vc_row full_width=&#8221;stretch_row_content_no_spaces&#8221; disable_element=&#8221;yes&#8221;][vc_column][vc_single_image image=&#8221;137&#8243; img_size=&#8221;full&#8221;][\/vc_column][\/vc_row][vc_row disable_element=&#8221;yes&#8221;][vc_column width=&#8221;1\/2&#8243;][vc_column_text] Materia\u0142y Pobierz [\/vc_column_text][\/vc_column][vc_column width=&#8221;1\/2&#8243;][\/vc_column][\/vc_row][vc_row full_width=&#8221;stretch_row_content_no_spaces&#8221; disable_element=&#8221;yes&#8221;][vc_column][\/vc_column][\/vc_row]<\/p>\n","protected":false},"author":1,"featured_media":9657,"parent":0,"menu_order":0,"comment_status":"closed","ping_status":"closed","template":"","meta":{"xn-wppe-expiration":[],"xn-wppe-expiration-action":[],"xn-wppe-expiration-prefix":[],"footnotes":""},"class_list":["post-9597","page","type-page","status-publish","has-post-thumbnail","hentry"],"_links":{"self":[{"href":"https:\/\/www.pah.org.pl\/en\/wp-json\/wp\/v2\/pages\/9597"}],"collection":[{"href":"https:\/\/www.pah.org.pl\/en\/wp-json\/wp\/v2\/pages"}],"about":[{"href":"https:\/\/www.pah.org.pl\/en\/wp-json\/wp\/v2\/types\/page"}],"author":[{"embeddable":true,"href":"https:\/\/www.pah.org.pl\/en\/wp-json\/wp\/v2\/users\/1"}],"replies":[{"embeddable":true,"href":"https:\/\/www.pah.org.pl\/en\/wp-json\/wp\/v2\/comments?post=9597"}],"version-history":[{"count":20,"href":"https:\/\/www.pah.org.pl\/en\/wp-json\/wp\/v2\/pages\/9597\/revisions"}],"predecessor-version":[{"id":9707,"href":"https:\/\/www.pah.org.pl\/en\/wp-json\/wp\/v2\/pages\/9597\/revisions\/9707"}],"wp:featuredmedia":[{"embeddable":true,"href":"https:\/\/www.pah.org.pl\/en\/wp-json\/wp\/v2\/media\/9657"}],"wp:attachment":[{"href":"https:\/\/www.pah.org.pl\/en\/wp-json\/wp\/v2\/media?parent=9597"}],"curies":[{"name":"wp","href":"https:\/\/api.w.org\/{rel}","templated":true}]}}